{"id":1601,"date":"2022-07-19T13:00:26","date_gmt":"2022-07-19T13:00:26","guid":{"rendered":"https:\/\/nissantravelguide.com\/stockholm\/artipelag\/"},"modified":"2022-12-13T11:41:56","modified_gmt":"2022-12-13T11:41:56","slug":"artipelag","status":"publish","type":"page","link":"https:\/\/nissantravelguide.com\/de\/stockholm\/artipelag\/","title":{"rendered":"Artipelag"},"content":{"rendered":"<p class=\"p1\">Das Artipelag liegt inmitten der h\u00fcbschen Kiefern des idyllischen Stockholmer Archipels und ist eine der beliebtesten Anlaufstellen der Stadt f\u00fcr Kunst, Kultur, Unterhaltung, Design und ein Restaurant am Wasser. Nur 30 Minuten vom Stadtzentrum entfernt, liegen hier, mitten im Gr\u00fcnen, Galerien, die das Konzept der Zeit verschwimmen lassen, indem Sie klassische und moderne Kunst miteinander verbinden. Dar\u00fcber hinaus gliedert sich an die Galerien ein hauseigener Designshop an. Unbedingt empfehlenswert ist ein Zwischenstopp im Restaurant oder Caf\u00e9 auf dem Weg, um den atemberaubenden Blick auf den Archipel zu genie\u00dfen. F\u00fcr die Ausstellungen ben\u00f6tigen Sie \u00fcbrigens ein Ticket, aber den umliegenden Park und die \u00fcppigen Naturpfade k\u00f6nnen Sie kostenlos erkunden.<\/p>\n","protected":false},"excerpt":{"rendered":"<p>Das Artipelag liegt inmitten der h\u00fcbschen Kiefern des idyllischen Stockholmer Archipels und ist eine der beliebtesten Anlaufstellen der Stadt f\u00fcr Kunst, Kultur, Unterhaltung, Design und ein Restaurant am Wasser. Nur 30 Minuten vom Stadtzentrum entfernt, liegen hier, mitten im Gr\u00fcnen, Galerien, die das Konzept der Zeit verschwimmen lassen, indem Sie klassische und moderne Kunst miteinander [&hellip;]<\/p>\n","protected":false},"author":1,"featured_media":1544,"parent":469,"menu_order":0,"comment_status":"closed","ping_status":"closed","template":"tpl-location.php","meta":{"_acf_changed":false,"footnotes":""},"acf":{"address":"Artipelagstigen 1, 134 40 Gustavsberg, Sweden","location_type":"interest","map_link":"https:\/\/www.google.com\/maps\/place\/Artipelag\/@59.306666,18.3467809,17z\/data=!3m1!4b1!4m5!3m4!1s0x465f8037034df0b5:0x3d60505b1f033910!8m2!3d59.306666!4d18.3467809","trip_advisor":"https:\/\/www.tripadvisor.co.uk\/Attraction_Review-g1954008-d3471548-Reviews-Artipelag-Gustavsberg.html","coordinates":{"latitude":"59.306666","longitude":"18.3467809"},"charging_stations":null},"aioseo_notices":[],"_links":{"self":[{"href":"https:\/\/nissantravelguide.com\/de\/wp-json\/wp\/v2\/pages\/1601"}],"collection":[{"href":"https:\/\/nissantravelguide.com\/de\/wp-json\/wp\/v2\/pages"}],"about":[{"href":"https:\/\/nissantravelguide.com\/de\/wp-json\/wp\/v2\/types\/page"}],"author":[{"embeddable":true,"href":"https:\/\/nissantravelguide.com\/de\/wp-json\/wp\/v2\/users\/1"}],"replies":[{"embeddable":true,"href":"https:\/\/nissantravelguide.com\/de\/wp-json\/wp\/v2\/comments?post=1601"}],"version-history":[{"count":1,"href":"https:\/\/nissantravelguide.com\/de\/wp-json\/wp\/v2\/pages\/1601\/revisions"}],"predecessor-version":[{"id":4392,"href":"https:\/\/nissantravelguide.com\/de\/wp-json\/wp\/v2\/pages\/1601\/revisions\/4392"}],"up":[{"embeddable":true,"href":"https:\/\/nissantravelguide.com\/de\/wp-json\/wp\/v2\/pages\/469"}],"wp:featuredmedia":[{"embeddable":true,"href":"https:\/\/nissantravelguide.com\/de\/wp-json\/wp\/v2\/media\/1544"}],"wp:attachment":[{"href":"https:\/\/nissantravelguide.com\/de\/wp-json\/wp\/v2\/media?parent=1601"}],"curies":[{"name":"wp","href":"https:\/\/api.w.org\/{rel}","templated":true}]}}