{"id":3854,"date":"2022-12-12T08:06:45","date_gmt":"2022-12-12T08:06:45","guid":{"rendered":"https:\/\/nissantravelguide.com\/bratislava\/zochova-chata\/"},"modified":"2022-12-12T08:06:45","modified_gmt":"2022-12-12T08:06:45","slug":"zochova-chata","status":"publish","type":"page","link":"https:\/\/nissantravelguide.com\/de\/bratislava\/zochova-chata\/","title":{"rendered":"Zochova Chata"},"content":{"rendered":"<p>Nur eine kurze Autofahrt von der Hektik Bratislavas entfernt liegt das Hotel\u00a0Zochova\u00a0Chata, eine Oase der Ruhe inmitten \u00fcppiger Buchenw\u00e4lder. In der N\u00e4he des Winzerdorfs Modra gelegen, kann man von hier aus auch die Kleine Karpatenweinstra\u00dfe erleben\u00a0\u2013 mit lokalen Weinen, atemberaubenden Landschaften und vielf\u00e4ltigen kulinarischen Gen\u00fcssen.<\/p>\n","protected":false},"excerpt":{"rendered":"<p>Nur eine kurze Autofahrt von der Hektik Bratislavas entfernt liegt das Hotel\u00a0Zochova\u00a0Chata, eine Oase der Ruhe inmitten \u00fcppiger Buchenw\u00e4lder. In der N\u00e4he des Winzerdorfs Modra gelegen, kann man von hier aus auch die Kleine Karpatenweinstra\u00dfe erleben\u00a0\u2013 mit lokalen Weinen, atemberaubenden Landschaften und vielf\u00e4ltigen kulinarischen Gen\u00fcssen.<\/p>\n","protected":false},"author":1,"featured_media":3058,"parent":2874,"menu_order":0,"comment_status":"closed","ping_status":"closed","template":"tpl-location.php","meta":{"_acf_changed":false,"footnotes":""},"acf":{"address":"Piesok 4015\/B7, 900 01 Modra, Slovensko","location_type":"hotel","map_link":"https:\/\/www.google.com\/maps\/place\/Zochova+chata\/@48.381606,17.277845,12z\/data=!4m8!3m7!1s0x0:0x7e06b040e7d98c2d!5m2!4m1!1i2!8m2!3d48.3816166!4d17.277812?hl=sk","trip_advisor":"https:\/\/www.tripadvisor.com\/Hotel_Review-g19093967-d2315159-Reviews-Hotel_Zochova_Chata-Piesok_Bratislava_Region.html","coordinates":{"latitude":"48.381606","longitude":"17.277845"},"charging_stations":[{"charging_station":"Type 2 11kW: Deep 29 (28.1km \/ 31 min)"}]},"aioseo_notices":[],"_links":{"self":[{"href":"https:\/\/nissantravelguide.com\/de\/wp-json\/wp\/v2\/pages\/3854"}],"collection":[{"href":"https:\/\/nissantravelguide.com\/de\/wp-json\/wp\/v2\/pages"}],"about":[{"href":"https:\/\/nissantravelguide.com\/de\/wp-json\/wp\/v2\/types\/page"}],"author":[{"embeddable":true,"href":"https:\/\/nissantravelguide.com\/de\/wp-json\/wp\/v2\/users\/1"}],"replies":[{"embeddable":true,"href":"https:\/\/nissantravelguide.com\/de\/wp-json\/wp\/v2\/comments?post=3854"}],"version-history":[{"count":0,"href":"https:\/\/nissantravelguide.com\/de\/wp-json\/wp\/v2\/pages\/3854\/revisions"}],"up":[{"embeddable":true,"href":"https:\/\/nissantravelguide.com\/de\/wp-json\/wp\/v2\/pages\/2874"}],"wp:featuredmedia":[{"embeddable":true,"href":"https:\/\/nissantravelguide.com\/de\/wp-json\/wp\/v2\/media\/3058"}],"wp:attachment":[{"href":"https:\/\/nissantravelguide.com\/de\/wp-json\/wp\/v2\/media?parent=3854"}],"curies":[{"name":"wp","href":"https:\/\/api.w.org\/{rel}","templated":true}]}}