{"id":3855,"date":"2022-12-12T08:07:38","date_gmt":"2022-12-12T08:07:38","guid":{"rendered":"https:\/\/nissantravelguide.com\/bratislava\/restauracia-sluk\/"},"modified":"2022-12-12T08:07:38","modified_gmt":"2022-12-12T08:07:38","slug":"restauracia-sluk","status":"publish","type":"page","link":"https:\/\/nissantravelguide.com\/de\/bratislava\/restauracia-sluk\/","title":{"rendered":"Re\u0161taur\u00e1cia S\u013dUK"},"content":{"rendered":"<p>Lust auf traditionelle slowakische K\u00fcche und Unterhaltung? Dann ist das Re\u0161taur\u00e1cia\u00a0SL\u2019UK genau die richtige Adresse. Auf dem Schlossgel\u00e4nde\u00a0Rusovce k\u00f6nnen Sie nicht nur in einem eleganten Schlossrestaurant speisen, sondern gleichzeitig slowakische Folkloret\u00e4nze miterleben. Re\u0161taur\u00e1cia\u00a0SL\u2019UK bietet eine Mischung aus lokalen und internationalen Gerichten und ist eine gute Wahl f\u00fcr alle, die einen authentischen Eindruck von Bratislava erhalten m\u00f6chten.<\/p>\n","protected":false},"excerpt":{"rendered":"<p>Lust auf traditionelle slowakische K\u00fcche und Unterhaltung? Dann ist das Re\u0161taur\u00e1cia\u00a0SL\u2019UK genau die richtige Adresse. Auf dem Schlossgel\u00e4nde\u00a0Rusovce k\u00f6nnen Sie nicht nur in einem eleganten Schlossrestaurant speisen, sondern gleichzeitig slowakische Folkloret\u00e4nze miterleben. Re\u0161taur\u00e1cia\u00a0SL\u2019UK bietet eine Mischung aus lokalen und internationalen Gerichten und ist eine gute Wahl f\u00fcr alle, die einen authentischen Eindruck von Bratislava erhalten [&hellip;]<\/p>\n","protected":false},"author":1,"featured_media":2999,"parent":2874,"menu_order":0,"comment_status":"closed","ping_status":"closed","template":"tpl-location.php","meta":{"_acf_changed":false,"footnotes":""},"acf":{"address":"Ma\u010farsk\u00e1 31, 851 10 Rusovce, Slovakia","location_type":"restaurant","map_link":"https:\/\/www.google.com\/maps\/place\/S%C4%BDUK+Restaurant\/@48.0531528,17.0186944,12z\/data=!4m9!1m2!2m1!1zcmXFoXRhdXLDoWNpYSBzxL51ayB0cmlwYWR2aXNvcg!3m5!1s0x476c62ca62eac959:0x222090fbf3506378!8m2!3d48.0536034!4d17.1500503!15sCh9yZcWhdGF1csOhY2lhIHPEvnVrIHRyaXBhZHZpc29yWiEiH3JlxaF0YXVyw6FjaWEgc8S-dWsgdHJpcGFkdmlzb3KSAQpyZXN0YXVyYW504AEA","trip_advisor":"https:\/\/www.tripadvisor.com\/Restaurant_Review-g274924-d1115449-Reviews-SLUK_Restaurant-Bratislava_Bratislava_Region.html","coordinates":{"latitude":"48.0531528","longitude":"17.0186944"},"charging_stations":[{"charging_station":"Type 2 11kW: Hauptplatz 31 (8.3km \/ 12 min) "}]},"aioseo_notices":[],"_links":{"self":[{"href":"https:\/\/nissantravelguide.com\/de\/wp-json\/wp\/v2\/pages\/3855"}],"collection":[{"href":"https:\/\/nissantravelguide.com\/de\/wp-json\/wp\/v2\/pages"}],"about":[{"href":"https:\/\/nissantravelguide.com\/de\/wp-json\/wp\/v2\/types\/page"}],"author":[{"embeddable":true,"href":"https:\/\/nissantravelguide.com\/de\/wp-json\/wp\/v2\/users\/1"}],"replies":[{"embeddable":true,"href":"https:\/\/nissantravelguide.com\/de\/wp-json\/wp\/v2\/comments?post=3855"}],"version-history":[{"count":0,"href":"https:\/\/nissantravelguide.com\/de\/wp-json\/wp\/v2\/pages\/3855\/revisions"}],"up":[{"embeddable":true,"href":"https:\/\/nissantravelguide.com\/de\/wp-json\/wp\/v2\/pages\/2874"}],"wp:featuredmedia":[{"embeddable":true,"href":"https:\/\/nissantravelguide.com\/de\/wp-json\/wp\/v2\/media\/2999"}],"wp:attachment":[{"href":"https:\/\/nissantravelguide.com\/de\/wp-json\/wp\/v2\/media?parent=3855"}],"curies":[{"name":"wp","href":"https:\/\/api.w.org\/{rel}","templated":true}]}}