{"id":3857,"date":"2022-12-12T08:08:29","date_gmt":"2022-12-12T08:08:29","guid":{"rendered":"https:\/\/nissantravelguide.com\/bratislava\/ufo\/"},"modified":"2022-12-12T08:08:29","modified_gmt":"2022-12-12T08:08:29","slug":"ufo","status":"publish","type":"page","link":"https:\/\/nissantravelguide.com\/de\/bratislava\/ufo\/","title":{"rendered":"UFO"},"content":{"rendered":"<p>In einem gigantischen UFO zu Mittag oder zu Abend essen und dabei einen weiten Panoramablick \u00fcber Bratislava genie\u00dfen \u2013 das ist genau die Art von einzigartigem und unvergesslichem Erlebnis, das sich Ihnen auf der ber\u00fchmten SNP-Br\u00fccke bietet. Dabei genie\u00dfen Sie eine Mischung aus mediterraner und asiatischer K\u00fcche. Die Inneneinrichtung ist bewusst minimalistisch gehalten, damit Sie sich auf die atemberaubende Aussicht konzentrieren k\u00f6nnen\u00a0\u2013 vor allem nachts, wenn Sie unter dem Sternenhimmel speisen k\u00f6nnen.<\/p>\n","protected":false},"excerpt":{"rendered":"<p>In einem gigantischen UFO zu Mittag oder zu Abend essen und dabei einen weiten Panoramablick \u00fcber Bratislava genie\u00dfen \u2013 das ist genau die Art von einzigartigem und unvergesslichem Erlebnis, das sich Ihnen auf der ber\u00fchmten SNP-Br\u00fccke bietet. Dabei genie\u00dfen Sie eine Mischung aus mediterraner und asiatischer K\u00fcche. Die Inneneinrichtung ist bewusst minimalistisch gehalten, damit Sie [&hellip;]<\/p>\n","protected":false},"author":1,"featured_media":3053,"parent":2874,"menu_order":0,"comment_status":"closed","ping_status":"closed","template":"tpl-location.php","meta":{"_acf_changed":false,"footnotes":""},"acf":{"address":"Most SNP 1, 851 01 Petr\u017ealka, Slovakia","location_type":"restaurant","map_link":"https:\/\/www.google.com\/maps\/place\/UFO\/@48.1365156,17.1023245,17z\/data=!4m13!1m7!3m6!1s0x476c89662a3c4537:0x5c43175bf221189b!2sMost+SNP,+Petr%C5%BEalka,+Slovakia!3b1!8m2!3d48.136512!4d17.1045185!3m4!1s0x476c89689cfbbd2d:0xf618d269deefd75!8m2!3d48.1366422!4d17.1046613","trip_advisor":"https:\/\/www.tripadvisor.co.uk\/Restaurant_Review-g274924-d697355-Reviews-UFO_Restauracia-Bratislava_Bratislava_Region.html","coordinates":{"latitude":"48.1365156","longitude":"17.1023245"},"charging_stations":[{"charging_station":"Type 2 43kW: Kaufland, Trnavska Cesta (7.3km \/ 13 min)"}]},"aioseo_notices":[],"_links":{"self":[{"href":"https:\/\/nissantravelguide.com\/de\/wp-json\/wp\/v2\/pages\/3857"}],"collection":[{"href":"https:\/\/nissantravelguide.com\/de\/wp-json\/wp\/v2\/pages"}],"about":[{"href":"https:\/\/nissantravelguide.com\/de\/wp-json\/wp\/v2\/types\/page"}],"author":[{"embeddable":true,"href":"https:\/\/nissantravelguide.com\/de\/wp-json\/wp\/v2\/users\/1"}],"replies":[{"embeddable":true,"href":"https:\/\/nissantravelguide.com\/de\/wp-json\/wp\/v2\/comments?post=3857"}],"version-history":[{"count":0,"href":"https:\/\/nissantravelguide.com\/de\/wp-json\/wp\/v2\/pages\/3857\/revisions"}],"up":[{"embeddable":true,"href":"https:\/\/nissantravelguide.com\/de\/wp-json\/wp\/v2\/pages\/2874"}],"wp:featuredmedia":[{"embeddable":true,"href":"https:\/\/nissantravelguide.com\/de\/wp-json\/wp\/v2\/media\/3053"}],"wp:attachment":[{"href":"https:\/\/nissantravelguide.com\/de\/wp-json\/wp\/v2\/media?parent=3857"}],"curies":[{"name":"wp","href":"https:\/\/api.w.org\/{rel}","templated":true}]}}