{"id":3858,"date":"2022-12-12T08:08:47","date_gmt":"2022-12-12T08:08:47","guid":{"rendered":"https:\/\/nissantravelguide.com\/bratislava\/slovak-pub\/"},"modified":"2022-12-12T08:08:47","modified_gmt":"2022-12-12T08:08:47","slug":"slovak-pub","status":"publish","type":"page","link":"https:\/\/nissantravelguide.com\/de\/bratislava\/slovak-pub\/","title":{"rendered":"Slovak Pub"},"content":{"rendered":"<p>Das Slovak\u00a0Pub ist nicht nur das gr\u00f6\u00dfte Pub in Bratislava, sondern auch eines der beliebtesten. Genie\u00dfen Sie die einzigartige Atmosph\u00e4re! Jedes der 11\u00a0Zimmer erinnert an eine bestimmte Epoche der slowakischen Geschichte\u00a0\u2013 von der 200\u00a0Jahre alten Hirtenh\u00fctte bis zum Saal der Pribina-Ritter. Dar\u00fcber hinaus k\u00f6nnen Sie sich an reichhaltigen lokalen K\u00f6stlichkeiten und Backwaren erfreuen, die mit den frischesten Zutaten aus dem hauseigenen Bio-Bauernhof zubereitet werden. Und vers\u00e4umen Sie es nicht, Ihr Gericht mit einem Getr\u00e4nk aus der hauseigenen Brauerei zu begleiten.<\/p>\n","protected":false},"excerpt":{"rendered":"<p>Das Slovak\u00a0Pub ist nicht nur das gr\u00f6\u00dfte Pub in Bratislava, sondern auch eines der beliebtesten. Genie\u00dfen Sie die einzigartige Atmosph\u00e4re! Jedes der 11\u00a0Zimmer erinnert an eine bestimmte Epoche der slowakischen Geschichte\u00a0\u2013 von der 200\u00a0Jahre alten Hirtenh\u00fctte bis zum Saal der Pribina-Ritter. Dar\u00fcber hinaus k\u00f6nnen Sie sich an reichhaltigen lokalen K\u00f6stlichkeiten und Backwaren erfreuen, die mit [&hellip;]<\/p>\n","protected":false},"author":1,"featured_media":3033,"parent":2874,"menu_order":0,"comment_status":"closed","ping_status":"closed","template":"tpl-location.php","meta":{"_acf_changed":false,"footnotes":""},"acf":{"address":"62 613, Obchodn\u00e1, 811 06 Bratislava, Slovakia","location_type":"restaurant","map_link":"https:\/\/www.google.com\/maps\/place\/Slovak+Pub\/@48.148371,17.1123577,15z\/data=!4m5!3m4!1s0x0:0x1261e75938998ecc!8m2!3d48.148371!4d17.1123577","trip_advisor":"https:\/\/www.tripadvisor.com\/Restaurant_Review-g274924-d697348-Reviews-Slovak_Pub-Bratislava_Bratislava_Region.html","coordinates":{"latitude":"48.148371","longitude":"17.1123577"},"charging_stations":[{"charging_station":"Type 2 43kW: Kaufland, Trnavska Cesta (3.8km \/ 14 min)"}]},"aioseo_notices":[],"_links":{"self":[{"href":"https:\/\/nissantravelguide.com\/de\/wp-json\/wp\/v2\/pages\/3858"}],"collection":[{"href":"https:\/\/nissantravelguide.com\/de\/wp-json\/wp\/v2\/pages"}],"about":[{"href":"https:\/\/nissantravelguide.com\/de\/wp-json\/wp\/v2\/types\/page"}],"author":[{"embeddable":true,"href":"https:\/\/nissantravelguide.com\/de\/wp-json\/wp\/v2\/users\/1"}],"replies":[{"embeddable":true,"href":"https:\/\/nissantravelguide.com\/de\/wp-json\/wp\/v2\/comments?post=3858"}],"version-history":[{"count":0,"href":"https:\/\/nissantravelguide.com\/de\/wp-json\/wp\/v2\/pages\/3858\/revisions"}],"up":[{"embeddable":true,"href":"https:\/\/nissantravelguide.com\/de\/wp-json\/wp\/v2\/pages\/2874"}],"wp:featuredmedia":[{"embeddable":true,"href":"https:\/\/nissantravelguide.com\/de\/wp-json\/wp\/v2\/media\/3033"}],"wp:attachment":[{"href":"https:\/\/nissantravelguide.com\/de\/wp-json\/wp\/v2\/media?parent=3858"}],"curies":[{"name":"wp","href":"https:\/\/api.w.org\/{rel}","templated":true}]}}