{"id":3859,"date":"2022-12-12T08:09:14","date_gmt":"2022-12-12T08:09:14","guid":{"rendered":"https:\/\/nissantravelguide.com\/bratislava\/sad-janka-krala\/"},"modified":"2022-12-12T08:09:14","modified_gmt":"2022-12-12T08:09:14","slug":"sad-janka-krala","status":"publish","type":"page","link":"https:\/\/nissantravelguide.com\/de\/bratislava\/sad-janka-krala\/","title":{"rendered":"Sad Janka Kr\u00e1\u013ea"},"content":{"rendered":"<p>Entspannen Sie in der ruhigen Gr\u00fcnoase Sad\u00a0Janka\u00a0Kr\u00e1\u013ea, dem \u00e4ltesten \u00f6ffentlichen Park in Mitteleuropa. Genie\u00dfen Sie die Sch\u00f6nheit der Natur und vergessen Sie, dass Sie sich mitten in einer belebten Stadt befinden. Der Park liegt zwischen der Alten und der Neuen Br\u00fccke und l\u00e4dt bei einem Spaziergang dazu ein, die kontrastreiche Architektur zu bewundern, die in Bratislava die alte und die neue Welt miteinander verbindet.<\/p>\n<p>W\u00e4hrend Sie Ihre Energie wieder aufladen, denken Sie daran, dass Ihr Auto das Gleiche braucht. Nutzen Sie die \u00f6rtlichen Ladestationen am nahe gelegenen Einkaufszentrum Aupark.<\/p>\n","protected":false},"excerpt":{"rendered":"<p>Entspannen Sie in der ruhigen Gr\u00fcnoase Sad\u00a0Janka\u00a0Kr\u00e1\u013ea, dem \u00e4ltesten \u00f6ffentlichen Park in Mitteleuropa. Genie\u00dfen Sie die Sch\u00f6nheit der Natur und vergessen Sie, dass Sie sich mitten in einer belebten Stadt befinden. Der Park liegt zwischen der Alten und der Neuen Br\u00fccke und l\u00e4dt bei einem Spaziergang dazu ein, die kontrastreiche Architektur zu bewundern, die in [&hellip;]<\/p>\n","protected":false},"author":1,"featured_media":3018,"parent":2874,"menu_order":0,"comment_status":"closed","ping_status":"closed","template":"tpl-location.php","meta":{"_acf_changed":false,"footnotes":""},"acf":{"address":"Sad Janka Kr\u00e1\u013ea, 851 01 Petr\u017ealka, Slovakia","location_type":"beauty","map_link":"https:\/\/www.google.com\/maps\/place\/Sad+Janka+Kr%C3%A1%C4%BEa\/@48.1352454,17.1097314,15z\/data=!4m5!3m4!1s0x0:0xf2853fcb91ce053c!8m2!3d48.1352454!4d17.1097314","trip_advisor":"https:\/\/www.tripadvisor.co.uk\/Attraction_Review-g274924-d4155320-Reviews-Sad_Janka_KraLa-Bratislava_Bratislava_Region.html","coordinates":{"latitude":"48.1352454","longitude":"17.1097314"},"charging_stations":[{"charging_station":"Type 2, 22kW: Aupark Shopping Center Car Park (950m \/ 3 min)"}]},"aioseo_notices":[],"_links":{"self":[{"href":"https:\/\/nissantravelguide.com\/de\/wp-json\/wp\/v2\/pages\/3859"}],"collection":[{"href":"https:\/\/nissantravelguide.com\/de\/wp-json\/wp\/v2\/pages"}],"about":[{"href":"https:\/\/nissantravelguide.com\/de\/wp-json\/wp\/v2\/types\/page"}],"author":[{"embeddable":true,"href":"https:\/\/nissantravelguide.com\/de\/wp-json\/wp\/v2\/users\/1"}],"replies":[{"embeddable":true,"href":"https:\/\/nissantravelguide.com\/de\/wp-json\/wp\/v2\/comments?post=3859"}],"version-history":[{"count":0,"href":"https:\/\/nissantravelguide.com\/de\/wp-json\/wp\/v2\/pages\/3859\/revisions"}],"up":[{"embeddable":true,"href":"https:\/\/nissantravelguide.com\/de\/wp-json\/wp\/v2\/pages\/2874"}],"wp:featuredmedia":[{"embeddable":true,"href":"https:\/\/nissantravelguide.com\/de\/wp-json\/wp\/v2\/media\/3018"}],"wp:attachment":[{"href":"https:\/\/nissantravelguide.com\/de\/wp-json\/wp\/v2\/media?parent=3859"}],"curies":[{"name":"wp","href":"https:\/\/api.w.org\/{rel}","templated":true}]}}