{"id":3861,"date":"2022-12-12T08:14:40","date_gmt":"2022-12-12T08:14:40","guid":{"rendered":"https:\/\/nissantravelguide.com\/budapest\/hotel-clark\/"},"modified":"2022-12-12T08:14:40","modified_gmt":"2022-12-12T08:14:40","slug":"hotel-clark","status":"publish","type":"page","link":"https:\/\/nissantravelguide.com\/de\/budapest\/hotel-clark\/","title":{"rendered":"Hotel Clark"},"content":{"rendered":"<p class=\"p1\">Wer eine stilvolle und exklusive Unterkunft sucht, f\u00fcr den ist das Hotel\u00a0Clark genau die richtige Adresse. Tradition und modernes Design treffen in dem Adults-only-Hotel aufeinander und sorgen f\u00fcr eine \u00e4u\u00dferst komfortable Umgebung. Von hier aus k\u00f6nnen Sie Ihren Stadtrundgang durch Budapest starten. Das Hotel liegt in der N\u00e4he des Donauufers und bietet einen Blick auf die ber\u00fchmte Kettenbr\u00fccke. Auch das Burgviertel und das touristische Zentrum von Pest sind nicht weit entfernt.<\/p>\n","protected":false},"excerpt":{"rendered":"<p>Wer eine stilvolle und exklusive Unterkunft sucht, f\u00fcr den ist das Hotel\u00a0Clark genau die richtige Adresse. Tradition und modernes Design treffen in dem Adults-only-Hotel aufeinander und sorgen f\u00fcr eine \u00e4u\u00dferst komfortable Umgebung. Von hier aus k\u00f6nnen Sie Ihren Stadtrundgang durch Budapest starten. Das Hotel liegt in der N\u00e4he des Donauufers und bietet einen Blick auf [&hellip;]<\/p>\n","protected":false},"author":1,"featured_media":3197,"parent":2908,"menu_order":0,"comment_status":"closed","ping_status":"closed","template":"tpl-location.php","meta":{"_acf_changed":false,"footnotes":""},"acf":{"address":"Budapest, Clark \u00c1d\u00e1m t\u00e9r 1, 1013 Hungary","location_type":"hotel","map_link":"https:\/\/www.google.com\/maps\/place\/Hotel+Clark+Budapest\/@47.4986712,19.0399433,15z\/data=!4m2!3m1!1s0x0:0xe97e4946649ecc5d?sa=X&ved=2ahUKEwj3pbDpjML6AhUrQ0EAHcFODA4Q_BJ6BQiBARAF","trip_advisor":"https:\/\/www.tripadvisor.co.uk\/Hotel_Review-g274887-d13392862-Reviews-Hotel_Clark_Budapest-Budapest_Central_Hungary.html","coordinates":{"latitude":"47.4986712","longitude":"19.0399433"},"charging_stations":[{"charging_station":"CHAdeMO (22.4kW) \/ CCS (22.4kW): Lovas Ut 41, 1012 (1.9km \/ 6 min)"}]},"aioseo_notices":[],"_links":{"self":[{"href":"https:\/\/nissantravelguide.com\/de\/wp-json\/wp\/v2\/pages\/3861"}],"collection":[{"href":"https:\/\/nissantravelguide.com\/de\/wp-json\/wp\/v2\/pages"}],"about":[{"href":"https:\/\/nissantravelguide.com\/de\/wp-json\/wp\/v2\/types\/page"}],"author":[{"embeddable":true,"href":"https:\/\/nissantravelguide.com\/de\/wp-json\/wp\/v2\/users\/1"}],"replies":[{"embeddable":true,"href":"https:\/\/nissantravelguide.com\/de\/wp-json\/wp\/v2\/comments?post=3861"}],"version-history":[{"count":0,"href":"https:\/\/nissantravelguide.com\/de\/wp-json\/wp\/v2\/pages\/3861\/revisions"}],"up":[{"embeddable":true,"href":"https:\/\/nissantravelguide.com\/de\/wp-json\/wp\/v2\/pages\/2908"}],"wp:featuredmedia":[{"embeddable":true,"href":"https:\/\/nissantravelguide.com\/de\/wp-json\/wp\/v2\/media\/3197"}],"wp:attachment":[{"href":"https:\/\/nissantravelguide.com\/de\/wp-json\/wp\/v2\/media?parent=3861"}],"curies":[{"name":"wp","href":"https:\/\/api.w.org\/{rel}","templated":true}]}}