{"id":3862,"date":"2022-12-12T08:15:06","date_gmt":"2022-12-12T08:15:06","guid":{"rendered":"https:\/\/nissantravelguide.com\/budapest\/domus-peregrini-apartments\/"},"modified":"2022-12-12T08:15:06","modified_gmt":"2022-12-12T08:15:06","slug":"domus-peregrini-apartments","status":"publish","type":"page","link":"https:\/\/nissantravelguide.com\/de\/budapest\/domus-peregrini-apartments\/","title":{"rendered":"Domus Peregrini Apartments"},"content":{"rendered":"<p class=\"p1\">Wenn Sie auf dem Weg von Budapest nach Wien oder Bratislava sind, sollten Sie sich die Stadt Gy\u0151r ansehen. Nach dem Verlassen der Autobahn folgen Sie der Nationalstra\u00dfe und lassen sich von den landschaftlich reizvollen Strecken durch Weinberge, Schl\u00f6sser und mittelalterliche Erzabteien verzaubern. Ein guter Zwischenstopp auf dem Weg dorthin sind die Domus Peregini Apartments.<\/p>\n","protected":false},"excerpt":{"rendered":"<p>Wenn Sie auf dem Weg von Budapest nach Wien oder Bratislava sind, sollten Sie sich die Stadt Gy\u0151r ansehen. Nach dem Verlassen der Autobahn folgen Sie der Nationalstra\u00dfe und lassen sich von den landschaftlich reizvollen Strecken durch Weinberge, Schl\u00f6sser und mittelalterliche Erzabteien verzaubern. Ein guter Zwischenstopp auf dem Weg dorthin sind die Domus Peregini Apartments.<\/p>\n","protected":false},"author":1,"featured_media":3127,"parent":2908,"menu_order":0,"comment_status":"closed","ping_status":"closed","template":"tpl-location.php","meta":{"_acf_changed":false,"footnotes":""},"acf":{"address":"Gy\u0151r, K\u00e1ptalandomb 8, 9021 Hungary","location_type":"hotel","map_link":"https:\/\/g.page\/domus-peregrini-apartmanok?share","trip_advisor":"https:\/\/www.tripadvisor.ca\/Hotel_Review-g274893-d21278428-Reviews-Domus_Peregrini_Apartmanok-Gyor_Gyor_Moson_Sopron_County_Central_Transdanubia.html","coordinates":{"latitude":"47.6883308","longitude":"17.6318387"},"charging_stations":[{"charging_station":"Type 2 22kW \/ CCS 75.2kW: Gy\u0151r, Audi Hung\u00e1ria \u00fat 1, 9027 Hungary (6.6km \/ 12 min)"}]},"aioseo_notices":[],"_links":{"self":[{"href":"https:\/\/nissantravelguide.com\/de\/wp-json\/wp\/v2\/pages\/3862"}],"collection":[{"href":"https:\/\/nissantravelguide.com\/de\/wp-json\/wp\/v2\/pages"}],"about":[{"href":"https:\/\/nissantravelguide.com\/de\/wp-json\/wp\/v2\/types\/page"}],"author":[{"embeddable":true,"href":"https:\/\/nissantravelguide.com\/de\/wp-json\/wp\/v2\/users\/1"}],"replies":[{"embeddable":true,"href":"https:\/\/nissantravelguide.com\/de\/wp-json\/wp\/v2\/comments?post=3862"}],"version-history":[{"count":0,"href":"https:\/\/nissantravelguide.com\/de\/wp-json\/wp\/v2\/pages\/3862\/revisions"}],"up":[{"embeddable":true,"href":"https:\/\/nissantravelguide.com\/de\/wp-json\/wp\/v2\/pages\/2908"}],"wp:featuredmedia":[{"embeddable":true,"href":"https:\/\/nissantravelguide.com\/de\/wp-json\/wp\/v2\/media\/3127"}],"wp:attachment":[{"href":"https:\/\/nissantravelguide.com\/de\/wp-json\/wp\/v2\/media?parent=3862"}],"curies":[{"name":"wp","href":"https:\/\/api.w.org\/{rel}","templated":true}]}}