{"id":3864,"date":"2022-12-12T08:15:59","date_gmt":"2022-12-12T08:15:59","guid":{"rendered":"https:\/\/nissantravelguide.com\/budapest\/cortile-budapest-hotel\/"},"modified":"2022-12-12T08:15:59","modified_gmt":"2022-12-12T08:15:59","slug":"cortile-budapest-hotel","status":"publish","type":"page","link":"https:\/\/nissantravelguide.com\/de\/budapest\/cortile-budapest-hotel\/","title":{"rendered":"Cortile Budapest Hotel"},"content":{"rendered":"<p>Zentraler Standort? Ja. Nur wenige Gehminuten von den besten Bars, Restaurants und Sehensw\u00fcrdigkeiten der Stadt entfernt, darunter das Ungarische Haus der Fotografie? Klar. Pool auf dem Dach? Auch vorhanden. Es gibt kaum etwas, was das Adults-only Cortile\u00a0Budapest\u00a0Hotel nicht zu bieten hat. Damit ist es das ideale Hauptquartier f\u00fcr Ihren kommenden City-Trip! Genie\u00dfen Sie einen erholsamen Aufenthalt in einem von vier Zimmern mit Naturmotiven und probieren Sie zum Fr\u00fchst\u00fcck die frischen Produkte von lokalen Lieferanten. Das Hotel verf\u00fcgt au\u00dferdem \u00fcber eine tadellose Umweltbilanz und setzt im gesamten Geb\u00e4ude umweltfreundliche Verfahren ein\u00a0\u2013 von Erdw\u00e4rme und Solarenergie f\u00fcr die Heizung bis hin zu umweltfreundlicher W\u00e4sche.<\/p>\n","protected":false},"excerpt":{"rendered":"<p>Zentraler Standort? Ja. Nur wenige Gehminuten von den besten Bars, Restaurants und Sehensw\u00fcrdigkeiten der Stadt entfernt, darunter das Ungarische Haus der Fotografie? Klar. Pool auf dem Dach? Auch vorhanden. Es gibt kaum etwas, was das Adults-only Cortile\u00a0Budapest\u00a0Hotel nicht zu bieten hat. Damit ist es das ideale Hauptquartier f\u00fcr Ihren kommenden City-Trip! Genie\u00dfen Sie einen erholsamen [&hellip;]<\/p>\n","protected":false},"author":1,"featured_media":3097,"parent":2908,"menu_order":0,"comment_status":"closed","ping_status":"closed","template":"tpl-location.php","meta":{"_acf_changed":false,"footnotes":""},"acf":{"address":"Budapest, Dessewffy u. 14, 1066 Hungary","location_type":"hotel","map_link":"https:\/\/www.google.com\/maps\/place\/Cortile+Budapest+Hotel\/@47.5049602,19.0565027,15z\/data=!4m2!3m1!1s0x0:0xe0bdf359c1e87105?sa=X&ved=2ahUKEwiEx5PMsN_6AhUGLsAKHb4qD5UQ_BJ6BAh5EAU","trip_advisor":"https:\/\/www.tripadvisor.co.uk\/Hotel_Review-g274887-d19138993-Reviews-Cortile_Budapest_Hotel-Budapest_Central_Hungary.html","coordinates":{"latitude":"47.5049602","longitude":"19.0565027"},"charging_stations":[{"charging_station":"Type 2 (22kW): Bajza Ut 3, 1071 (2.3km \/ 8 min)"}]},"aioseo_notices":[],"_links":{"self":[{"href":"https:\/\/nissantravelguide.com\/de\/wp-json\/wp\/v2\/pages\/3864"}],"collection":[{"href":"https:\/\/nissantravelguide.com\/de\/wp-json\/wp\/v2\/pages"}],"about":[{"href":"https:\/\/nissantravelguide.com\/de\/wp-json\/wp\/v2\/types\/page"}],"author":[{"embeddable":true,"href":"https:\/\/nissantravelguide.com\/de\/wp-json\/wp\/v2\/users\/1"}],"replies":[{"embeddable":true,"href":"https:\/\/nissantravelguide.com\/de\/wp-json\/wp\/v2\/comments?post=3864"}],"version-history":[{"count":0,"href":"https:\/\/nissantravelguide.com\/de\/wp-json\/wp\/v2\/pages\/3864\/revisions"}],"up":[{"embeddable":true,"href":"https:\/\/nissantravelguide.com\/de\/wp-json\/wp\/v2\/pages\/2908"}],"wp:featuredmedia":[{"embeddable":true,"href":"https:\/\/nissantravelguide.com\/de\/wp-json\/wp\/v2\/media\/3097"}],"wp:attachment":[{"href":"https:\/\/nissantravelguide.com\/de\/wp-json\/wp\/v2\/media?parent=3864"}],"curies":[{"name":"wp","href":"https:\/\/api.w.org\/{rel}","templated":true}]}}