{"id":3865,"date":"2022-12-12T08:16:17","date_gmt":"2022-12-12T08:16:17","guid":{"rendered":"https:\/\/nissantravelguide.com\/budapest\/deryne\/"},"modified":"2022-12-12T08:16:17","modified_gmt":"2022-12-12T08:16:17","slug":"deryne","status":"publish","type":"page","link":"https:\/\/nissantravelguide.com\/de\/budapest\/deryne\/","title":{"rendered":"D\u00e9ryn\u00e9"},"content":{"rendered":"<p class=\"p1\">Das D\u00e9ryn\u00e9\u00a0Bistro ist ein beliebter Treffpunkt f\u00fcr K\u00fcnstler, Gesch\u00e4ftsleute und Filmstars. Das Restaurant serviert authentische Bistro-Gerichte und ist f\u00fcr seine Auswahl an Austern, Kaviar und Steaks bekannt. Seit 2014 wird das gr\u00f6\u00dfte und \u00e4lteste Restaurant der Stadt vom Guide Michelin empfohlen. Ob Sie nun wegen der B\u00e4ckerei und Konditorei oder wegen der Late-Night-Bar mit Live-Musik dorthin gehen, lassen Sie sich von einem echten Budaer Hotspot-Erlebnis abseits der Touristenfallen verf\u00fchren.<span class=\"s1\"><span class=\"Apple-converted-space\">\u00a0<\/span><\/span><\/p>\n","protected":false},"excerpt":{"rendered":"<p>Das D\u00e9ryn\u00e9\u00a0Bistro ist ein beliebter Treffpunkt f\u00fcr K\u00fcnstler, Gesch\u00e4ftsleute und Filmstars. Das Restaurant serviert authentische Bistro-Gerichte und ist f\u00fcr seine Auswahl an Austern, Kaviar und Steaks bekannt. Seit 2014 wird das gr\u00f6\u00dfte und \u00e4lteste Restaurant der Stadt vom Guide Michelin empfohlen. Ob Sie nun wegen der B\u00e4ckerei und Konditorei oder wegen der Late-Night-Bar mit Live-Musik [&hellip;]<\/p>\n","protected":false},"author":1,"featured_media":3117,"parent":2908,"menu_order":0,"comment_status":"closed","ping_status":"closed","template":"tpl-location.php","meta":{"_acf_changed":false,"footnotes":""},"acf":{"address":"Budapest, Krisztina t\u00e9r 3, 1013 Hungary","location_type":"restaurant","map_link":"https:\/\/www.google.com\/maps\/place\/D%25C3%25A9ryn%25C3%25A9\/@47.4972401,19.0316417,15z\/data=!4m2!3m1!1s0x0:0x6a6ee7d8f6dfbe9e?sa=X&ved=2ahUKEwi5z7eOlML6AhWXSEEAHUqCDacQ_BJ6BAhxEAU","trip_advisor":"https:\/\/www.tripadvisor.co.uk\/Restaurant_Review-g274887-d1016692-Reviews-Deryne-Budapest_Central_Hungary.html","coordinates":{"latitude":"47.4972401","longitude":"19.0316417"},"charging_stations":[{"charging_station":"CHAdeMO 22.4kW CCS 22.4kW: Lovas Ut 41, 1012 (1.8km \/ 6 min)"}]},"aioseo_notices":[],"_links":{"self":[{"href":"https:\/\/nissantravelguide.com\/de\/wp-json\/wp\/v2\/pages\/3865"}],"collection":[{"href":"https:\/\/nissantravelguide.com\/de\/wp-json\/wp\/v2\/pages"}],"about":[{"href":"https:\/\/nissantravelguide.com\/de\/wp-json\/wp\/v2\/types\/page"}],"author":[{"embeddable":true,"href":"https:\/\/nissantravelguide.com\/de\/wp-json\/wp\/v2\/users\/1"}],"replies":[{"embeddable":true,"href":"https:\/\/nissantravelguide.com\/de\/wp-json\/wp\/v2\/comments?post=3865"}],"version-history":[{"count":0,"href":"https:\/\/nissantravelguide.com\/de\/wp-json\/wp\/v2\/pages\/3865\/revisions"}],"up":[{"embeddable":true,"href":"https:\/\/nissantravelguide.com\/de\/wp-json\/wp\/v2\/pages\/2908"}],"wp:featuredmedia":[{"embeddable":true,"href":"https:\/\/nissantravelguide.com\/de\/wp-json\/wp\/v2\/media\/3117"}],"wp:attachment":[{"href":"https:\/\/nissantravelguide.com\/de\/wp-json\/wp\/v2\/media?parent=3865"}],"curies":[{"name":"wp","href":"https:\/\/api.w.org\/{rel}","templated":true}]}}