{"id":3866,"date":"2022-12-12T08:16:37","date_gmt":"2022-12-12T08:16:37","guid":{"rendered":"https:\/\/nissantravelguide.com\/budapest\/hilda\/"},"modified":"2022-12-12T08:16:37","modified_gmt":"2022-12-12T08:16:37","slug":"hilda","status":"publish","type":"page","link":"https:\/\/nissantravelguide.com\/de\/budapest\/hilda\/","title":{"rendered":"Hilda"},"content":{"rendered":"<p class=\"p1\">Gleich um die Ecke der St.-Stephans-Basilika befindet sich ein Feinschmecker-Tempel f\u00fcr alle Budapest-Besucher. Das Hilda basiert auf der Grundlage jahrhundertealter kulinarischer Erfahrung und bietet saisonale Spezialit\u00e4ten, die sich als wahre Gaumenfreuden entpuppen. Das Restaurant ist in einem Geb\u00e4ude untergebracht, das urspr\u00fcnglich von dem ber\u00fchmten ungarischen Architekten J\u00f3zsef\u00a0Hild entworfen wurde (der auch dem Restaurant seinen Namen gegeben hat), und bietet eine pr\u00e4chtige Art-Deco-Inneneinrichtung in einem eleganten Ambiente. Qualit\u00e4t und Nachhaltigkeit sind hier die Schlagworte \u2013 von der Verwendung lokaler Produkte bis hin zum zweiw\u00f6chentlichen Bio-Men\u00fc, bei dem es sich um Bauernkost dreht. Das sollten Sie sich nicht entgehen lassen\u00a0\u2026<\/p>\n","protected":false},"excerpt":{"rendered":"<p>Gleich um die Ecke der St.-Stephans-Basilika befindet sich ein Feinschmecker-Tempel f\u00fcr alle Budapest-Besucher. Das Hilda basiert auf der Grundlage jahrhundertealter kulinarischer Erfahrung und bietet saisonale Spezialit\u00e4ten, die sich als wahre Gaumenfreuden entpuppen. Das Restaurant ist in einem Geb\u00e4ude untergebracht, das urspr\u00fcnglich von dem ber\u00fchmten ungarischen Architekten J\u00f3zsef\u00a0Hild entworfen wurde (der auch dem Restaurant seinen Namen [&hellip;]<\/p>\n","protected":false},"author":1,"featured_media":3182,"parent":2908,"menu_order":0,"comment_status":"closed","ping_status":"closed","template":"tpl-location.php","meta":{"_acf_changed":false,"footnotes":""},"acf":{"address":"Budapest, N\u00e1dor u. 5, 1051 Hungary","location_type":"restaurant","map_link":"https:\/\/www.google.com\/maps\/place\/HILDA+Budapest\/@47.4995957,19.0497124,15z\/data=!4m5!3m4!1s0x0:0x589f5469224cc779!8m2!3d47.4995957!4d19.0497124","trip_advisor":"https:\/\/www.tripadvisor.co.uk\/Restaurant_Review-g274887-d11962520-Reviews-HILDA_Budapest-Budapest_Central_Hungary.html","coordinates":{"latitude":"47.4995957","longitude":"19.0497124"},"charging_stations":[{"charging_station":"Type 2 (22kW): Bajza Ut 3, 1071 (2.8km \/ 10 min)"}]},"aioseo_notices":[],"_links":{"self":[{"href":"https:\/\/nissantravelguide.com\/de\/wp-json\/wp\/v2\/pages\/3866"}],"collection":[{"href":"https:\/\/nissantravelguide.com\/de\/wp-json\/wp\/v2\/pages"}],"about":[{"href":"https:\/\/nissantravelguide.com\/de\/wp-json\/wp\/v2\/types\/page"}],"author":[{"embeddable":true,"href":"https:\/\/nissantravelguide.com\/de\/wp-json\/wp\/v2\/users\/1"}],"replies":[{"embeddable":true,"href":"https:\/\/nissantravelguide.com\/de\/wp-json\/wp\/v2\/comments?post=3866"}],"version-history":[{"count":0,"href":"https:\/\/nissantravelguide.com\/de\/wp-json\/wp\/v2\/pages\/3866\/revisions"}],"up":[{"embeddable":true,"href":"https:\/\/nissantravelguide.com\/de\/wp-json\/wp\/v2\/pages\/2908"}],"wp:featuredmedia":[{"embeddable":true,"href":"https:\/\/nissantravelguide.com\/de\/wp-json\/wp\/v2\/media\/3182"}],"wp:attachment":[{"href":"https:\/\/nissantravelguide.com\/de\/wp-json\/wp\/v2\/media?parent=3866"}],"curies":[{"name":"wp","href":"https:\/\/api.w.org\/{rel}","templated":true}]}}