{"id":3867,"date":"2022-12-12T08:16:56","date_gmt":"2022-12-12T08:16:56","guid":{"rendered":"https:\/\/nissantravelguide.com\/budapest\/la-perle-noire\/"},"modified":"2022-12-12T08:16:56","modified_gmt":"2022-12-12T08:16:56","slug":"la-perle-noire","status":"publish","type":"page","link":"https:\/\/nissantravelguide.com\/de\/budapest\/la-perle-noire\/","title":{"rendered":"La Perle Noire"},"content":{"rendered":"<p class=\"p1\">Praktisch neben dem sch\u00f6nen Stadtpark liegt das La\u00a0Perle\u00a0Noire, ein stilvolles und anspruchsvolles Restaurant, das eine Reihe hochwertiger Gerichte serviert\u00a0\u2013 von traditionellen ungarischen Gerichten bis zu franz\u00f6sischer Gourmetk\u00fcche. Das Ethos des Restaurants ist der Respekt vor der Umwelt. Deswegen werden alle verwendeten Zutaten biologisch, frisch und von lokalen ungarischen Bauern bezogen. Und das zus\u00e4tzlich zum eigenen Kr\u00e4uter- und Gew\u00fcrzgarten des Restaurants. Egal f\u00fcr welches Gericht Sie sich entscheiden, Sie werden nicht entt\u00e4uscht!<\/p>\n","protected":false},"excerpt":{"rendered":"<p>Praktisch neben dem sch\u00f6nen Stadtpark liegt das La\u00a0Perle\u00a0Noire, ein stilvolles und anspruchsvolles Restaurant, das eine Reihe hochwertiger Gerichte serviert\u00a0\u2013 von traditionellen ungarischen Gerichten bis zu franz\u00f6sischer Gourmetk\u00fcche. Das Ethos des Restaurants ist der Respekt vor der Umwelt. Deswegen werden alle verwendeten Zutaten biologisch, frisch und von lokalen ungarischen Bauern bezogen. Und das zus\u00e4tzlich zum eigenen [&hellip;]<\/p>\n","protected":false},"author":1,"featured_media":3232,"parent":2908,"menu_order":0,"comment_status":"closed","ping_status":"closed","template":"tpl-location.php","meta":{"_acf_changed":false,"footnotes":""},"acf":{"address":"Budapest, Andr\u00e1ssy \u00fat 111, 1063 Hungary","location_type":"restaurant","map_link":"https:\/\/www.google.com\/maps\/place\/La+Perle+Noire+Restaurant+%26+Lounge\/@47.5121653,19.0743102,15z\/data=!4m5!3m4!1s0x0:0xf6f1a90ab1c0cc36!8m2!3d47.5121653!4d19.0743102","trip_advisor":"https:\/\/www.tripadvisor.co.uk\/Restaurant_Review-g274887-d4607670-Reviews-La_Perle_Noire_Restaurant_and_Lounge-Budapest_Central_Hungary.html","coordinates":{"latitude":"47.5121653","longitude":"19.0743102"},"charging_stations":[{"charging_station":"Type 2 (22kW): Bajza Ut 3, 1071 (700m \/ 2 min)"}]},"aioseo_notices":[],"_links":{"self":[{"href":"https:\/\/nissantravelguide.com\/de\/wp-json\/wp\/v2\/pages\/3867"}],"collection":[{"href":"https:\/\/nissantravelguide.com\/de\/wp-json\/wp\/v2\/pages"}],"about":[{"href":"https:\/\/nissantravelguide.com\/de\/wp-json\/wp\/v2\/types\/page"}],"author":[{"embeddable":true,"href":"https:\/\/nissantravelguide.com\/de\/wp-json\/wp\/v2\/users\/1"}],"replies":[{"embeddable":true,"href":"https:\/\/nissantravelguide.com\/de\/wp-json\/wp\/v2\/comments?post=3867"}],"version-history":[{"count":0,"href":"https:\/\/nissantravelguide.com\/de\/wp-json\/wp\/v2\/pages\/3867\/revisions"}],"up":[{"embeddable":true,"href":"https:\/\/nissantravelguide.com\/de\/wp-json\/wp\/v2\/pages\/2908"}],"wp:featuredmedia":[{"embeddable":true,"href":"https:\/\/nissantravelguide.com\/de\/wp-json\/wp\/v2\/media\/3232"}],"wp:attachment":[{"href":"https:\/\/nissantravelguide.com\/de\/wp-json\/wp\/v2\/media?parent=3867"}],"curies":[{"name":"wp","href":"https:\/\/api.w.org\/{rel}","templated":true}]}}