{"id":3868,"date":"2022-12-12T08:17:12","date_gmt":"2022-12-12T08:17:12","guid":{"rendered":"https:\/\/nissantravelguide.com\/budapest\/robinson-restaurant\/"},"modified":"2022-12-12T08:17:12","modified_gmt":"2022-12-12T08:17:12","slug":"robinson-restaurant","status":"publish","type":"page","link":"https:\/\/nissantravelguide.com\/de\/budapest\/robinson-restaurant\/","title":{"rendered":"Robinson Restaurant"},"content":{"rendered":"<p class=\"p1\">Sylvester Stallone, David Bowie oder Arnold Schwarzenegger: Im Robinson\u00a0Restaurant waren im Laufe der Jahre schon viele Prominente zu Gast, um bei einem herrlichen Blick auf den V\u00e1rosliget-See (Stadtpark) die hervorragende K\u00fcche zu genie\u00dfen. Die Speisekarte wechselt je nach Saison und bietet eine Reihe von Optionen\u00a0\u2013 von traditioneller ungarischer K\u00fcche bis hin zu leichten italienischen Gerichten.<span class=\"Apple-converted-space\">\u00a0<\/span><\/p>\n","protected":false},"excerpt":{"rendered":"<p>Sylvester Stallone, David Bowie oder Arnold Schwarzenegger: Im Robinson\u00a0Restaurant waren im Laufe der Jahre schon viele Prominente zu Gast, um bei einem herrlichen Blick auf den V\u00e1rosliget-See (Stadtpark) die hervorragende K\u00fcche zu genie\u00dfen. Die Speisekarte wechselt je nach Saison und bietet eine Reihe von Optionen\u00a0\u2013 von traditioneller ungarischer K\u00fcche bis hin zu leichten italienischen Gerichten.\u00a0<\/p>\n","protected":false},"author":1,"featured_media":3257,"parent":2908,"menu_order":0,"comment_status":"closed","ping_status":"closed","template":"tpl-location.php","meta":{"_acf_changed":false,"footnotes":""},"acf":{"address":"Budapest, 1146 Hungary","location_type":"restaurant","map_link":"https:\/\/www.google.com\/maps\/place\/Robinson+Restaurant\/@47.516939,19.078145,15z\/data=!4m5!3m4!1s0x0:0xc09e6357df4510c0!8m2!3d47.516939!4d19.078145?hl=en","trip_advisor":"https:\/\/www.tripadvisor.com\/Restaurant_Review-g274887-d858391-Reviews-Robinson_Restaurant-Budapest_Central_Hungary.html","coordinates":{"latitude":"47.516939","longitude":"19.078145"},"charging_stations":[{"charging_station":"Type 2 (22kW): Bajza Ut 3, 1071 (1.5km \/ 4 min)"}]},"aioseo_notices":[],"_links":{"self":[{"href":"https:\/\/nissantravelguide.com\/de\/wp-json\/wp\/v2\/pages\/3868"}],"collection":[{"href":"https:\/\/nissantravelguide.com\/de\/wp-json\/wp\/v2\/pages"}],"about":[{"href":"https:\/\/nissantravelguide.com\/de\/wp-json\/wp\/v2\/types\/page"}],"author":[{"embeddable":true,"href":"https:\/\/nissantravelguide.com\/de\/wp-json\/wp\/v2\/users\/1"}],"replies":[{"embeddable":true,"href":"https:\/\/nissantravelguide.com\/de\/wp-json\/wp\/v2\/comments?post=3868"}],"version-history":[{"count":0,"href":"https:\/\/nissantravelguide.com\/de\/wp-json\/wp\/v2\/pages\/3868\/revisions"}],"up":[{"embeddable":true,"href":"https:\/\/nissantravelguide.com\/de\/wp-json\/wp\/v2\/pages\/2908"}],"wp:featuredmedia":[{"embeddable":true,"href":"https:\/\/nissantravelguide.com\/de\/wp-json\/wp\/v2\/media\/3257"}],"wp:attachment":[{"href":"https:\/\/nissantravelguide.com\/de\/wp-json\/wp\/v2\/media?parent=3868"}],"curies":[{"name":"wp","href":"https:\/\/api.w.org\/{rel}","templated":true}]}}