{"id":3869,"date":"2022-12-12T08:17:47","date_gmt":"2022-12-12T08:17:47","guid":{"rendered":"https:\/\/nissantravelguide.com\/budapest\/naturpfad-fenyes\/"},"modified":"2022-12-12T08:17:47","modified_gmt":"2022-12-12T08:17:47","slug":"naturpfad-fenyes","status":"publish","type":"page","link":"https:\/\/nissantravelguide.com\/de\/budapest\/naturpfad-fenyes\/","title":{"rendered":"Naturpfad F\u00e9nyes"},"content":{"rendered":"<p class=\"p1\">Eine Stunde vom pulsierenden Budapest entfernt, bietet der Fenyes\u00a0Naturpfad die M\u00f6glichkeit, sich zu entspannen, die Seele baumeln zu lassen und wieder mit der Natur in Kontakt zu kommen. Das zum Tata-Wald geh\u00f6rende Feuchtgebiet beherbergt eine vielf\u00e4ltige Fauna und Flora und ist ein Muss f\u00fcr leidenschaftliche Vogelbeobachter! Der 1,6\u00a0km lange Sumpf-Rundweg ist in etwa einer halben Stunde zu bew\u00e4ltigen und eignet sich hervorragend f\u00fcr einen Familienspaziergang.<span class=\"Apple-converted-space\">\u00a0<\/span><\/p>\n","protected":false},"excerpt":{"rendered":"<p>Eine Stunde vom pulsierenden Budapest entfernt, bietet der Fenyes\u00a0Naturpfad die M\u00f6glichkeit, sich zu entspannen, die Seele baumeln zu lassen und wieder mit der Natur in Kontakt zu kommen. Das zum Tata-Wald geh\u00f6rende Feuchtgebiet beherbergt eine vielf\u00e4ltige Fauna und Flora und ist ein Muss f\u00fcr leidenschaftliche Vogelbeobachter! Der 1,6\u00a0km lange Sumpf-Rundweg ist in etwa einer halben [&hellip;]<\/p>\n","protected":false},"author":1,"featured_media":3142,"parent":2908,"menu_order":0,"comment_status":"closed","ping_status":"closed","template":"tpl-location.php","meta":{"_acf_changed":false,"footnotes":""},"acf":{"address":"Tata, F\u00e9nyes Fasor, 2890 Hungary","location_type":"beauty","map_link":"https:\/\/www.google.com\/maps\/place\/F%C3%A9nyes+Nature+Trail\/@47.6669954,18.3077288,17z\/data=!3m1!4b1!4m5!3m4!1s0x476a4f6031ab7547:0x84e93dfe595a0223!8m2!3d47.6669954!4d18.3077288","trip_advisor":"https:\/\/www.tripadvisor.com\/Attraction_Review-g274917-d9567277-Reviews-Fenyes_Education_Trail_of_Tata-Tata_Komarom_Esztergom_County_Central_Transdanubia.html","coordinates":{"latitude":"47.6669954","longitude":"18.3077288"},"charging_stations":[{"charging_station":"CHAdeMO (50kW) \/ CCS (50kW) \/ Type 2 (22kW): Gyori Ut 35, 2800 (13.0km \/ 17 min)"}]},"aioseo_notices":[],"_links":{"self":[{"href":"https:\/\/nissantravelguide.com\/de\/wp-json\/wp\/v2\/pages\/3869"}],"collection":[{"href":"https:\/\/nissantravelguide.com\/de\/wp-json\/wp\/v2\/pages"}],"about":[{"href":"https:\/\/nissantravelguide.com\/de\/wp-json\/wp\/v2\/types\/page"}],"author":[{"embeddable":true,"href":"https:\/\/nissantravelguide.com\/de\/wp-json\/wp\/v2\/users\/1"}],"replies":[{"embeddable":true,"href":"https:\/\/nissantravelguide.com\/de\/wp-json\/wp\/v2\/comments?post=3869"}],"version-history":[{"count":0,"href":"https:\/\/nissantravelguide.com\/de\/wp-json\/wp\/v2\/pages\/3869\/revisions"}],"up":[{"embeddable":true,"href":"https:\/\/nissantravelguide.com\/de\/wp-json\/wp\/v2\/pages\/2908"}],"wp:featuredmedia":[{"embeddable":true,"href":"https:\/\/nissantravelguide.com\/de\/wp-json\/wp\/v2\/media\/3142"}],"wp:attachment":[{"href":"https:\/\/nissantravelguide.com\/de\/wp-json\/wp\/v2\/media?parent=3869"}],"curies":[{"name":"wp","href":"https:\/\/api.w.org\/{rel}","templated":true}]}}