{"id":3870,"date":"2022-12-12T08:18:15","date_gmt":"2022-12-12T08:18:15","guid":{"rendered":"https:\/\/nissantravelguide.com\/budapest\/varkert-bazar\/"},"modified":"2022-12-12T08:18:15","modified_gmt":"2022-12-12T08:18:15","slug":"varkert-bazar","status":"publish","type":"page","link":"https:\/\/nissantravelguide.com\/de\/budapest\/varkert-bazar\/","title":{"rendered":"V\u00e1rkert Baz\u00e1r"},"content":{"rendered":"<p class=\"p1\">Der V\u00e1rkert Baz\u00e1r ist ein restaurierter Neorenaissance-Komplex am Rande des Burgbergs mit Blick auf die sch\u00f6ne Budaer Uferpromenade am Fu\u00dfe des K\u00f6nigspalastes. Die 2014 renovierte Promenade beherbergt heute ein Kulturzentrum mit Ausstellungsr\u00e4umen, einem sch\u00f6nen Blumengarten, einem Park und einem Kino. Der V\u00e1rkert\u00a0Baz\u00e1r, der Vergangenheit und Gegenwart, Klassik und Moderne, Kultur und Unterhaltung miteinander verbindet, bietet immer wieder spannende Konzerte, Ausstellungen und kulturelle Initiativen.<\/p>\n","protected":false},"excerpt":{"rendered":"<p>Der V\u00e1rkert Baz\u00e1r ist ein restaurierter Neorenaissance-Komplex am Rande des Burgbergs mit Blick auf die sch\u00f6ne Budaer Uferpromenade am Fu\u00dfe des K\u00f6nigspalastes. Die 2014 renovierte Promenade beherbergt heute ein Kulturzentrum mit Ausstellungsr\u00e4umen, einem sch\u00f6nen Blumengarten, einem Park und einem Kino. Der V\u00e1rkert\u00a0Baz\u00e1r, der Vergangenheit und Gegenwart, Klassik und Moderne, Kultur und Unterhaltung miteinander verbindet, bietet [&hellip;]<\/p>\n","protected":false},"author":1,"featured_media":3292,"parent":2908,"menu_order":0,"comment_status":"closed","ping_status":"closed","template":"tpl-location.php","meta":{"_acf_changed":false,"footnotes":""},"acf":{"address":"Budapest, Ybl Mikl\u00f3s t\u00e9r 2-6, 1013 Hungary","location_type":"beauty","map_link":"https:\/\/www.google.com\/maps\/place\/Castle+Garden+Bazaar\/@47.4949042,19.0426074,15z\/data=!4m5!3m4!1s0x0:0xd5817ed16b048e4a!8m2!3d47.4949067!4d19.0426174","trip_advisor":"https:\/\/www.tripadvisor.co.uk\/ShowUserReviews-g274887-d7178088-r492180070-Castle_Garden-Budapest_Central_Hungary.html","coordinates":{"latitude":"47.4949042","longitude":"19.0426074"},"charging_stations":[{"charging_station":"CHAdeMO (22.4kW) \/ CCS (22.4kW):  Lovas Ut 41, 1012 (2.5km \/ 7 min)"}]},"aioseo_notices":[],"_links":{"self":[{"href":"https:\/\/nissantravelguide.com\/de\/wp-json\/wp\/v2\/pages\/3870"}],"collection":[{"href":"https:\/\/nissantravelguide.com\/de\/wp-json\/wp\/v2\/pages"}],"about":[{"href":"https:\/\/nissantravelguide.com\/de\/wp-json\/wp\/v2\/types\/page"}],"author":[{"embeddable":true,"href":"https:\/\/nissantravelguide.com\/de\/wp-json\/wp\/v2\/users\/1"}],"replies":[{"embeddable":true,"href":"https:\/\/nissantravelguide.com\/de\/wp-json\/wp\/v2\/comments?post=3870"}],"version-history":[{"count":0,"href":"https:\/\/nissantravelguide.com\/de\/wp-json\/wp\/v2\/pages\/3870\/revisions"}],"up":[{"embeddable":true,"href":"https:\/\/nissantravelguide.com\/de\/wp-json\/wp\/v2\/pages\/2908"}],"wp:featuredmedia":[{"embeddable":true,"href":"https:\/\/nissantravelguide.com\/de\/wp-json\/wp\/v2\/media\/3292"}],"wp:attachment":[{"href":"https:\/\/nissantravelguide.com\/de\/wp-json\/wp\/v2\/media?parent=3870"}],"curies":[{"name":"wp","href":"https:\/\/api.w.org\/{rel}","templated":true}]}}