{"id":3871,"date":"2022-12-12T08:30:29","date_gmt":"2022-12-12T08:30:29","guid":{"rendered":"https:\/\/nissantravelguide.com\/budapest\/fischerbastion\/"},"modified":"2022-12-12T08:30:29","modified_gmt":"2022-12-12T08:30:29","slug":"fischerbastion","status":"publish","type":"page","link":"https:\/\/nissantravelguide.com\/de\/budapest\/fischerbastion\/","title":{"rendered":"Fischerbastion"},"content":{"rendered":"<p class=\"p1\">F\u00fcr Erstbesucher ist dieser Ort zweifellos ein Muss. Der atemberaubende Aussichtsturm ist mit kunstvollen T\u00fcrmchen und Spitzen geschm\u00fcckt und bietet den besten Panoramablick in ganz Budapest. Das ungarische Parlament, die vier Hauptbr\u00fccken, der Stephansdom, der Gellertberg, die Margareteninsel und das Stadtbild von Pest\u00a0\u2013 all das k\u00f6nnen Sie von diesem einen Ort aus \u00fcberblicken. Die Fischerbastion ist eines der ber\u00fchmtesten Denkm\u00e4ler der Stadt. 30\u00a0Minuten reichen aus, um die gesamte Bastion zu erkunden.<\/p>\n","protected":false},"excerpt":{"rendered":"<p>F\u00fcr Erstbesucher ist dieser Ort zweifellos ein Muss. Der atemberaubende Aussichtsturm ist mit kunstvollen T\u00fcrmchen und Spitzen geschm\u00fcckt und bietet den besten Panoramablick in ganz Budapest. Das ungarische Parlament, die vier Hauptbr\u00fccken, der Stephansdom, der Gellertberg, die Margareteninsel und das Stadtbild von Pest\u00a0\u2013 all das k\u00f6nnen Sie von diesem einen Ort aus \u00fcberblicken. Die Fischerbastion [&hellip;]<\/p>\n","protected":false},"author":1,"featured_media":3152,"parent":2908,"menu_order":0,"comment_status":"closed","ping_status":"closed","template":"tpl-location.php","meta":{"_acf_changed":false,"footnotes":""},"acf":{"address":"Budapest, Szenth\u00e1roms\u00e1g t\u00e9r, 1014 Hungary","location_type":"beauty","map_link":"https:\/\/www.google.com\/maps\/place\/Fisherman's+Bastion\/@47.5021827,19.0347812,15z\/data=!4m5!3m4!1s0x0:0x2f263ca844235e46!8m2!3d47.5021827!4d19.0347812","trip_advisor":"https:\/\/www.tripadvisor.co.uk\/Attraction_Review-g274887-d21229283-Reviews-Fishermen_s_Bastion-Budapest_Central_Hungary.html","coordinates":{"latitude":"47.5021827","longitude":"19.0347812"},"charging_stations":[{"charging_station":"CHAdeMO (22.4kW) \/ CCS (22.4kW): Lovas Ut 41, 1012 (800m \/ 3 min)"}]},"aioseo_notices":[],"_links":{"self":[{"href":"https:\/\/nissantravelguide.com\/de\/wp-json\/wp\/v2\/pages\/3871"}],"collection":[{"href":"https:\/\/nissantravelguide.com\/de\/wp-json\/wp\/v2\/pages"}],"about":[{"href":"https:\/\/nissantravelguide.com\/de\/wp-json\/wp\/v2\/types\/page"}],"author":[{"embeddable":true,"href":"https:\/\/nissantravelguide.com\/de\/wp-json\/wp\/v2\/users\/1"}],"replies":[{"embeddable":true,"href":"https:\/\/nissantravelguide.com\/de\/wp-json\/wp\/v2\/comments?post=3871"}],"version-history":[{"count":0,"href":"https:\/\/nissantravelguide.com\/de\/wp-json\/wp\/v2\/pages\/3871\/revisions"}],"up":[{"embeddable":true,"href":"https:\/\/nissantravelguide.com\/de\/wp-json\/wp\/v2\/pages\/2908"}],"wp:featuredmedia":[{"embeddable":true,"href":"https:\/\/nissantravelguide.com\/de\/wp-json\/wp\/v2\/media\/3152"}],"wp:attachment":[{"href":"https:\/\/nissantravelguide.com\/de\/wp-json\/wp\/v2\/media?parent=3871"}],"curies":[{"name":"wp","href":"https:\/\/api.w.org\/{rel}","templated":true}]}}