{"id":3872,"date":"2022-12-12T08:31:00","date_gmt":"2022-12-12T08:31:00","guid":{"rendered":"https:\/\/nissantravelguide.com\/budapest\/budapester-stadtpark\/"},"modified":"2022-12-12T08:31:00","modified_gmt":"2022-12-12T08:31:00","slug":"budapester-stadtpark","status":"publish","type":"page","link":"https:\/\/nissantravelguide.com\/de\/budapest\/budapester-stadtpark\/","title":{"rendered":"Budapester Stadtpark"},"content":{"rendered":"<p class=\"p1\">Der Budapester Stadtpark bietet f\u00fcr jeden etwas. Der 200\u00a0Jahre alte Park zog mit seinem geheimnisvollen Zauber schon so manchen Besucher in seinen Bann. Er liegt zwar in der N\u00e4he des Stadtzentrums, hat sich aber als Zufluchtsort vor dem st\u00e4dtischen Treiben bew\u00e4hrt. Aber Vorsicht: Es ist leicht, sich zwischen dem bezaubernden Schloss, den zahlreichen Museen und den sch\u00f6nen Seen zu verlieren. Es gibt sogar eine gro\u00dfe Auswahl an Restaurants, sodass Sie den Park gar nicht verlassen m\u00fcssen, um einen Happen zu essen.<span class=\"Apple-converted-space\">\u00a0<\/span><\/p>\n","protected":false},"excerpt":{"rendered":"<p>Der Budapester Stadtpark bietet f\u00fcr jeden etwas. Der 200\u00a0Jahre alte Park zog mit seinem geheimnisvollen Zauber schon so manchen Besucher in seinen Bann. Er liegt zwar in der N\u00e4he des Stadtzentrums, hat sich aber als Zufluchtsort vor dem st\u00e4dtischen Treiben bew\u00e4hrt. Aber Vorsicht: Es ist leicht, sich zwischen dem bezaubernden Schloss, den zahlreichen Museen und [&hellip;]<\/p>\n","protected":false},"author":1,"featured_media":3087,"parent":2908,"menu_order":0,"comment_status":"closed","ping_status":"closed","template":"tpl-location.php","meta":{"_acf_changed":false,"footnotes":""},"acf":{"address":"Budapest, K\u00f3s K\u00e1roly stny., 1146 Hungary","location_type":"beauty","map_link":"https:\/\/www.google.com\/maps\/place\/City+Park\/@47.514292,19.085244,15z\/data=!4m5!3m4!1s0x0:0x757db90f482bea97!8m2!3d47.514292!4d19.085244","trip_advisor":"https:\/\/www.tripadvisor.co.uk\/Attraction_Review-g274887-d276830-Reviews-Varosliget-Budapest_Central_Hungary.html","coordinates":{"latitude":"47.514292","longitude":"19.085244"},"charging_stations":[{"charging_station":"Type 2 (22kW): Bajza Ut 3, 1071 (1.5km \/ 4 min)"}]},"aioseo_notices":[],"_links":{"self":[{"href":"https:\/\/nissantravelguide.com\/de\/wp-json\/wp\/v2\/pages\/3872"}],"collection":[{"href":"https:\/\/nissantravelguide.com\/de\/wp-json\/wp\/v2\/pages"}],"about":[{"href":"https:\/\/nissantravelguide.com\/de\/wp-json\/wp\/v2\/types\/page"}],"author":[{"embeddable":true,"href":"https:\/\/nissantravelguide.com\/de\/wp-json\/wp\/v2\/users\/1"}],"replies":[{"embeddable":true,"href":"https:\/\/nissantravelguide.com\/de\/wp-json\/wp\/v2\/comments?post=3872"}],"version-history":[{"count":0,"href":"https:\/\/nissantravelguide.com\/de\/wp-json\/wp\/v2\/pages\/3872\/revisions"}],"up":[{"embeddable":true,"href":"https:\/\/nissantravelguide.com\/de\/wp-json\/wp\/v2\/pages\/2908"}],"wp:featuredmedia":[{"embeddable":true,"href":"https:\/\/nissantravelguide.com\/de\/wp-json\/wp\/v2\/media\/3087"}],"wp:attachment":[{"href":"https:\/\/nissantravelguide.com\/de\/wp-json\/wp\/v2\/media?parent=3872"}],"curies":[{"name":"wp","href":"https:\/\/api.w.org\/{rel}","templated":true}]}}