{"id":3873,"date":"2022-12-12T08:31:52","date_gmt":"2022-12-12T08:31:52","guid":{"rendered":"https:\/\/nissantravelguide.com\/budapest\/heldenplatz\/"},"modified":"2022-12-12T08:31:52","modified_gmt":"2022-12-12T08:31:52","slug":"heldenplatz","status":"publish","type":"page","link":"https:\/\/nissantravelguide.com\/de\/budapest\/heldenplatz\/","title":{"rendered":"Heldenplatz"},"content":{"rendered":"<p>Der 1896 zur 1000-Jahr-Feier der ungarischen Landnahme errichtete Heldenplatz ist der gr\u00f6\u00dfte und symboltr\u00e4chtigste Platz in Budapest. Mit dem Erzengel Gabriel (der von der Spitze des zentralen Millenniumsdenkmals aus wacht) und den Statuen von f\u00fcnf Freiheitsk\u00e4mpfern in der N\u00e4he nimmt diese St\u00e4tte Sie auf eine Reise durch das ungarische Kulturerbe mit.<\/p>\n","protected":false},"excerpt":{"rendered":"<p>Der 1896 zur 1000-Jahr-Feier der ungarischen Landnahme errichtete Heldenplatz ist der gr\u00f6\u00dfte und symboltr\u00e4chtigste Platz in Budapest. Mit dem Erzengel Gabriel (der von der Spitze des zentralen Millenniumsdenkmals aus wacht) und den Statuen von f\u00fcnf Freiheitsk\u00e4mpfern in der N\u00e4he nimmt diese St\u00e4tte Sie auf eine Reise durch das ungarische Kulturerbe mit.<\/p>\n","protected":false},"author":1,"featured_media":3167,"parent":2908,"menu_order":0,"comment_status":"closed","ping_status":"closed","template":"tpl-location.php","meta":{"_acf_changed":false,"footnotes":""},"acf":{"address":"Budapest, H\u0151s\u00f6k tere, 1146 Hungary","location_type":"beauty","map_link":"https:\/\/www.google.com\/maps\/place\/Heroes'+Square\/@47.5149429,19.0778626,15z\/data=!4m5!3m4!1s0x0:0x34417cbcba48293f!8m2!3d47.5149429!4d19.0778626","trip_advisor":"https:\/\/www.tripadvisor.co.uk\/Attraction_Review-g274887-d276827-Reviews-Heroes_Square-Budapest_Central_Hungary.html","coordinates":{"latitude":"47.5149429","longitude":"19.0778626"},"charging_stations":[{"charging_station":"Type 2 (22kW): Bajza Ut 3, 1071 (1.1km \/ 3 min)"}]},"aioseo_notices":[],"_links":{"self":[{"href":"https:\/\/nissantravelguide.com\/de\/wp-json\/wp\/v2\/pages\/3873"}],"collection":[{"href":"https:\/\/nissantravelguide.com\/de\/wp-json\/wp\/v2\/pages"}],"about":[{"href":"https:\/\/nissantravelguide.com\/de\/wp-json\/wp\/v2\/types\/page"}],"author":[{"embeddable":true,"href":"https:\/\/nissantravelguide.com\/de\/wp-json\/wp\/v2\/users\/1"}],"replies":[{"embeddable":true,"href":"https:\/\/nissantravelguide.com\/de\/wp-json\/wp\/v2\/comments?post=3873"}],"version-history":[{"count":0,"href":"https:\/\/nissantravelguide.com\/de\/wp-json\/wp\/v2\/pages\/3873\/revisions"}],"up":[{"embeddable":true,"href":"https:\/\/nissantravelguide.com\/de\/wp-json\/wp\/v2\/pages\/2908"}],"wp:featuredmedia":[{"embeddable":true,"href":"https:\/\/nissantravelguide.com\/de\/wp-json\/wp\/v2\/media\/3167"}],"wp:attachment":[{"href":"https:\/\/nissantravelguide.com\/de\/wp-json\/wp\/v2\/media?parent=3873"}],"curies":[{"name":"wp","href":"https:\/\/api.w.org\/{rel}","templated":true}]}}