{"id":3875,"date":"2022-12-12T08:33:04","date_gmt":"2022-12-12T08:33:04","guid":{"rendered":"https:\/\/nissantravelguide.com\/budapest\/budapester-burg\/"},"modified":"2022-12-12T08:33:04","modified_gmt":"2022-12-12T08:33:04","slug":"budapester-burg","status":"publish","type":"page","link":"https:\/\/nissantravelguide.com\/de\/budapest\/budapester-burg\/","title":{"rendered":"Budapester Burg"},"content":{"rendered":"<p class=\"p1\">Die Budaer Burg, die an der Spitze des V\u00e1rhegy-H\u00fcgels \u00fcber der Stadt thront, ist eines der Wahrzeichen von Budapest. Die majest\u00e4tische Burg bietet eine unglaubliche Aussicht, die auch ohne Instagram-Filter zur Geltung kommt, und beherbergt eine Reihe von Kulturinstituten. Von der Ungarischen Nationalgalerie bis zur Matthiaskirche, von der Standseilbahn auf den Burgberg bis zu den s\u00fc\u00dfen Leckereien des Ruszwurms\u00a0\u2013 gewinnen auch Sie einen Einblick in das alte Herz von Budapest. Top-Tipp: Tragen Sie bequeme Schuhe, denn die Stadt ist mit kopfsteingepflasterten Stra\u00dfen nur so \u00fcbers\u00e4t.<span class=\"Apple-converted-space\">\u00a0<\/span><\/p>\n","protected":false},"excerpt":{"rendered":"<p>Die Budaer Burg, die an der Spitze des V\u00e1rhegy-H\u00fcgels \u00fcber der Stadt thront, ist eines der Wahrzeichen von Budapest. Die majest\u00e4tische Burg bietet eine unglaubliche Aussicht, die auch ohne Instagram-Filter zur Geltung kommt, und beherbergt eine Reihe von Kulturinstituten. Von der Ungarischen Nationalgalerie bis zur Matthiaskirche, von der Standseilbahn auf den Burgberg bis zu den [&hellip;]<\/p>\n","protected":false},"author":1,"featured_media":3077,"parent":2908,"menu_order":0,"comment_status":"closed","ping_status":"closed","template":"tpl-location.php","meta":{"_acf_changed":false,"footnotes":""},"acf":{"address":"Budapest, Szent Gy\u00f6rgy t\u00e9r 2, 1014 Hungary","location_type":"interest","map_link":"https:\/\/www.google.com\/maps\/place\/Buda+Castle\/@47.4962048,19.0395666,15z\/data=!4m5!3m4!1s0x0:0x3dce3a5fa9012576!8m2!3d47.4962048!4d19.0395666","trip_advisor":"https:\/\/www.tripadvisor.co.uk\/Attraction_Review-g274887-d276804-Reviews-Buda_Castle-Budapest_Central_Hungary.html","coordinates":{"latitude":"47.4962048","longitude":"19.0395666"},"charging_stations":[{"charging_station":"CHAdeMO (22.4kW) CCS (22.4kW): Pala Ut, 1011 (1.3km \/ 5 min)"}]},"aioseo_notices":[],"_links":{"self":[{"href":"https:\/\/nissantravelguide.com\/de\/wp-json\/wp\/v2\/pages\/3875"}],"collection":[{"href":"https:\/\/nissantravelguide.com\/de\/wp-json\/wp\/v2\/pages"}],"about":[{"href":"https:\/\/nissantravelguide.com\/de\/wp-json\/wp\/v2\/types\/page"}],"author":[{"embeddable":true,"href":"https:\/\/nissantravelguide.com\/de\/wp-json\/wp\/v2\/users\/1"}],"replies":[{"embeddable":true,"href":"https:\/\/nissantravelguide.com\/de\/wp-json\/wp\/v2\/comments?post=3875"}],"version-history":[{"count":0,"href":"https:\/\/nissantravelguide.com\/de\/wp-json\/wp\/v2\/pages\/3875\/revisions"}],"up":[{"embeddable":true,"href":"https:\/\/nissantravelguide.com\/de\/wp-json\/wp\/v2\/pages\/2908"}],"wp:featuredmedia":[{"embeddable":true,"href":"https:\/\/nissantravelguide.com\/de\/wp-json\/wp\/v2\/media\/3077"}],"wp:attachment":[{"href":"https:\/\/nissantravelguide.com\/de\/wp-json\/wp\/v2\/media?parent=3875"}],"curies":[{"name":"wp","href":"https:\/\/api.w.org\/{rel}","templated":true}]}}