{"id":3876,"date":"2022-12-12T08:33:43","date_gmt":"2022-12-12T08:33:43","guid":{"rendered":"https:\/\/nissantravelguide.com\/budapest\/ungarische-nationalgalerie\/"},"modified":"2022-12-12T08:33:43","modified_gmt":"2022-12-12T08:33:43","slug":"ungarische-nationalgalerie","status":"publish","type":"page","link":"https:\/\/nissantravelguide.com\/de\/budapest\/ungarische-nationalgalerie\/","title":{"rendered":"Ungarische Nationalgalerie"},"content":{"rendered":"<p class=\"p1\">Die Ungarische Nationalgalerie ist die gr\u00f6\u00dfte \u00f6ffentliche Sammlung, die den Aufstieg und die Entwicklung der bildenden K\u00fcnste in Ungarn dokumentiert und pr\u00e4sentiert. Das Museum erstreckt sich \u00fcber vier Etagen und mehrere Fl\u00fcgel der Budaer Burg und beherbergt die Kunstgeschichte vom Mittelalter bis zur abstrakten Malerei des 20.\u00a0Jahrhunderts. Bei mehr als 10\u00a0000 ausgestellten Gem\u00e4lden, Skulpturen, Zeichnungen und Druckgrafiken ist es schwer sich sattzusehen.<\/p>\n","protected":false},"excerpt":{"rendered":"<p>Die Ungarische Nationalgalerie ist die gr\u00f6\u00dfte \u00f6ffentliche Sammlung, die den Aufstieg und die Entwicklung der bildenden K\u00fcnste in Ungarn dokumentiert und pr\u00e4sentiert. Das Museum erstreckt sich \u00fcber vier Etagen und mehrere Fl\u00fcgel der Budaer Burg und beherbergt die Kunstgeschichte vom Mittelalter bis zur abstrakten Malerei des 20.\u00a0Jahrhunderts. Bei mehr als 10\u00a0000 ausgestellten Gem\u00e4lden, Skulpturen, Zeichnungen [&hellip;]<\/p>\n","protected":false},"author":1,"featured_media":3313,"parent":2908,"menu_order":0,"comment_status":"closed","ping_status":"closed","template":"tpl-location.php","meta":{"_acf_changed":false,"footnotes":""},"acf":{"address":"Budapest, Szent Gy\u00f6rgy t\u00e9r 2, 1014 Hungary","location_type":"interest","map_link":"https:\/\/www.google.com\/maps\/place\/Hungarian+National+Gallery\/@47.4961134,19.0396622,15z\/data=!4m5!3m4!1s0x0:0x2fe2e46b9fd445cd!8m2!3d47.4961134!4d19.0396622","trip_advisor":"https:\/\/www.tripadvisor.co.uk\/Attraction_Review-g274887-d276806-Reviews-Hungarian_National_Gallery_Magyar_Nemzeti_Galeria-Budapest_Central_Hungary.html","coordinates":{"latitude":"47.4961134","longitude":"19.0396622"},"charging_stations":[{"charging_station":"CHAdeMO (22.4kW) \/ CCS (22.4kW): Pala Ut, 1011 (2.2 km \/ 9 min)"}]},"aioseo_notices":[],"_links":{"self":[{"href":"https:\/\/nissantravelguide.com\/de\/wp-json\/wp\/v2\/pages\/3876"}],"collection":[{"href":"https:\/\/nissantravelguide.com\/de\/wp-json\/wp\/v2\/pages"}],"about":[{"href":"https:\/\/nissantravelguide.com\/de\/wp-json\/wp\/v2\/types\/page"}],"author":[{"embeddable":true,"href":"https:\/\/nissantravelguide.com\/de\/wp-json\/wp\/v2\/users\/1"}],"replies":[{"embeddable":true,"href":"https:\/\/nissantravelguide.com\/de\/wp-json\/wp\/v2\/comments?post=3876"}],"version-history":[{"count":0,"href":"https:\/\/nissantravelguide.com\/de\/wp-json\/wp\/v2\/pages\/3876\/revisions"}],"up":[{"embeddable":true,"href":"https:\/\/nissantravelguide.com\/de\/wp-json\/wp\/v2\/pages\/2908"}],"wp:featuredmedia":[{"embeddable":true,"href":"https:\/\/nissantravelguide.com\/de\/wp-json\/wp\/v2\/media\/3313"}],"wp:attachment":[{"href":"https:\/\/nissantravelguide.com\/de\/wp-json\/wp\/v2\/media?parent=3876"}],"curies":[{"name":"wp","href":"https:\/\/api.w.org\/{rel}","templated":true}]}}