{"id":3877,"date":"2022-12-12T08:34:17","date_gmt":"2022-12-12T08:34:17","guid":{"rendered":"https:\/\/nissantravelguide.com\/budapest\/szechenyi-bader\/"},"modified":"2022-12-12T08:34:17","modified_gmt":"2022-12-12T08:34:17","slug":"szechenyi-bader","status":"publish","type":"page","link":"https:\/\/nissantravelguide.com\/de\/budapest\/szechenyi-bader\/","title":{"rendered":"Sz\u00e9chenyi B\u00e4der"},"content":{"rendered":"<p class=\"p1\">Waren Sie \u00fcberhaupt in Budapest, wenn Sie nicht die Szechenyi-B\u00e4der besucht haben? Dieses nat\u00fcrliche Thermalbad ist die meistbesuchte Attraktion der \u201eStadt der B\u00e4der\u201c und mit Sicherheit DER Instagram-Spot der Stadt. Es ist auch das gr\u00f6\u00dfte Thermalbad Europas mit 18\u00a0Becken, 10\u00a0Saunen, verschiedenen Massageangeboten, Gesichtsbehandlungen und vielem mehr. Einen entspannenderen Ort als die Szechenyi-B\u00e4der werden Sie kaum finden.<\/p>\n","protected":false},"excerpt":{"rendered":"<p>Waren Sie \u00fcberhaupt in Budapest, wenn Sie nicht die Szechenyi-B\u00e4der besucht haben? Dieses nat\u00fcrliche Thermalbad ist die meistbesuchte Attraktion der \u201eStadt der B\u00e4der\u201c und mit Sicherheit DER Instagram-Spot der Stadt. Es ist auch das gr\u00f6\u00dfte Thermalbad Europas mit 18\u00a0Becken, 10\u00a0Saunen, verschiedenen Massageangeboten, Gesichtsbehandlungen und vielem mehr. Einen entspannenderen Ort als die Szechenyi-B\u00e4der werden Sie kaum [&hellip;]<\/p>\n","protected":false},"author":1,"featured_media":3267,"parent":2908,"menu_order":0,"comment_status":"closed","ping_status":"closed","template":"tpl-location.php","meta":{"_acf_changed":false,"footnotes":""},"acf":{"address":"Budapest, \u00c1llatkerti krt. 9-11, 1146 Hungary","location_type":"interest","map_link":"https:\/\/www.google.com\/maps\/place\/Sz%C3%A9chenyi+Thermal+Bath\/@47.5186568,19.0823791,15z\/data=!4m5!3m4!1s0x0:0xcbc0c308b68d2412!8m2!3d47.5186568!4d19.0823791","trip_advisor":"https:\/\/www.tripadvisor.co.uk\/Attraction_Review-g274887-d279029-Reviews-Szechenyi_Baths_and_Pool-Budapest_Central_Hungary.html","coordinates":{"latitude":"47.5186568","longitude":"19.0823791"},"charging_stations":[{"charging_station":"Type 2, (22.1 kW): Mobiliti Charging Station, Andrassy Ut 121, 1062 (1km \/ 5 min)"}]},"aioseo_notices":[],"_links":{"self":[{"href":"https:\/\/nissantravelguide.com\/de\/wp-json\/wp\/v2\/pages\/3877"}],"collection":[{"href":"https:\/\/nissantravelguide.com\/de\/wp-json\/wp\/v2\/pages"}],"about":[{"href":"https:\/\/nissantravelguide.com\/de\/wp-json\/wp\/v2\/types\/page"}],"author":[{"embeddable":true,"href":"https:\/\/nissantravelguide.com\/de\/wp-json\/wp\/v2\/users\/1"}],"replies":[{"embeddable":true,"href":"https:\/\/nissantravelguide.com\/de\/wp-json\/wp\/v2\/comments?post=3877"}],"version-history":[{"count":0,"href":"https:\/\/nissantravelguide.com\/de\/wp-json\/wp\/v2\/pages\/3877\/revisions"}],"up":[{"embeddable":true,"href":"https:\/\/nissantravelguide.com\/de\/wp-json\/wp\/v2\/pages\/2908"}],"wp:featuredmedia":[{"embeddable":true,"href":"https:\/\/nissantravelguide.com\/de\/wp-json\/wp\/v2\/media\/3267"}],"wp:attachment":[{"href":"https:\/\/nissantravelguide.com\/de\/wp-json\/wp\/v2\/media?parent=3877"}],"curies":[{"name":"wp","href":"https:\/\/api.w.org\/{rel}","templated":true}]}}