{"id":3878,"date":"2022-12-12T08:34:53","date_gmt":"2022-12-12T08:34:53","guid":{"rendered":"https:\/\/nissantravelguide.com\/budapest\/ungarisches-haus-der-musik\/"},"modified":"2022-12-12T17:26:15","modified_gmt":"2022-12-12T17:26:15","slug":"ungarisches-haus-der-musik","status":"publish","type":"page","link":"https:\/\/nissantravelguide.com\/de\/budapest\/ungarisches-haus-der-musik\/","title":{"rendered":"Ungarisches Haus der Musik"},"content":{"rendered":"<p class=\"p1\">Das vom japanischen Architekten Sou\u00a0Fujimoto erbaute House\u00a0of\u00a0Music\u00a0Hungary wurde im Januar\u00a02022 im City\u00a0Park er\u00f6ffnet und hat sich zu einem der neuesten Hotspots der Stadt entwickelt. Es ist in einem spektakul\u00e4ren Geb\u00e4ude untergebracht, das zwischen den B\u00e4umen eingebettet nahezu surreal wirkt, als entstamme es einer anderen Welt. Als erstes umfassendes Ausstellungshaus des Landes, das die Entwicklung der ungarischen Musik zeigt, ist es in jedem Fall einen Besuch wert.<span class=\"Apple-converted-space\">\u00a0<\/span><\/p>\n","protected":false},"excerpt":{"rendered":"<p>Das vom japanischen Architekten Sou\u00a0Fujimoto erbaute House\u00a0of\u00a0Music\u00a0Hungary wurde im Januar\u00a02022 im City\u00a0Park er\u00f6ffnet und hat sich zu einem der neuesten Hotspots der Stadt entwickelt. Es ist in einem spektakul\u00e4ren Geb\u00e4ude untergebracht, das zwischen den B\u00e4umen eingebettet nahezu surreal wirkt, als entstamme es einer anderen Welt. Als erstes umfassendes Ausstellungshaus des Landes, das die Entwicklung der [&hellip;]<\/p>\n","protected":false},"author":1,"featured_media":3212,"parent":2908,"menu_order":0,"comment_status":"closed","ping_status":"closed","template":"tpl-location.php","meta":{"_acf_changed":false,"footnotes":""},"acf":{"address":"Budapest, Olof Palme stny. 3, 1146 Hungary","location_type":"interest","map_link":"https:\/\/www.google.com\/maps\/place\/House+of+Music,+Hungary\/@47.5126328,19.0840292,15z\/data=!4m5!3m4!1s0x0:0x1b0365a6f8f3620!8m2!3d47.5126328!4d19.0840292","trip_advisor":"https:\/\/www.tripadvisor.co.uk\/Attraction_Review-g274887-d23873098-Reviews-Magyar_Zene_Haza-Budapest_Central_Hungary.html","coordinates":{"latitude":"47.5126328","longitude":"19.0840292"},"charging_stations":[{"charging_station":"Type 2, (22.1 kW): Mobiliti Charging Station, Varosligeti Fasor 18, 1068 (1.6km \/ 6 min) "}]},"aioseo_notices":[],"_links":{"self":[{"href":"https:\/\/nissantravelguide.com\/de\/wp-json\/wp\/v2\/pages\/3878"}],"collection":[{"href":"https:\/\/nissantravelguide.com\/de\/wp-json\/wp\/v2\/pages"}],"about":[{"href":"https:\/\/nissantravelguide.com\/de\/wp-json\/wp\/v2\/types\/page"}],"author":[{"embeddable":true,"href":"https:\/\/nissantravelguide.com\/de\/wp-json\/wp\/v2\/users\/1"}],"replies":[{"embeddable":true,"href":"https:\/\/nissantravelguide.com\/de\/wp-json\/wp\/v2\/comments?post=3878"}],"version-history":[{"count":1,"href":"https:\/\/nissantravelguide.com\/de\/wp-json\/wp\/v2\/pages\/3878\/revisions"}],"predecessor-version":[{"id":4243,"href":"https:\/\/nissantravelguide.com\/de\/wp-json\/wp\/v2\/pages\/3878\/revisions\/4243"}],"up":[{"embeddable":true,"href":"https:\/\/nissantravelguide.com\/de\/wp-json\/wp\/v2\/pages\/2908"}],"wp:featuredmedia":[{"embeddable":true,"href":"https:\/\/nissantravelguide.com\/de\/wp-json\/wp\/v2\/media\/3212"}],"wp:attachment":[{"href":"https:\/\/nissantravelguide.com\/de\/wp-json\/wp\/v2\/media?parent=3878"}],"curies":[{"name":"wp","href":"https:\/\/api.w.org\/{rel}","templated":true}]}}