{"id":3880,"date":"2022-12-12T08:37:02","date_gmt":"2022-12-12T08:37:02","guid":{"rendered":"https:\/\/nissantravelguide.com\/budapest\/erzabtei-pannonhalma\/"},"modified":"2022-12-12T08:37:02","modified_gmt":"2022-12-12T08:37:02","slug":"erzabtei-pannonhalma","status":"publish","type":"page","link":"https:\/\/nissantravelguide.com\/de\/budapest\/erzabtei-pannonhalma\/","title":{"rendered":"Erzabtei Pannonhalma"},"content":{"rendered":"<p class=\"p1\">Das UNESCO-Kulturerbe ist eines der architektonischen und kulturellen Schmuckst\u00fccke Ungarns. Die Abtei ist auch eines der \u00e4ltesten historischen Denkm\u00e4ler des Landes, in dessen R\u00e4umlichkeiten es viel zu entdecken gibt und das Kinder und Eltern gleicherma\u00dfen in Erstaunen zu versetzen wei\u00df. Machen Sie einen Spaziergang durch die G\u00e4rten, genie\u00dfen Sie die Aussicht von ihrem monumentalen Turm aus oder vertiefen Sie sich in eines der 300\u00a0000\u00a0B\u00fccher der Bibliothek.<span class=\"Apple-converted-space\">\u00a0<\/span><\/p>\n","protected":false},"excerpt":{"rendered":"<p>Das UNESCO-Kulturerbe ist eines der architektonischen und kulturellen Schmuckst\u00fccke Ungarns. Die Abtei ist auch eines der \u00e4ltesten historischen Denkm\u00e4ler des Landes, in dessen R\u00e4umlichkeiten es viel zu entdecken gibt und das Kinder und Eltern gleicherma\u00dfen in Erstaunen zu versetzen wei\u00df. Machen Sie einen Spaziergang durch die G\u00e4rten, genie\u00dfen Sie die Aussicht von ihrem monumentalen Turm [&hellip;]<\/p>\n","protected":false},"author":1,"featured_media":3242,"parent":2908,"menu_order":0,"comment_status":"closed","ping_status":"closed","template":"tpl-location.php","meta":{"_acf_changed":false,"footnotes":""},"acf":{"address":"Budapest, Szent Gy\u00f6rgy t\u00e9r 2, 1014 Hungary","location_type":"interest","map_link":"https:\/\/www.google.com\/maps\/place\/Pannonhalma+Archabbey\/@47.55212,17.7599177,17z\/data=!3m1!4b1!4m5!3m4!1s0x476bc58be5c1f541:0xf3b9254193936839!8m2!3d47.55212!4d17.7621064","trip_advisor":"https:\/\/www.tripadvisor.co.uk\/Attraction_Review-g754048-d7055227-Reviews-Pannonhalma_Archabbey-Pannonhalma_Gyor_Moson_Sopron_County_Central_Transdanubia.html","coordinates":{"latitude":"47.4962048","longitude":"19.0395666"},"charging_stations":[{"charging_station":"Type 2 (22.1 kW): Pannonhalma, Varaja, 9090 (1.9 km \/ 4 min)"}]},"aioseo_notices":[],"_links":{"self":[{"href":"https:\/\/nissantravelguide.com\/de\/wp-json\/wp\/v2\/pages\/3880"}],"collection":[{"href":"https:\/\/nissantravelguide.com\/de\/wp-json\/wp\/v2\/pages"}],"about":[{"href":"https:\/\/nissantravelguide.com\/de\/wp-json\/wp\/v2\/types\/page"}],"author":[{"embeddable":true,"href":"https:\/\/nissantravelguide.com\/de\/wp-json\/wp\/v2\/users\/1"}],"replies":[{"embeddable":true,"href":"https:\/\/nissantravelguide.com\/de\/wp-json\/wp\/v2\/comments?post=3880"}],"version-history":[{"count":0,"href":"https:\/\/nissantravelguide.com\/de\/wp-json\/wp\/v2\/pages\/3880\/revisions"}],"up":[{"embeddable":true,"href":"https:\/\/nissantravelguide.com\/de\/wp-json\/wp\/v2\/pages\/2908"}],"wp:featuredmedia":[{"embeddable":true,"href":"https:\/\/nissantravelguide.com\/de\/wp-json\/wp\/v2\/media\/3242"}],"wp:attachment":[{"href":"https:\/\/nissantravelguide.com\/de\/wp-json\/wp\/v2\/media?parent=3880"}],"curies":[{"name":"wp","href":"https:\/\/api.w.org\/{rel}","templated":true}]}}