{"id":3881,"date":"2022-12-12T08:44:34","date_gmt":"2022-12-12T08:44:34","guid":{"rendered":"https:\/\/nissantravelguide.com\/prag\/mosaic-house\/"},"modified":"2022-12-12T17:29:29","modified_gmt":"2022-12-12T17:29:29","slug":"mosaic-house","status":"publish","type":"page","link":"https:\/\/nissantravelguide.com\/de\/prag\/mosaic-house\/","title":{"rendered":"Mosaic House"},"content":{"rendered":"<p class=\"p1\">Ausgefallen, modern, nachhaltig und schick\u00a0\u2013 das Mosaic\u00a0House Design-Hotel im Herzen von Prag ist ein idealer Ausgangspunkt, um diese pulsierende Stadt zu erkunden. Das nur einen Steinwurf von der Moldau entfernt gelegene und 2020 renovierte Mosaic\u00a0House wurde urspr\u00fcnglich 1935 im Stile des Funktionalismus erbaut, was ihm einen Hauch von Zweckm\u00e4\u00dfigkeit verleiht. \u00dcber das Gel\u00e4nde des Hotels ist eine Reihe von Kunstwerken verteilt \u2013 darunter nat\u00fcrlich auch Mosaike. Hinzu kommen Arbeitsr\u00e4ume, Wellness- und Saunaangebote, ein Caf\u00e9, eine Bibliothek und erholsame Ruhezonen, in denen man der Hektik der Stadt entfliehen kann.<span class=\"Apple-converted-space\">\u00a0<\/span><\/p>\n<p class=\"p1\">Mosaic\u00a0House r\u00fchmt sich auch einer gewissen Nachhaltigkeit. Es beherbergt das erste Grauwasser-Recycling-System der Tschechischen\u00a0Republik, wassersparende Ger\u00e4te in den Zimmern und automatische Jalousien, die die Klimatisierung optimieren.<\/p>\n","protected":false},"excerpt":{"rendered":"<p>Ausgefallen, modern, nachhaltig und schick\u00a0\u2013 das Mosaic\u00a0House Design-Hotel im Herzen von Prag ist ein idealer Ausgangspunkt, um diese pulsierende Stadt zu erkunden. Das nur einen Steinwurf von der Moldau entfernt gelegene und 2020 renovierte Mosaic\u00a0House wurde urspr\u00fcnglich 1935 im Stile des Funktionalismus erbaut, was ihm einen Hauch von Zweckm\u00e4\u00dfigkeit verleiht. \u00dcber das Gel\u00e4nde des Hotels [&hellip;]<\/p>\n","protected":false},"author":1,"featured_media":3636,"parent":2911,"menu_order":0,"comment_status":"closed","ping_status":"closed","template":"tpl-location.php","meta":{"_acf_changed":false,"footnotes":""},"acf":{"address":"Odbor\u016f 278\/4, 120 00 Nov\u00e9 M\u011bsto, Czechia","location_type":"hotel","map_link":"https:\/\/www.google.com\/maps\/place\/Mosaic+House+Design+Hotel\/@50.0775048,14.4158254,17z\/data=!3m1!4b1!4m8!3m7!1s0x470b952a6030a397:0xa5c39ac7d5ee7a24!5m2!4m1!1i2!8m2!3d50.0775048!4d14.4180141","trip_advisor":"https:\/\/www.tripadvisor.com\/Hotel_Review-g274707-d1656616-Reviews-Mosaic_House_Design_Hotel-Prague_Bohemia.html","coordinates":{"latitude":"50.0775048","longitude":"14.4158254"},"charging_stations":[{"charging_station":"Type 2 (22kW): Sokolovska 11 (4.2km \/ 14 min)"}]},"aioseo_notices":[],"_links":{"self":[{"href":"https:\/\/nissantravelguide.com\/de\/wp-json\/wp\/v2\/pages\/3881"}],"collection":[{"href":"https:\/\/nissantravelguide.com\/de\/wp-json\/wp\/v2\/pages"}],"about":[{"href":"https:\/\/nissantravelguide.com\/de\/wp-json\/wp\/v2\/types\/page"}],"author":[{"embeddable":true,"href":"https:\/\/nissantravelguide.com\/de\/wp-json\/wp\/v2\/users\/1"}],"replies":[{"embeddable":true,"href":"https:\/\/nissantravelguide.com\/de\/wp-json\/wp\/v2\/comments?post=3881"}],"version-history":[{"count":1,"href":"https:\/\/nissantravelguide.com\/de\/wp-json\/wp\/v2\/pages\/3881\/revisions"}],"predecessor-version":[{"id":4247,"href":"https:\/\/nissantravelguide.com\/de\/wp-json\/wp\/v2\/pages\/3881\/revisions\/4247"}],"up":[{"embeddable":true,"href":"https:\/\/nissantravelguide.com\/de\/wp-json\/wp\/v2\/pages\/2911"}],"wp:featuredmedia":[{"embeddable":true,"href":"https:\/\/nissantravelguide.com\/de\/wp-json\/wp\/v2\/media\/3636"}],"wp:attachment":[{"href":"https:\/\/nissantravelguide.com\/de\/wp-json\/wp\/v2\/media?parent=3881"}],"curies":[{"name":"wp","href":"https:\/\/api.w.org\/{rel}","templated":true}]}}