{"id":3882,"date":"2022-12-12T08:45:10","date_gmt":"2022-12-12T08:45:10","guid":{"rendered":"https:\/\/nissantravelguide.com\/prag\/botanique-hotel\/"},"modified":"2022-12-12T08:45:10","modified_gmt":"2022-12-12T08:45:10","slug":"botanique-hotel","status":"publish","type":"page","link":"https:\/\/nissantravelguide.com\/de\/prag\/botanique-hotel\/","title":{"rendered":"Botanique Hotel"},"content":{"rendered":"<p class=\"p1\">Mit seinem beeindruckenden Engagement f\u00fcr Nachhaltigkeit, seiner minimalistischen Farbpalette und den vom ber\u00fchmten tschechischen Designer Olgoj\u00a0Chorchoj gestalteten Zimmern ist das haustierfreundliche Hotel\u00a0Botanique im Zentrum Prags die perfekte Wahl f\u00fcr bewusste Reisende (und ihre pelzigen Mitreisenden!). Das stark von der Natur inspirierte \u00d6ko-Hotel verf\u00fcgt \u00fcber ein umfassendes \u201eBe Green\u201c-Programm, das unter anderem Recycling-Initiativen, biologische Einrichtungen, eine Ladestation f\u00fcr Elektroautos sowie ein striktes Verbot von Einweg-Plastik vorsieht.<span class=\"Apple-converted-space\">\u00a0<\/span><\/p>\n<p class=\"p1\">Das hoteleigene Bistro mit integrierter Bar serviert exzellente K\u00fcche aus frischen lokalen Produkten und bietet seinen G\u00e4sten glutenfreie, vegane und vegetarische Men\u00fcs.<span class=\"Apple-converted-space\">\u00a0<\/span><\/p>\n","protected":false},"excerpt":{"rendered":"<p>Mit seinem beeindruckenden Engagement f\u00fcr Nachhaltigkeit, seiner minimalistischen Farbpalette und den vom ber\u00fchmten tschechischen Designer Olgoj\u00a0Chorchoj gestalteten Zimmern ist das haustierfreundliche Hotel\u00a0Botanique im Zentrum Prags die perfekte Wahl f\u00fcr bewusste Reisende (und ihre pelzigen Mitreisenden!). Das stark von der Natur inspirierte \u00d6ko-Hotel verf\u00fcgt \u00fcber ein umfassendes \u201eBe Green\u201c-Programm, das unter anderem Recycling-Initiativen, biologische Einrichtungen, eine [&hellip;]<\/p>\n","protected":false},"author":1,"featured_media":3536,"parent":2911,"menu_order":0,"comment_status":"closed","ping_status":"closed","template":"tpl-location.php","meta":{"_acf_changed":false,"footnotes":""},"acf":{"address":"Sokolovsk\u00e1 11, 186 00 Karl\u00edn, Czechia","location_type":"hotel","map_link":"https:\/\/www.google.com\/maps\/place\/Botanique+Hotel+Prague\/@50.0915412,14.4374769,17z\/data=!4m18!1m9!3m8!1s0x470b94be7f21d87b:0xd8d08da4fac64ffc!2sBotanique+Hotel+Prague!5m2!4m1!1i2!8m2!3d50.0915412!4d14.4396656!3m7!1s0x470b94be7f21d87b:0xd8d08da4fac64ffc!5m2!4m1!1i2!8m2!3d50.0915412!4d14.4396656","trip_advisor":"https:\/\/www.tripadvisor.com\/Hotel_Review-g274707-d1479215-Reviews-Botanique_Hotel_Prague-Prague_Bohemia.html","coordinates":{"latitude":"50.0915412","longitude":"14.4374769"},"charging_stations":[{"charging_station":"Hotel has EV Charging"},{"charging_station":"Sokolovska 11 (18m \/ 1 min)"}]},"aioseo_notices":[],"_links":{"self":[{"href":"https:\/\/nissantravelguide.com\/de\/wp-json\/wp\/v2\/pages\/3882"}],"collection":[{"href":"https:\/\/nissantravelguide.com\/de\/wp-json\/wp\/v2\/pages"}],"about":[{"href":"https:\/\/nissantravelguide.com\/de\/wp-json\/wp\/v2\/types\/page"}],"author":[{"embeddable":true,"href":"https:\/\/nissantravelguide.com\/de\/wp-json\/wp\/v2\/users\/1"}],"replies":[{"embeddable":true,"href":"https:\/\/nissantravelguide.com\/de\/wp-json\/wp\/v2\/comments?post=3882"}],"version-history":[{"count":0,"href":"https:\/\/nissantravelguide.com\/de\/wp-json\/wp\/v2\/pages\/3882\/revisions"}],"up":[{"embeddable":true,"href":"https:\/\/nissantravelguide.com\/de\/wp-json\/wp\/v2\/pages\/2911"}],"wp:featuredmedia":[{"embeddable":true,"href":"https:\/\/nissantravelguide.com\/de\/wp-json\/wp\/v2\/media\/3536"}],"wp:attachment":[{"href":"https:\/\/nissantravelguide.com\/de\/wp-json\/wp\/v2\/media?parent=3882"}],"curies":[{"name":"wp","href":"https:\/\/api.w.org\/{rel}","templated":true}]}}