{"id":3884,"date":"2022-12-12T08:49:28","date_gmt":"2022-12-12T08:49:28","guid":{"rendered":"https:\/\/nissantravelguide.com\/prag\/eska\/"},"modified":"2022-12-12T08:49:28","modified_gmt":"2022-12-12T08:49:28","slug":"eska","status":"publish","type":"page","link":"https:\/\/nissantravelguide.com\/de\/prag\/eska\/","title":{"rendered":"Eska"},"content":{"rendered":"<p class=\"p1\">Erleben Sie im Eska das Beste der traditionellen und modernen tschechischen K\u00fcche. Das vom Guide Michelin ausgezeichnete Restaurant ist in einer ehemaligen Fabrik untergebracht und verf\u00fcgt sogar \u00fcber seine eigene B\u00e4ckerei verf\u00fcgt. Vom Brot, das \u00fcber offenem Feuer gebacken wurde, bis zum gesunden, herzhaften Brunch und einer Auswahl an europ\u00e4ischen Weinen: Eska bietet alles.<span class=\"Apple-converted-space\">\u00a0<\/span><\/p>\n","protected":false},"excerpt":{"rendered":"<p>Erleben Sie im Eska das Beste der traditionellen und modernen tschechischen K\u00fcche. Das vom Guide Michelin ausgezeichnete Restaurant ist in einer ehemaligen Fabrik untergebracht und verf\u00fcgt sogar \u00fcber seine eigene B\u00e4ckerei verf\u00fcgt. Vom Brot, das \u00fcber offenem Feuer gebacken wurde, bis zum gesunden, herzhaften Brunch und einer Auswahl an europ\u00e4ischen Weinen: Eska bietet alles.\u00a0<\/p>\n","protected":false},"author":1,"featured_media":3561,"parent":2911,"menu_order":0,"comment_status":"closed","ping_status":"closed","template":"tpl-location.php","meta":{"_acf_changed":false,"footnotes":""},"acf":{"address":"Pernerova 49, 186 00 Karl\u00edn, Czechia","location_type":"restaurant","map_link":"https:\/\/www.google.com\/maps\/place\/Eska+Restaurant+and+Bakery\/@50.0913817,14.4545739,17z\/data=!3m1!4b1!4m5!3m4!1s0x470b94a3e03542d5:0xaddb518a78ccc5ba!8m2!3d50.0913796!4d14.4545749","trip_advisor":"https:\/\/www.tripadvisor.com\/Restaurant_Review-g274707-d8822108-Reviews-Eska-Prague_Bohemia.html","coordinates":{"latitude":"50.0913817","longitude":"14.4545739"},"charging_stations":[{"charging_station":"Type 2 (22kW): Sokolovska 11 (1.5km \/ 6 min)"}]},"aioseo_notices":[],"_links":{"self":[{"href":"https:\/\/nissantravelguide.com\/de\/wp-json\/wp\/v2\/pages\/3884"}],"collection":[{"href":"https:\/\/nissantravelguide.com\/de\/wp-json\/wp\/v2\/pages"}],"about":[{"href":"https:\/\/nissantravelguide.com\/de\/wp-json\/wp\/v2\/types\/page"}],"author":[{"embeddable":true,"href":"https:\/\/nissantravelguide.com\/de\/wp-json\/wp\/v2\/users\/1"}],"replies":[{"embeddable":true,"href":"https:\/\/nissantravelguide.com\/de\/wp-json\/wp\/v2\/comments?post=3884"}],"version-history":[{"count":0,"href":"https:\/\/nissantravelguide.com\/de\/wp-json\/wp\/v2\/pages\/3884\/revisions"}],"up":[{"embeddable":true,"href":"https:\/\/nissantravelguide.com\/de\/wp-json\/wp\/v2\/pages\/2911"}],"wp:featuredmedia":[{"embeddable":true,"href":"https:\/\/nissantravelguide.com\/de\/wp-json\/wp\/v2\/media\/3561"}],"wp:attachment":[{"href":"https:\/\/nissantravelguide.com\/de\/wp-json\/wp\/v2\/media?parent=3884"}],"curies":[{"name":"wp","href":"https:\/\/api.w.org\/{rel}","templated":true}]}}