{"id":3885,"date":"2022-12-12T08:49:57","date_gmt":"2022-12-12T08:49:57","guid":{"rendered":"https:\/\/nissantravelguide.com\/prag\/la-boheme-cafe\/"},"modified":"2022-12-12T08:49:57","modified_gmt":"2022-12-12T08:49:57","slug":"la-boheme-cafe","status":"publish","type":"page","link":"https:\/\/nissantravelguide.com\/de\/prag\/la-boheme-cafe\/","title":{"rendered":"La Boh\u00e8me Caf\u00e9"},"content":{"rendered":"<p class=\"p1\">F\u00fcr Liebhaber eines guten Kaffees ist das La\u00a0Boh\u00e8me\u00a0Caf\u00e9 ein wahres Muss. Das La\u00a0Boh\u00e8me wird von einem engagierten Team von Kaffee-Enthusiasten gef\u00fchrt und bietet einzigartigen und au\u00dfergew\u00f6hnlichen Kaffee aus der ganzen Welt an. Dabei verfolgt das Caf\u00e9 auch eine strenge Fair-Trade-Politik. Es bezieht nur Kaffee von Gesch\u00e4ftspartnern, die ihre Landarbeiter respektvoll behandeln, ihnen akzeptable L\u00f6hne zahlen und umweltfreundliche Praktiken beim Anbau und der Verarbeitung ihrer Produkte anwenden.<\/p>\n","protected":false},"excerpt":{"rendered":"<p>F\u00fcr Liebhaber eines guten Kaffees ist das La\u00a0Boh\u00e8me\u00a0Caf\u00e9 ein wahres Muss. Das La\u00a0Boh\u00e8me wird von einem engagierten Team von Kaffee-Enthusiasten gef\u00fchrt und bietet einzigartigen und au\u00dfergew\u00f6hnlichen Kaffee aus der ganzen Welt an. Dabei verfolgt das Caf\u00e9 auch eine strenge Fair-Trade-Politik. Es bezieht nur Kaffee von Gesch\u00e4ftspartnern, die ihre Landarbeiter respektvoll behandeln, ihnen akzeptable L\u00f6hne zahlen [&hellip;]<\/p>\n","protected":false},"author":1,"featured_media":3621,"parent":2911,"menu_order":0,"comment_status":"closed","ping_status":"closed","template":"tpl-location.php","meta":{"_acf_changed":false,"footnotes":""},"acf":{"address":"S\u00e1zavsk\u00e1 2031\/32, 120 00 Vinohrady, Czechia","location_type":"beauty","map_link":"https:\/\/www.google.com\/maps\/place\/La+Boh%C3%A8me+Caf%C3%A9\/@50.0767609,14.4408578,15z\/data=!4m5!3m4!1s0x0:0xc8660818d935dd00!8m2!3d50.0767919!4d14.4407401","trip_advisor":"https:\/\/www.tripadvisor.com\/Restaurant_Review-g274707-d6707589-Reviews-La_Boheme_Cafe-Prague_Bohemia.html","coordinates":{"latitude":"50.0767609","longitude":"14.4408578"},"charging_stations":[{"charging_station":"Type 2 (22kW): Sokolovska 11 (2.7km \/ 9 min)"}]},"aioseo_notices":[],"_links":{"self":[{"href":"https:\/\/nissantravelguide.com\/de\/wp-json\/wp\/v2\/pages\/3885"}],"collection":[{"href":"https:\/\/nissantravelguide.com\/de\/wp-json\/wp\/v2\/pages"}],"about":[{"href":"https:\/\/nissantravelguide.com\/de\/wp-json\/wp\/v2\/types\/page"}],"author":[{"embeddable":true,"href":"https:\/\/nissantravelguide.com\/de\/wp-json\/wp\/v2\/users\/1"}],"replies":[{"embeddable":true,"href":"https:\/\/nissantravelguide.com\/de\/wp-json\/wp\/v2\/comments?post=3885"}],"version-history":[{"count":0,"href":"https:\/\/nissantravelguide.com\/de\/wp-json\/wp\/v2\/pages\/3885\/revisions"}],"up":[{"embeddable":true,"href":"https:\/\/nissantravelguide.com\/de\/wp-json\/wp\/v2\/pages\/2911"}],"wp:featuredmedia":[{"embeddable":true,"href":"https:\/\/nissantravelguide.com\/de\/wp-json\/wp\/v2\/media\/3621"}],"wp:attachment":[{"href":"https:\/\/nissantravelguide.com\/de\/wp-json\/wp\/v2\/media?parent=3885"}],"curies":[{"name":"wp","href":"https:\/\/api.w.org\/{rel}","templated":true}]}}