{"id":3886,"date":"2022-12-12T08:50:22","date_gmt":"2022-12-12T08:50:22","guid":{"rendered":"https:\/\/nissantravelguide.com\/prag\/bistro-8\/"},"modified":"2022-12-12T08:50:22","modified_gmt":"2022-12-12T08:50:22","slug":"bistro-8","status":"publish","type":"page","link":"https:\/\/nissantravelguide.com\/de\/prag\/bistro-8\/","title":{"rendered":"Bistro 8"},"content":{"rendered":"<p class=\"p1\">Das Bistro\u00a08, eines der \u00e4ltesten Bistros in Prag, ist von den traditionellen Pariser Bistros inspiriert und serviert eine Vielzahl von Gerichten mit regionalen Zutaten. Das Ambiente macht es zu einem perfekten Ort f\u00fcr einen Brunch. Die Speisekarte wechselt mit den Jahreszeiten und h\u00e4ngt von der Verf\u00fcgbarkeit lokaler Produkte ab\u00a0\u2013 aber es gibt immer etwas f\u00fcr Vegetarier, Veganer oder diejenigen, die es gerne glutenfrei haben. Das minimalistische Interieur ist so gestaltet, dass die Werke lokaler K\u00fcnstler zur Geltung kommen. Achten Sie also bei Ihrem Besuch auf die Teller, Kronleuchter, M\u00f6bel und sogar die Blumendekoration.<\/p>\n","protected":false},"excerpt":{"rendered":"<p>Das Bistro\u00a08, eines der \u00e4ltesten Bistros in Prag, ist von den traditionellen Pariser Bistros inspiriert und serviert eine Vielzahl von Gerichten mit regionalen Zutaten. Das Ambiente macht es zu einem perfekten Ort f\u00fcr einen Brunch. Die Speisekarte wechselt mit den Jahreszeiten und h\u00e4ngt von der Verf\u00fcgbarkeit lokaler Produkte ab\u00a0\u2013 aber es gibt immer etwas f\u00fcr [&hellip;]<\/p>\n","protected":false},"author":1,"featured_media":3526,"parent":2911,"menu_order":0,"comment_status":"closed","ping_status":"closed","template":"tpl-location.php","meta":{"_acf_changed":false,"footnotes":""},"acf":{"address":"Veverkova 1410\/8, 170 00 Praha 7-Letn\u00e1, Czechia","location_type":"restaurant","map_link":"https:\/\/www.google.com\/maps\/place\/Bistro+8\/@50.0982606,14.4202782,15z\/data=!4m6!3m5!1s0x470b94c65301683f:0xa90bbe4f9fb4e2dc!8m2!3d50.0982649!4d14.4328028!15sCghiaXN0cm8gOFoKIghiaXN0cm8gOJIBBmJpc3Ryb-ABAA?shorturl=1","trip_advisor":"https:\/\/www.tripadvisor.com\/Restaurant_Review-g274707-d3316388-Reviews-Bistro_8-Prague_Bohemia.html","coordinates":{"latitude":"50.0982606","longitude":"14.4202782"},"charging_stations":[{"charging_station":"Type 2 (22kW): Sokolovska 11 (2.5km \/ 8 min)"}]},"aioseo_notices":[],"_links":{"self":[{"href":"https:\/\/nissantravelguide.com\/de\/wp-json\/wp\/v2\/pages\/3886"}],"collection":[{"href":"https:\/\/nissantravelguide.com\/de\/wp-json\/wp\/v2\/pages"}],"about":[{"href":"https:\/\/nissantravelguide.com\/de\/wp-json\/wp\/v2\/types\/page"}],"author":[{"embeddable":true,"href":"https:\/\/nissantravelguide.com\/de\/wp-json\/wp\/v2\/users\/1"}],"replies":[{"embeddable":true,"href":"https:\/\/nissantravelguide.com\/de\/wp-json\/wp\/v2\/comments?post=3886"}],"version-history":[{"count":0,"href":"https:\/\/nissantravelguide.com\/de\/wp-json\/wp\/v2\/pages\/3886\/revisions"}],"up":[{"embeddable":true,"href":"https:\/\/nissantravelguide.com\/de\/wp-json\/wp\/v2\/pages\/2911"}],"wp:featuredmedia":[{"embeddable":true,"href":"https:\/\/nissantravelguide.com\/de\/wp-json\/wp\/v2\/media\/3526"}],"wp:attachment":[{"href":"https:\/\/nissantravelguide.com\/de\/wp-json\/wp\/v2\/media?parent=3886"}],"curies":[{"name":"wp","href":"https:\/\/api.w.org\/{rel}","templated":true}]}}