{"id":3887,"date":"2022-12-12T08:50:43","date_gmt":"2022-12-12T08:50:43","guid":{"rendered":"https:\/\/nissantravelguide.com\/prag\/babiccina-zahrada\/"},"modified":"2022-12-12T08:50:43","modified_gmt":"2022-12-12T08:50:43","slug":"babiccina-zahrada","status":"publish","type":"page","link":"https:\/\/nissantravelguide.com\/de\/prag\/babiccina-zahrada\/","title":{"rendered":"Babi\u010d\u010dina Zahrada"},"content":{"rendered":"<p class=\"p1\">Gehen Sie auf eine Reise in die Vergangenheit und genie\u00dfen Sie das diffuse Licht\u00a0\u2013 und die unwiderstehlichen Aromen\u00a0\u2013 aus Gro\u00dfmutters K\u00fcche im Babi\u010d\u010dina\u00a0Zahrada, einem intimen Restaurant mit Au\u00dfenbereich (und eigenem G\u00e4stehaus) inmitten wundersch\u00f6ner G\u00e4rten. In Bezug auf die Speisekarte ist das Team streng: Jedes Gericht muss aus Zutaten tschechischer Herkunft zubereitet werden, was bedeutet, dass sie nachhaltig von lokalen Bauern und Lieferanten bezogen werden. Au\u00dferdem kann man als Gast vor Ort kostenlos sein Elektroauto aufladen!<\/p>\n","protected":false},"excerpt":{"rendered":"<p>Gehen Sie auf eine Reise in die Vergangenheit und genie\u00dfen Sie das diffuse Licht\u00a0\u2013 und die unwiderstehlichen Aromen\u00a0\u2013 aus Gro\u00dfmutters K\u00fcche im Babi\u010d\u010dina\u00a0Zahrada, einem intimen Restaurant mit Au\u00dfenbereich (und eigenem G\u00e4stehaus) inmitten wundersch\u00f6ner G\u00e4rten. In Bezug auf die Speisekarte ist das Team streng: Jedes Gericht muss aus Zutaten tschechischer Herkunft zubereitet werden, was bedeutet, dass [&hellip;]<\/p>\n","protected":false},"author":1,"featured_media":3506,"parent":2911,"menu_order":0,"comment_status":"closed","ping_status":"closed","template":"tpl-location.php","meta":{"_acf_changed":false,"footnotes":""},"acf":{"address":"Tov\u00e1rn\u00ed 536, 252 43 Pr\u016fhonice, Czechia","location_type":"restaurant","map_link":"https:\/\/www.google.com\/maps\/place\/Babi%C4%8D%C4%8Dina+zahrada\/@49.9965528,14.5500917,15z\/data=!4m5!3m4!1s0x0:0xe3d9e4d4ef592bce!8m2!3d49.9965528!4d14.5500917","trip_advisor":"https:\/\/www.tripadvisor.com\/Restaurant_Review-g274707-d4881536-Reviews-Babiccina_Zahrada-Prague_Bohemia.html","coordinates":{"latitude":"49.9965528","longitude":"14.5500917"},"charging_stations":[{"charging_station":"Automobilova 585 (7.8km \/ 12 min)"}]},"aioseo_notices":[],"_links":{"self":[{"href":"https:\/\/nissantravelguide.com\/de\/wp-json\/wp\/v2\/pages\/3887"}],"collection":[{"href":"https:\/\/nissantravelguide.com\/de\/wp-json\/wp\/v2\/pages"}],"about":[{"href":"https:\/\/nissantravelguide.com\/de\/wp-json\/wp\/v2\/types\/page"}],"author":[{"embeddable":true,"href":"https:\/\/nissantravelguide.com\/de\/wp-json\/wp\/v2\/users\/1"}],"replies":[{"embeddable":true,"href":"https:\/\/nissantravelguide.com\/de\/wp-json\/wp\/v2\/comments?post=3887"}],"version-history":[{"count":0,"href":"https:\/\/nissantravelguide.com\/de\/wp-json\/wp\/v2\/pages\/3887\/revisions"}],"up":[{"embeddable":true,"href":"https:\/\/nissantravelguide.com\/de\/wp-json\/wp\/v2\/pages\/2911"}],"wp:featuredmedia":[{"embeddable":true,"href":"https:\/\/nissantravelguide.com\/de\/wp-json\/wp\/v2\/media\/3506"}],"wp:attachment":[{"href":"https:\/\/nissantravelguide.com\/de\/wp-json\/wp\/v2\/media?parent=3887"}],"curies":[{"name":"wp","href":"https:\/\/api.w.org\/{rel}","templated":true}]}}