{"id":3888,"date":"2022-12-12T08:51:25","date_gmt":"2022-12-12T08:51:25","guid":{"rendered":"https:\/\/nissantravelguide.com\/prag\/kasarna-karlin\/"},"modified":"2022-12-12T08:51:25","modified_gmt":"2022-12-12T08:51:25","slug":"kasarna-karlin","status":"publish","type":"page","link":"https:\/\/nissantravelguide.com\/de\/prag\/kasarna-karlin\/","title":{"rendered":"Kas\u00e1rna Karl\u00edn"},"content":{"rendered":"<p class=\"p1\"><a href=\"https:\/\/www.kasarnakarlin.cz\/\">Kas\u00e1rna\u00a0Karl\u00edn<\/a> (auch bekannt als <a href=\"https:\/\/www.kasarnakarlin.cz\/\">Karl\u00edn<\/a> Kaserne) ist ein angesagter Treffpunkt in der N\u00e4he des Herzens von Prag. Kas\u00e1rna wird von einem Team engagierter Freiwilliger und Mitarbeiter geleitet und ist stolz darauf, frei von \u201avisuellem Durcheinander\u2019 zu sein und keine Werbung zu akzeptieren. Es gibt ein Caf\u00e9, ein Kino, eine Sandgrube, eine Galerie, eine Lagerfeuerstelle und eine Bar mit einem Club (ist das wirklich alles?). Ein lebendiger Ort f\u00fcr alle, die ein wirklich einzigartig uriges Erlebnis suchen.<\/p>\n<p class=\"p1\">Kas\u00e1rna\u00a0ist sich auch seiner Auswirkungen auf die lokale Umwelt bewusst. Zweifellos werden Sie feststellen, dass es in Sachen M\u00fclltrennung und Recycling etwas strenger zugeht als bei den meisten seiner Mitbewerber\u00a0&#8230;<span class=\"Apple-converted-space\">\u00a0<\/span><\/p>\n","protected":false},"excerpt":{"rendered":"<p>Kas\u00e1rna\u00a0Karl\u00edn (auch bekannt als Karl\u00edn Kaserne) ist ein angesagter Treffpunkt in der N\u00e4he des Herzens von Prag. Kas\u00e1rna wird von einem Team engagierter Freiwilliger und Mitarbeiter geleitet und ist stolz darauf, frei von \u201avisuellem Durcheinander\u2019 zu sein und keine Werbung zu akzeptieren. Es gibt ein Caf\u00e9, ein Kino, eine Sandgrube, eine Galerie, eine Lagerfeuerstelle und [&hellip;]<\/p>\n","protected":false},"author":1,"featured_media":3601,"parent":2911,"menu_order":0,"comment_status":"closed","ping_status":"closed","template":"tpl-location.php","meta":{"_acf_changed":false,"footnotes":""},"acf":{"address":"Prvn\u00edho pluku 20\/2, 186 00 Karl\u00edn, Czechia","location_type":"interest","map_link":"https:\/\/www.google.com\/maps\/place\/Kas%C3%A1rna+Karl%C3%ADn\/@50.0898307,14.4434196,15z\/data=!4m5!3m4!1s0x0:0xb4ab62b11de22eb4!8m2!3d50.0898307!4d14.4434196","trip_advisor":"https:\/\/www.tripadvisor.co.nz\/Attraction_Review-g274707-d12702015-Reviews-Kasarna_Karlin-Prague_Bohemia.html","coordinates":{"latitude":"50.0898307","longitude":"14.4434196"},"charging_stations":[{"charging_station":"Type 2 (22kW): Sokolovska 11 (950m \/ 4 min)"}]},"aioseo_notices":[],"_links":{"self":[{"href":"https:\/\/nissantravelguide.com\/de\/wp-json\/wp\/v2\/pages\/3888"}],"collection":[{"href":"https:\/\/nissantravelguide.com\/de\/wp-json\/wp\/v2\/pages"}],"about":[{"href":"https:\/\/nissantravelguide.com\/de\/wp-json\/wp\/v2\/types\/page"}],"author":[{"embeddable":true,"href":"https:\/\/nissantravelguide.com\/de\/wp-json\/wp\/v2\/users\/1"}],"replies":[{"embeddable":true,"href":"https:\/\/nissantravelguide.com\/de\/wp-json\/wp\/v2\/comments?post=3888"}],"version-history":[{"count":0,"href":"https:\/\/nissantravelguide.com\/de\/wp-json\/wp\/v2\/pages\/3888\/revisions"}],"up":[{"embeddable":true,"href":"https:\/\/nissantravelguide.com\/de\/wp-json\/wp\/v2\/pages\/2911"}],"wp:featuredmedia":[{"embeddable":true,"href":"https:\/\/nissantravelguide.com\/de\/wp-json\/wp\/v2\/media\/3601"}],"wp:attachment":[{"href":"https:\/\/nissantravelguide.com\/de\/wp-json\/wp\/v2\/media?parent=3888"}],"curies":[{"name":"wp","href":"https:\/\/api.w.org\/{rel}","templated":true}]}}