{"id":3889,"date":"2022-12-12T08:51:41","date_gmt":"2022-12-12T08:51:41","guid":{"rendered":"https:\/\/nissantravelguide.com\/prag\/out-of-office\/"},"modified":"2022-12-13T11:14:32","modified_gmt":"2022-12-13T11:14:32","slug":"out-of-office","status":"publish","type":"page","link":"https:\/\/nissantravelguide.com\/de\/prag\/out-of-office\/","title":{"rendered":"Out of Office"},"content":{"rendered":"<p class=\"p1\">F\u00fcr alle Reisenden, die sich f\u00fcr Inneneinrichtung oder Heimwerken interessieren, ist Out\u00a0of\u00a0Office ein absolutes Muss. Neben M\u00f6beln, Dekorationsgegenst\u00e4nden und Accessoires bietet dieser innovative Concept\u00a0Store auch ein Kunstatelier und eine Schreinerwerkstatt. Das Team dort liebt es, alten M\u00f6beln neues Leben einzuhauchen, und ist geschickt darin, M\u00f6bel und andere Gegenst\u00e4nde zu renovieren, zu recyceln und\/oder neu zu polstern. Nat\u00fcrlich werden auch Produkte zum Verkauf angeboten (darunter einzigartige Vintage-Artikel und Originalst\u00fccke von lokalen Kunsthandwerkern). Achten Sie nur darauf, dass alle Souvenirs in Ihr Auto passen\u00a0&#8230;<\/p>\n","protected":false},"excerpt":{"rendered":"<p>F\u00fcr alle Reisenden, die sich f\u00fcr Inneneinrichtung oder Heimwerken interessieren, ist Out\u00a0of\u00a0Office ein absolutes Muss. Neben M\u00f6beln, Dekorationsgegenst\u00e4nden und Accessoires bietet dieser innovative Concept\u00a0Store auch ein Kunstatelier und eine Schreinerwerkstatt. Das Team dort liebt es, alten M\u00f6beln neues Leben einzuhauchen, und ist geschickt darin, M\u00f6bel und andere Gegenst\u00e4nde zu renovieren, zu recyceln und\/oder neu zu [&hellip;]<\/p>\n","protected":false},"author":1,"featured_media":3651,"parent":2911,"menu_order":0,"comment_status":"closed","ping_status":"closed","template":"tpl-location.php","meta":{"_acf_changed":false,"footnotes":""},"acf":{"address":"\u0160aldova 406\/28, 186 00 Praha 8-Karl\u00edn, Czechia","location_type":"interest","map_link":"https:\/\/www.google.com\/maps\/place\/Out+Of+Office,+Karlin\/@50.094156,14.4531798,17z\/data=!4m12!1m6!3m5!1s0x470b94a425d29065:0x6c149c80bcb6407f!2sOut+Of+Office,+Karlin!8m2!3d50.0941382!4d14.455278!3m4!1s0x470b94a425d29065:0x6c149c80bcb6407f!8m2!3d50.0941382!4d14.455278","trip_advisor":"https:\/\/www.tripadvisor.com\/Attraction_Review-g274707-d9821127-Reviews-OUT_of_OFFICE_Paint_Studio-Prague_Bohemia.html","coordinates":{"latitude":"50.094156","longitude":"14.4531798"},"charging_stations":[{"charging_station":"Type 2 (22kW): Sokolovska 11 (1.8km \/ 5 min)"}]},"aioseo_notices":[],"_links":{"self":[{"href":"https:\/\/nissantravelguide.com\/de\/wp-json\/wp\/v2\/pages\/3889"}],"collection":[{"href":"https:\/\/nissantravelguide.com\/de\/wp-json\/wp\/v2\/pages"}],"about":[{"href":"https:\/\/nissantravelguide.com\/de\/wp-json\/wp\/v2\/types\/page"}],"author":[{"embeddable":true,"href":"https:\/\/nissantravelguide.com\/de\/wp-json\/wp\/v2\/users\/1"}],"replies":[{"embeddable":true,"href":"https:\/\/nissantravelguide.com\/de\/wp-json\/wp\/v2\/comments?post=3889"}],"version-history":[{"count":1,"href":"https:\/\/nissantravelguide.com\/de\/wp-json\/wp\/v2\/pages\/3889\/revisions"}],"predecessor-version":[{"id":4363,"href":"https:\/\/nissantravelguide.com\/de\/wp-json\/wp\/v2\/pages\/3889\/revisions\/4363"}],"up":[{"embeddable":true,"href":"https:\/\/nissantravelguide.com\/de\/wp-json\/wp\/v2\/pages\/2911"}],"wp:featuredmedia":[{"embeddable":true,"href":"https:\/\/nissantravelguide.com\/de\/wp-json\/wp\/v2\/media\/3651"}],"wp:attachment":[{"href":"https:\/\/nissantravelguide.com\/de\/wp-json\/wp\/v2\/media?parent=3889"}],"curies":[{"name":"wp","href":"https:\/\/api.w.org\/{rel}","templated":true}]}}