{"id":3890,"date":"2022-12-12T08:51:55","date_gmt":"2022-12-12T08:51:55","guid":{"rendered":"https:\/\/nissantravelguide.com\/prag\/manifesto-andel\/"},"modified":"2022-12-12T08:51:55","modified_gmt":"2022-12-12T08:51:55","slug":"manifesto-andel","status":"publish","type":"page","link":"https:\/\/nissantravelguide.com\/de\/prag\/manifesto-andel\/","title":{"rendered":"Manifesto And\u011bl"},"content":{"rendered":"<p class=\"p1\">Sie m\u00f6chten einen der vielen Prager Szenetreffs besuchen? Der Manifesto Markt in And\u011bl, ein Treffpunkt und eine Food\u00a0Hall im Herzen der Stadt, ist auf jeden Fall einen Besuch wert. Das Manifesto\u00a0And\u011bl, das einen vergessenen und wenig genutzten Raum in ein beliebtes soziales und kulturelles Ziel verwandelt hat, bietet eine Vielzahl von Restaurants und zwei Bars in einer lebhaften, festival\u00e4hnlichen Atmosph\u00e4re. W\u00e4hlen Sie aus einer Reihe von authentischen Gerichten aus nicht weniger als 14\u00a0verschiedenen K\u00fcchen und genie\u00dfen Sie dazu Getr\u00e4nke von lokalen Anbietern und einheimischen Brauereien. Tags\u00fcber und ganzj\u00e4hrig von 11:00 bis 22:00 Uhr ge\u00f6ffnet.<\/p>\n","protected":false},"excerpt":{"rendered":"<p>Sie m\u00f6chten einen der vielen Prager Szenetreffs besuchen? Der Manifesto Markt in And\u011bl, ein Treffpunkt und eine Food\u00a0Hall im Herzen der Stadt, ist auf jeden Fall einen Besuch wert. Das Manifesto\u00a0And\u011bl, das einen vergessenen und wenig genutzten Raum in ein beliebtes soziales und kulturelles Ziel verwandelt hat, bietet eine Vielzahl von Restaurants und zwei Bars [&hellip;]<\/p>\n","protected":false},"author":1,"featured_media":3626,"parent":2911,"menu_order":0,"comment_status":"closed","ping_status":"closed","template":"tpl-location.php","meta":{"_acf_changed":false,"footnotes":""},"acf":{"address":"Ostrovsk\u00e9ho 34, 150 00 Praha 5-And\u011bl, Czechia","location_type":"interest","map_link":"https:\/\/www.google.com\/maps\/place\/Manifesto+Market+And%C4%9Bl\/@50.0693087,14.4041424,17z\/data=!3m1!4b1!4m5!3m4!1s0x470b95d52bab27a7:0xebe4d36ea0f3d796!8m2!3d50.0693087!4d14.4041424","trip_advisor":"https:\/\/www.tripadvisor.com\/Restaurant_Review-g274707-d23650020-Reviews-Manifesto_Market_Andel-Prague_Bohemia.html","coordinates":{"latitude":"50.0693087","longitude":"14.4041424"},"charging_stations":[{"charging_station":"Milevska 922 (5km \/ 14 min)"}]},"aioseo_notices":[],"_links":{"self":[{"href":"https:\/\/nissantravelguide.com\/de\/wp-json\/wp\/v2\/pages\/3890"}],"collection":[{"href":"https:\/\/nissantravelguide.com\/de\/wp-json\/wp\/v2\/pages"}],"about":[{"href":"https:\/\/nissantravelguide.com\/de\/wp-json\/wp\/v2\/types\/page"}],"author":[{"embeddable":true,"href":"https:\/\/nissantravelguide.com\/de\/wp-json\/wp\/v2\/users\/1"}],"replies":[{"embeddable":true,"href":"https:\/\/nissantravelguide.com\/de\/wp-json\/wp\/v2\/comments?post=3890"}],"version-history":[{"count":0,"href":"https:\/\/nissantravelguide.com\/de\/wp-json\/wp\/v2\/pages\/3890\/revisions"}],"up":[{"embeddable":true,"href":"https:\/\/nissantravelguide.com\/de\/wp-json\/wp\/v2\/pages\/2911"}],"wp:featuredmedia":[{"embeddable":true,"href":"https:\/\/nissantravelguide.com\/de\/wp-json\/wp\/v2\/media\/3626"}],"wp:attachment":[{"href":"https:\/\/nissantravelguide.com\/de\/wp-json\/wp\/v2\/media?parent=3890"}],"curies":[{"name":"wp","href":"https:\/\/api.w.org\/{rel}","templated":true}]}}