{"id":3891,"date":"2022-12-12T08:52:37","date_gmt":"2022-12-12T08:52:37","guid":{"rendered":"https:\/\/nissantravelguide.com\/prag\/bauernmarkte-naplavka-und-andere\/"},"modified":"2022-12-12T08:52:37","modified_gmt":"2022-12-12T08:52:37","slug":"bauernmarkte-naplavka-und-andere","status":"publish","type":"page","link":"https:\/\/nissantravelguide.com\/de\/prag\/bauernmarkte-naplavka-und-andere\/","title":{"rendered":"Bauernm\u00e4rkte (Naplavka und andere)"},"content":{"rendered":"<p class=\"p1\">Entdecken Sie die frischesten und besten tschechischen Produkte direkt an den Ufern der Moldau. St\u00f6bern Sie an den mehr als 90\u00a0St\u00e4nden des Naplavka-Bauernmarktes, der seit 2010 jeden Samstag stattfindet und mittlerweile ein fester Bestandteil des Prager Wochenendes ist. Neben den frischen Produkten finden Sie hier auch nat\u00fcrliche und ethische Kosmetika, hausgemachte Kunsthandwerksprodukte, Kaffee, Marmeladen und Eingemachtes, frische Blumen und vieles mehr\u00a0&#8230; Oh, und es gibt auch leckeres Essen und Live-Musik, die Sie genie\u00dfen k\u00f6nnen, w\u00e4hrend Sie \u00fcber den Markt schlendern.<\/p>\n<p class=\"p1\">Hinweis: Von Februar bis Weihnachten samstags von 8:00 bis 14:00\u00a0Uhr ge\u00f6ffnet. Die Besucher werden gebeten, ihre eigenen Taschen mitzubringen, die vorzugsweise aus nachhaltigen Materialien bestehen.<span class=\"Apple-converted-space\">\u00a0<\/span><\/p>\n","protected":false},"excerpt":{"rendered":"<p>Entdecken Sie die frischesten und besten tschechischen Produkte direkt an den Ufern der Moldau. St\u00f6bern Sie an den mehr als 90\u00a0St\u00e4nden des Naplavka-Bauernmarktes, der seit 2010 jeden Samstag stattfindet und mittlerweile ein fester Bestandteil des Prager Wochenendes ist. Neben den frischen Produkten finden Sie hier auch nat\u00fcrliche und ethische Kosmetika, hausgemachte Kunsthandwerksprodukte, Kaffee, Marmeladen und [&hellip;]<\/p>\n","protected":false},"author":1,"featured_media":3581,"parent":2911,"menu_order":0,"comment_status":"closed","ping_status":"closed","template":"tpl-location.php","meta":{"_acf_changed":false,"footnotes":""},"acf":{"address":"Ra\u0161\u00ednovo n\u00e1b\u0159e\u017e\u00ed Vltavsk\u00e1, N\u00e1plavka, 120 00 Praha 2, Czechia","location_type":"interest","map_link":"https:\/\/www.google.com\/maps\/place\/Farmers'+Saturday+market\/@50.0706661,14.4140813,15z\/data=!4m5!3m4!1s0x0:0xbe27b6c2d22d02c2!8m2!3d50.0706661!4d14.4140813","trip_advisor":"https:\/\/www.tripadvisor.com\/Attraction_Review-g274707-d7623543-Reviews-Naplavka_Farmer_s_Market-Prague_Bohemia.html","coordinates":{"latitude":"50.0706661","longitude":"14.4140813"},"charging_stations":[{"charging_station":"Type 2 (22kW): Sokolovska 11 (2.7km \/ 9 min)"}]},"aioseo_notices":[],"_links":{"self":[{"href":"https:\/\/nissantravelguide.com\/de\/wp-json\/wp\/v2\/pages\/3891"}],"collection":[{"href":"https:\/\/nissantravelguide.com\/de\/wp-json\/wp\/v2\/pages"}],"about":[{"href":"https:\/\/nissantravelguide.com\/de\/wp-json\/wp\/v2\/types\/page"}],"author":[{"embeddable":true,"href":"https:\/\/nissantravelguide.com\/de\/wp-json\/wp\/v2\/users\/1"}],"replies":[{"embeddable":true,"href":"https:\/\/nissantravelguide.com\/de\/wp-json\/wp\/v2\/comments?post=3891"}],"version-history":[{"count":0,"href":"https:\/\/nissantravelguide.com\/de\/wp-json\/wp\/v2\/pages\/3891\/revisions"}],"up":[{"embeddable":true,"href":"https:\/\/nissantravelguide.com\/de\/wp-json\/wp\/v2\/pages\/2911"}],"wp:featuredmedia":[{"embeddable":true,"href":"https:\/\/nissantravelguide.com\/de\/wp-json\/wp\/v2\/media\/3581"}],"wp:attachment":[{"href":"https:\/\/nissantravelguide.com\/de\/wp-json\/wp\/v2\/media?parent=3891"}],"curies":[{"name":"wp","href":"https:\/\/api.w.org\/{rel}","templated":true}]}}