{"id":3892,"date":"2022-12-12T08:53:02","date_gmt":"2022-12-12T08:53:02","guid":{"rendered":"https:\/\/nissantravelguide.com\/prag\/nila\/"},"modified":"2022-12-12T08:53:02","modified_gmt":"2022-12-12T08:53:02","slug":"nila","status":"publish","type":"page","link":"https:\/\/nissantravelguide.com\/de\/prag\/nila\/","title":{"rendered":"NILA"},"content":{"rendered":"<p class=\"p1\">Mode-Enthusiasten\u00a0finden bei Nila, einer trendigen Boutique mit mehreren Standorten in Prag, eine Auswahl an nachhaltiger und fair gehandelter Kleidung, Accessoires, Wohnaccessoires sowie Beauty- und Lifestyle-Produkten von mehr als 150\u00a0internationalen Marken. Nila verfolgt einen ethischen Ansatz in der Mode und wendet sich gegen \u00dcberproduktion und Verschwendung. Es werden nur die hochwertigsten Materialien ausgew\u00e4hlt und regelm\u00e4\u00dfig auf ihre Haltbarkeit und ihren Gesamtwert gepr\u00fcft.<span class=\"Apple-converted-space\">\u00a0<\/span><\/p>\n","protected":false},"excerpt":{"rendered":"<p>Mode-Enthusiasten\u00a0finden bei Nila, einer trendigen Boutique mit mehreren Standorten in Prag, eine Auswahl an nachhaltiger und fair gehandelter Kleidung, Accessoires, Wohnaccessoires sowie Beauty- und Lifestyle-Produkten von mehr als 150\u00a0internationalen Marken. Nila verfolgt einen ethischen Ansatz in der Mode und wendet sich gegen \u00dcberproduktion und Verschwendung. Es werden nur die hochwertigsten Materialien ausgew\u00e4hlt und regelm\u00e4\u00dfig auf [&hellip;]<\/p>\n","protected":false},"author":1,"featured_media":3641,"parent":2911,"menu_order":0,"comment_status":"closed","ping_status":"closed","template":"tpl-location.php","meta":{"_acf_changed":false,"footnotes":""},"acf":{"address":"M. Hor\u00e1kov\u00e9 690\/4, 170 00 Praha 7-Hole\u0161ovice, Czechia","location_type":"interest","map_link":"https:\/\/www.google.com\/maps\/place\/Nila+Letn%C3%A1\/@50.0990299,14.4325605,17z\/data=!4m5!3m4!1s0x470b953da20aeab3:0x4449d5195ff8e16c!8m2!3d50.0991104!4d14.4325968","trip_advisor":"https:\/\/www.tripadvisor.com\/Attraction_Review-g274707-d7789481-Reviews-NILA-Prague_Bohemia.html","coordinates":{"latitude":"50.0990299","longitude":"14.4325605"},"charging_stations":[{"charging_station":"Type 2 (22kW): Sokolovska 11 (1.8km \/ 5 min)"}]},"aioseo_notices":[],"_links":{"self":[{"href":"https:\/\/nissantravelguide.com\/de\/wp-json\/wp\/v2\/pages\/3892"}],"collection":[{"href":"https:\/\/nissantravelguide.com\/de\/wp-json\/wp\/v2\/pages"}],"about":[{"href":"https:\/\/nissantravelguide.com\/de\/wp-json\/wp\/v2\/types\/page"}],"author":[{"embeddable":true,"href":"https:\/\/nissantravelguide.com\/de\/wp-json\/wp\/v2\/users\/1"}],"replies":[{"embeddable":true,"href":"https:\/\/nissantravelguide.com\/de\/wp-json\/wp\/v2\/comments?post=3892"}],"version-history":[{"count":0,"href":"https:\/\/nissantravelguide.com\/de\/wp-json\/wp\/v2\/pages\/3892\/revisions"}],"up":[{"embeddable":true,"href":"https:\/\/nissantravelguide.com\/de\/wp-json\/wp\/v2\/pages\/2911"}],"wp:featuredmedia":[{"embeddable":true,"href":"https:\/\/nissantravelguide.com\/de\/wp-json\/wp\/v2\/media\/3641"}],"wp:attachment":[{"href":"https:\/\/nissantravelguide.com\/de\/wp-json\/wp\/v2\/media?parent=3892"}],"curies":[{"name":"wp","href":"https:\/\/api.w.org\/{rel}","templated":true}]}}