{"id":3893,"date":"2022-12-12T08:53:30","date_gmt":"2022-12-12T08:53:30","guid":{"rendered":"https:\/\/nissantravelguide.com\/prag\/bohempia\/"},"modified":"2022-12-12T08:53:30","modified_gmt":"2022-12-12T08:53:30","slug":"bohempia","status":"publish","type":"page","link":"https:\/\/nissantravelguide.com\/de\/prag\/bohempia\/","title":{"rendered":"Bohempia"},"content":{"rendered":"<p class=\"p1\">Wer Hanf liebt, ist hier genau richtig! Bohempia wurde 2015 gegr\u00fcndet und ist eine innovative Bekleidungsmarke, die Hanf zum Hauptrohstoff erhebt. Mit einem starken Fokus auf \u00f6kologische und soziale Nachhaltigkeit stellt Bohempia alle Produkte so lokal wie m\u00f6glich her und zeigt, wie vielseitig und stark Hanf ist.<\/p>\n","protected":false},"excerpt":{"rendered":"<p>Wer Hanf liebt, ist hier genau richtig! Bohempia wurde 2015 gegr\u00fcndet und ist eine innovative Bekleidungsmarke, die Hanf zum Hauptrohstoff erhebt. Mit einem starken Fokus auf \u00f6kologische und soziale Nachhaltigkeit stellt Bohempia alle Produkte so lokal wie m\u00f6glich her und zeigt, wie vielseitig und stark Hanf ist.<\/p>\n","protected":false},"author":1,"featured_media":3531,"parent":2911,"menu_order":0,"comment_status":"closed","ping_status":"closed","template":"tpl-location.php","meta":{"_acf_changed":false,"footnotes":""},"acf":{"address":"76, Sokolovsk\u00e1 105, Karl\u00edn, 186 00 Praha 8, Czechia","location_type":"interest","map_link":"https:\/\/www.google.com\/maps\/place\/Bohempia+store\/@50.0934829,14.4495996,15z\/data=!4m5!3m4!1s0x0:0x71f970a3010475fd!8m2!3d50.0934829!4d14.4495996","trip_advisor":"https:\/\/www.tripadvisor.com\/Attraction_Review-g274707-d13085009-Reviews-Bohempia-Prague_Bohemia.html","coordinates":{"latitude":"50.0934829","longitude":"14.4495996"},"charging_stations":[{"charging_station":"Type 2 (22kW): Sokolovska 11 (1.6km \/ 5 min) "}]},"aioseo_notices":[],"_links":{"self":[{"href":"https:\/\/nissantravelguide.com\/de\/wp-json\/wp\/v2\/pages\/3893"}],"collection":[{"href":"https:\/\/nissantravelguide.com\/de\/wp-json\/wp\/v2\/pages"}],"about":[{"href":"https:\/\/nissantravelguide.com\/de\/wp-json\/wp\/v2\/types\/page"}],"author":[{"embeddable":true,"href":"https:\/\/nissantravelguide.com\/de\/wp-json\/wp\/v2\/users\/1"}],"replies":[{"embeddable":true,"href":"https:\/\/nissantravelguide.com\/de\/wp-json\/wp\/v2\/comments?post=3893"}],"version-history":[{"count":0,"href":"https:\/\/nissantravelguide.com\/de\/wp-json\/wp\/v2\/pages\/3893\/revisions"}],"up":[{"embeddable":true,"href":"https:\/\/nissantravelguide.com\/de\/wp-json\/wp\/v2\/pages\/2911"}],"wp:featuredmedia":[{"embeddable":true,"href":"https:\/\/nissantravelguide.com\/de\/wp-json\/wp\/v2\/media\/3531"}],"wp:attachment":[{"href":"https:\/\/nissantravelguide.com\/de\/wp-json\/wp\/v2\/media?parent=3893"}],"curies":[{"name":"wp","href":"https:\/\/api.w.org\/{rel}","templated":true}]}}