{"id":3894,"date":"2022-12-12T08:53:49","date_gmt":"2022-12-12T08:53:49","guid":{"rendered":"https:\/\/nissantravelguide.com\/prag\/green-decor\/"},"modified":"2022-12-13T12:41:51","modified_gmt":"2022-12-13T12:41:51","slug":"green-decor","status":"publish","type":"page","link":"https:\/\/nissantravelguide.com\/de\/prag\/green-decor\/","title":{"rendered":"Green D\u00e9cor"},"content":{"rendered":"<p class=\"p1\">Green D\u00e9cor ist ein nachhaltiger Blumenladen, der sich darauf konzentriert, die Verf\u00fcgbarkeit heimischer Blumensorten zu erh\u00f6hen und gleichzeitig Importe zu reduzieren. Green\u00a0D\u00e9cor verfolgt die Philosophie, dass die Produktion von Blumen ebenso viel Freude bereiten muss wie ihre Verwendung, und verfolgt eine umfassende Politik der Abfallvermeidung. Dazu geh\u00f6ren die Nutzung \u00f6ffentlicher Verkehrsmittel f\u00fcr Lieferungen in Prag, energiesparende Praktiken, biologischer Anbau, M\u00fclltrennung, Recycling und Wiederverwendung und vieles mehr.<\/p>\n","protected":false},"excerpt":{"rendered":"<p>Green D\u00e9cor ist ein nachhaltiger Blumenladen, der sich darauf konzentriert, die Verf\u00fcgbarkeit heimischer Blumensorten zu erh\u00f6hen und gleichzeitig Importe zu reduzieren. Green\u00a0D\u00e9cor verfolgt die Philosophie, dass die Produktion von Blumen ebenso viel Freude bereiten muss wie ihre Verwendung, und verfolgt eine umfassende Politik der Abfallvermeidung. Dazu geh\u00f6ren die Nutzung \u00f6ffentlicher Verkehrsmittel f\u00fcr Lieferungen in Prag, [&hellip;]<\/p>\n","protected":false},"author":1,"featured_media":3591,"parent":2911,"menu_order":0,"comment_status":"closed","ping_status":"closed","template":"tpl-location.php","meta":{"_acf_changed":false,"footnotes":""},"acf":{"address":"Dejvick\u00e1 3, 160 00 Praha 6, Czechia","location_type":"interest","map_link":"https:\/\/www.google.co.uk\/maps\/place\/Green+Decor+Dejvice\/@50.0979336,14.334768,13z\/data=!4m9!1m2!2m1!1sGreen+Decor+near+Prague,+Czechia!3m5!1s0x470b9528216ac8db:0xbbccbfe7bba5c661!8m2!3d50.0979224!4d14.4006762!15sCiBHcmVlbiBEZWNvciBuZWFyIFByYWd1ZSwgQ3plY2hpYVohIh9ncmVlbiBkZWNvciBuZWFyIHByYWd1ZSBjemVjaGlhkgEHZmxvcmlzdOABAA","trip_advisor":"https:\/\/www.google.co.uk\/maps\/place\/Green+Decor+Dejvice\/@50.0979336,14.334768,13z\/data=!4m11!1m2!2m1!1sGreen+Decor+near+Prague,+Czechia!3m7!1s0x470b9528216ac8db:0xbbccbfe7bba5c661!8m2!3d50.0979224!4d14.4006762!9m1!1b1!15sCiBHcmVlbiBEZWNvciBuZWFyIFByYWd1ZSwgQ3plY2hpYVohIh9ncmVlbiBkZWNvciBuZWFyIHByYWd1ZSBjemVjaGlhkgEHZmxvcmlzdOABAA","coordinates":{"latitude":"50.0979336","longitude":"14.334768"},"charging_stations":[{"charging_station":"Type 2 (22kW): Sokolovska 11 (1.5km \/ 5 min)"}]},"aioseo_notices":[],"_links":{"self":[{"href":"https:\/\/nissantravelguide.com\/de\/wp-json\/wp\/v2\/pages\/3894"}],"collection":[{"href":"https:\/\/nissantravelguide.com\/de\/wp-json\/wp\/v2\/pages"}],"about":[{"href":"https:\/\/nissantravelguide.com\/de\/wp-json\/wp\/v2\/types\/page"}],"author":[{"embeddable":true,"href":"https:\/\/nissantravelguide.com\/de\/wp-json\/wp\/v2\/users\/1"}],"replies":[{"embeddable":true,"href":"https:\/\/nissantravelguide.com\/de\/wp-json\/wp\/v2\/comments?post=3894"}],"version-history":[{"count":1,"href":"https:\/\/nissantravelguide.com\/de\/wp-json\/wp\/v2\/pages\/3894\/revisions"}],"predecessor-version":[{"id":4464,"href":"https:\/\/nissantravelguide.com\/de\/wp-json\/wp\/v2\/pages\/3894\/revisions\/4464"}],"up":[{"embeddable":true,"href":"https:\/\/nissantravelguide.com\/de\/wp-json\/wp\/v2\/pages\/2911"}],"wp:featuredmedia":[{"embeddable":true,"href":"https:\/\/nissantravelguide.com\/de\/wp-json\/wp\/v2\/media\/3591"}],"wp:attachment":[{"href":"https:\/\/nissantravelguide.com\/de\/wp-json\/wp\/v2\/media?parent=3894"}],"curies":[{"name":"wp","href":"https:\/\/api.w.org\/{rel}","templated":true}]}}