{"id":3895,"date":"2022-12-12T08:54:06","date_gmt":"2022-12-12T08:54:06","guid":{"rendered":"https:\/\/nissantravelguide.com\/prag\/dox\/"},"modified":"2022-12-12T08:54:06","modified_gmt":"2022-12-12T08:54:06","slug":"dox","status":"publish","type":"page","link":"https:\/\/nissantravelguide.com\/de\/prag\/dox\/","title":{"rendered":"DOX"},"content":{"rendered":"<p class=\"p1\">Besuchen Sie eine der fortschrittlichsten Kunst- und Kultureinrichtungen der Tschechischen Republik, das unabh\u00e4ngig gef\u00fchrte DOX-Zentrum f\u00fcr zeitgen\u00f6ssische Kunst. Das DOX-Geb\u00e4ude und das Gulliver-Luftschiff, ein ehemaliger Industriekomplex, gelten als wegweisende Beispiele f\u00fcr zeitgen\u00f6ssische Architektur, an denen einige der renommiertesten Architekten des Landes mitgewirkt haben. Das aktuelle Programm umfasst bildende Kunst, Literatur, Theater und zeitgen\u00f6ssische Musik. Das regt zu Gespr\u00e4chen \u00fcber einige der dr\u00e4ngendsten sozialen Probleme der Gesellschaft an. Und wenn das f\u00fcr junge Familien zu viel ist, bietet DOX auch informellere Bildungsprogramme f\u00fcr Kinder an.<span class=\"Apple-converted-space\">\u00a0<\/span><\/p>\n","protected":false},"excerpt":{"rendered":"<p>Besuchen Sie eine der fortschrittlichsten Kunst- und Kultureinrichtungen der Tschechischen Republik, das unabh\u00e4ngig gef\u00fchrte DOX-Zentrum f\u00fcr zeitgen\u00f6ssische Kunst. Das DOX-Geb\u00e4ude und das Gulliver-Luftschiff, ein ehemaliger Industriekomplex, gelten als wegweisende Beispiele f\u00fcr zeitgen\u00f6ssische Architektur, an denen einige der renommiertesten Architekten des Landes mitgewirkt haben. Das aktuelle Programm umfasst bildende Kunst, Literatur, Theater und zeitgen\u00f6ssische Musik. Das [&hellip;]<\/p>\n","protected":false},"author":1,"featured_media":3551,"parent":2911,"menu_order":0,"comment_status":"closed","ping_status":"closed","template":"tpl-location.php","meta":{"_acf_changed":false,"footnotes":""},"acf":{"address":"Poup\u011btova 1, 170 00 Praha 7-Hole\u0161ovice, Czechia","location_type":"interest","map_link":"https:\/\/www.google.com\/maps\/place\/DOX+Centre+for+Contemporary+Art\/@50.1068153,14.4478283,15z\/data=!4m5!3m4!1s0x0:0x97fffe8c62059191!8m2!3d50.1068153!4d14.4478283","trip_advisor":"https:\/\/www.tripadvisor.com\/Attraction_Review-g274707-d1490973-Reviews-DOX_Centre_for_Contemporary_Art-Prague_Bohemia.html","coordinates":{"latitude":"50.1068153","longitude":"14.4478283"},"charging_stations":[{"charging_station":"Type 2 (22kW): Sokolovska 11 (2.9km \/ 9 min)"}]},"aioseo_notices":[],"_links":{"self":[{"href":"https:\/\/nissantravelguide.com\/de\/wp-json\/wp\/v2\/pages\/3895"}],"collection":[{"href":"https:\/\/nissantravelguide.com\/de\/wp-json\/wp\/v2\/pages"}],"about":[{"href":"https:\/\/nissantravelguide.com\/de\/wp-json\/wp\/v2\/types\/page"}],"author":[{"embeddable":true,"href":"https:\/\/nissantravelguide.com\/de\/wp-json\/wp\/v2\/users\/1"}],"replies":[{"embeddable":true,"href":"https:\/\/nissantravelguide.com\/de\/wp-json\/wp\/v2\/comments?post=3895"}],"version-history":[{"count":0,"href":"https:\/\/nissantravelguide.com\/de\/wp-json\/wp\/v2\/pages\/3895\/revisions"}],"up":[{"embeddable":true,"href":"https:\/\/nissantravelguide.com\/de\/wp-json\/wp\/v2\/pages\/2911"}],"wp:featuredmedia":[{"embeddable":true,"href":"https:\/\/nissantravelguide.com\/de\/wp-json\/wp\/v2\/media\/3551"}],"wp:attachment":[{"href":"https:\/\/nissantravelguide.com\/de\/wp-json\/wp\/v2\/media?parent=3895"}],"curies":[{"name":"wp","href":"https:\/\/api.w.org\/{rel}","templated":true}]}}