{"id":3896,"date":"2022-12-12T08:54:26","date_gmt":"2022-12-12T08:54:26","guid":{"rendered":"https:\/\/nissantravelguide.com\/prag\/kutna-hora\/"},"modified":"2022-12-12T08:54:26","modified_gmt":"2022-12-12T08:54:26","slug":"kutna-hora","status":"publish","type":"page","link":"https:\/\/nissantravelguide.com\/de\/prag\/kutna-hora\/","title":{"rendered":"Kutn\u00e1 Hora"},"content":{"rendered":"<p class=\"p1\">Kutn\u00e1\u00a0Hora liegt nur eine Autostunde von Prag entfernt und ist eine mittelalterliche Stadt mit pr\u00e4chtigen alten Geb\u00e4uden. Als ehemaliges Finanzzentrum B\u00f6hmens konnte die Stadt einst mit der Opulenz Prags mithalten. Die Stadt ist bekannt f\u00fcr die gotische St.\u00a0Barbara-Kirche und das Beinhaus von Sedlec, eine r\u00f6misch-katholische Kapelle, die mit Knochen geschm\u00fcckt ist und passenderweise \u201eKnochenkirche\u201c genannt wird. Und wenn Sie schon einmal da sind, sollten Sie sich unbedingt die Altstadt, die nicht umsonst zum UNESCO-Kulturerbe erhoben wurde, oder die GASK-Kunstgalerie ansehen.<\/p>\n","protected":false},"excerpt":{"rendered":"<p>Kutn\u00e1\u00a0Hora liegt nur eine Autostunde von Prag entfernt und ist eine mittelalterliche Stadt mit pr\u00e4chtigen alten Geb\u00e4uden. Als ehemaliges Finanzzentrum B\u00f6hmens konnte die Stadt einst mit der Opulenz Prags mithalten. Die Stadt ist bekannt f\u00fcr die gotische St.\u00a0Barbara-Kirche und das Beinhaus von Sedlec, eine r\u00f6misch-katholische Kapelle, die mit Knochen geschm\u00fcckt ist und passenderweise \u201eKnochenkirche\u201c genannt [&hellip;]<\/p>\n","protected":false},"author":1,"featured_media":3611,"parent":2911,"menu_order":0,"comment_status":"closed","ping_status":"closed","template":"tpl-location.php","meta":{"_acf_changed":false,"footnotes":""},"acf":{"address":"Kutn\u00e1 Hora, Czechia","location_type":"beauty","map_link":"https:\/\/www.google.com\/maps\/place\/Kutna+Hora,+Czechia\/@49.9492142,15.2820633,13z\/data=!3m1!4b1!4m5!3m4!1s0x470c41050983008f:0x400af0f66154f30!8m2!3d49.9524314!4d15.2686536","trip_advisor":"https:\/\/www.tripadvisor.com\/Tourism-g274701-Kutna_Hora_Central_Bohemian_Region_Bohemia-Vacations.html","coordinates":{"latitude":"49.9492142","longitude":"15.2820633"},"charging_stations":[{"charging_station":"Bilkova 289 (27.8km \/ 27 min)"}]},"aioseo_notices":[],"_links":{"self":[{"href":"https:\/\/nissantravelguide.com\/de\/wp-json\/wp\/v2\/pages\/3896"}],"collection":[{"href":"https:\/\/nissantravelguide.com\/de\/wp-json\/wp\/v2\/pages"}],"about":[{"href":"https:\/\/nissantravelguide.com\/de\/wp-json\/wp\/v2\/types\/page"}],"author":[{"embeddable":true,"href":"https:\/\/nissantravelguide.com\/de\/wp-json\/wp\/v2\/users\/1"}],"replies":[{"embeddable":true,"href":"https:\/\/nissantravelguide.com\/de\/wp-json\/wp\/v2\/comments?post=3896"}],"version-history":[{"count":0,"href":"https:\/\/nissantravelguide.com\/de\/wp-json\/wp\/v2\/pages\/3896\/revisions"}],"up":[{"embeddable":true,"href":"https:\/\/nissantravelguide.com\/de\/wp-json\/wp\/v2\/pages\/2911"}],"wp:featuredmedia":[{"embeddable":true,"href":"https:\/\/nissantravelguide.com\/de\/wp-json\/wp\/v2\/media\/3611"}],"wp:attachment":[{"href":"https:\/\/nissantravelguide.com\/de\/wp-json\/wp\/v2\/media?parent=3896"}],"curies":[{"name":"wp","href":"https:\/\/api.w.org\/{rel}","templated":true}]}}