{"id":3897,"date":"2022-12-12T08:54:45","date_gmt":"2022-12-12T08:54:45","guid":{"rendered":"https:\/\/nissantravelguide.com\/prag\/vinne-sklepy-kutna-hora\/"},"modified":"2022-12-12T08:54:45","modified_gmt":"2022-12-12T08:54:45","slug":"vinne-sklepy-kutna-hora","status":"publish","type":"page","link":"https:\/\/nissantravelguide.com\/de\/prag\/vinne-sklepy-kutna-hora\/","title":{"rendered":"Vinn\u00e9 Sklepy Kutn\u00e1 Hora\u200b"},"content":{"rendered":"<p class=\"p1\">F\u00fcr Liebhaber des Pinot\u00a0Noir ist das Weingut Vinn\u00e9\u00a0Sklepy in Kutn\u00e1\u00a0Hora einen Halt wert. Die im Jahr\u00a02002 gegr\u00fcndete Kellerei ist die einzige in der Tschechischen Republik, die das renommierte DEMETER-Zertifikat besitzt. Das Anwesen erstreckt sich \u00fcber 80\u00a0Hektar, die H\u00e4lfte davon sind Weinberge, die andere H\u00e4lfte sind idyllische Schafweiden, Obstg\u00e4rten und Felder. Hier werden auch biodynamische Weine produziert, unter Verzicht auf Zusatzstoffe und Pestizide.<\/p>\n","protected":false},"excerpt":{"rendered":"<p>F\u00fcr Liebhaber des Pinot\u00a0Noir ist das Weingut Vinn\u00e9\u00a0Sklepy in Kutn\u00e1\u00a0Hora einen Halt wert. Die im Jahr\u00a02002 gegr\u00fcndete Kellerei ist die einzige in der Tschechischen Republik, die das renommierte DEMETER-Zertifikat besitzt. Das Anwesen erstreckt sich \u00fcber 80\u00a0Hektar, die H\u00e4lfte davon sind Weinberge, die andere H\u00e4lfte sind idyllische Schafweiden, Obstg\u00e4rten und Felder. Hier werden auch biodynamische Weine [&hellip;]<\/p>\n","protected":false},"author":1,"featured_media":3681,"parent":2911,"menu_order":0,"comment_status":"closed","ping_status":"closed","template":"tpl-location.php","meta":{"_acf_changed":false,"footnotes":""},"acf":{"address":"J. z Pod\u011bbrad 288\/13, 284 01 Kutn\u00e1 Hora, Czechia","location_type":"beauty","map_link":"https:\/\/www.google.com\/maps\/place\/Wine+Cellars+Kutna+Hora\/@49.9524199,15.2674202,17.09z\/data=!4m13!1m7!3m6!1s0x470c41050983008f:0x400af0f66154f30!2sKutna+Hora,+Czechia!3b1!8m2!3d49.9524314!4d15.2686536!3m4!1s0x470c41a856b278a7:0xf72967354a1b2b60!8m2!3d49.952057!4d15.2679803","trip_advisor":"https:\/\/www.tripadvisor.com\/Attraction_Review-g274701-d10637962-Reviews-Vinne_sklepy_Kutna_Hora-Kutna_Hora_Central_Bohemian_Region_Bohemia.html","coordinates":{"latitude":"49.9524199","longitude":"15.2674202"},"charging_stations":[{"charging_station":"Bilkova 289 (27.9km \/ 27 min)"}]},"aioseo_notices":[],"_links":{"self":[{"href":"https:\/\/nissantravelguide.com\/de\/wp-json\/wp\/v2\/pages\/3897"}],"collection":[{"href":"https:\/\/nissantravelguide.com\/de\/wp-json\/wp\/v2\/pages"}],"about":[{"href":"https:\/\/nissantravelguide.com\/de\/wp-json\/wp\/v2\/types\/page"}],"author":[{"embeddable":true,"href":"https:\/\/nissantravelguide.com\/de\/wp-json\/wp\/v2\/users\/1"}],"replies":[{"embeddable":true,"href":"https:\/\/nissantravelguide.com\/de\/wp-json\/wp\/v2\/comments?post=3897"}],"version-history":[{"count":0,"href":"https:\/\/nissantravelguide.com\/de\/wp-json\/wp\/v2\/pages\/3897\/revisions"}],"up":[{"embeddable":true,"href":"https:\/\/nissantravelguide.com\/de\/wp-json\/wp\/v2\/pages\/2911"}],"wp:featuredmedia":[{"embeddable":true,"href":"https:\/\/nissantravelguide.com\/de\/wp-json\/wp\/v2\/media\/3681"}],"wp:attachment":[{"href":"https:\/\/nissantravelguide.com\/de\/wp-json\/wp\/v2\/media?parent=3897"}],"curies":[{"name":"wp","href":"https:\/\/api.w.org\/{rel}","templated":true}]}}