{"id":3898,"date":"2022-12-12T08:55:10","date_gmt":"2022-12-12T08:55:10","guid":{"rendered":"https:\/\/nissantravelguide.com\/prag\/weingut-sonberk\/"},"modified":"2022-12-12T08:55:10","modified_gmt":"2022-12-12T08:55:10","slug":"weingut-sonberk","status":"publish","type":"page","link":"https:\/\/nissantravelguide.com\/de\/prag\/weingut-sonberk\/","title":{"rendered":"Weingut Sonberk"},"content":{"rendered":"<p class=\"p1\">Entdecken Sie die spektakul\u00e4re Aussicht auf die Pollauer Berge im Weingut\u00a0Sonberk, einem Weinberg aus dem 13.\u00a0Jahrhundert an den H\u00e4ngen von Popice bei Mikulov. Das Geb\u00e4ude der Weinkellerei ist ein architektonisches Wunderwerk, das sich harmonisch in die umgebende Landschaft einf\u00fcgt. Sonberk ist stolz darauf, einige der hochwertigsten Trauben der Tschechischen Republik anzubauen. Aus diesen stammen einige der besten Weine der Region. Und wenn Sie auf der Suche nach Unterhaltung sind, k\u00f6nnen Sie im Sommer das Sonberk\u00a0Summer\u00a0Festival of\u00a0Wine\u00a0and\u00a0Culture besuchen.<span class=\"Apple-converted-space\">\u00a0<\/span><\/p>\n","protected":false},"excerpt":{"rendered":"<p>Entdecken Sie die spektakul\u00e4re Aussicht auf die Pollauer Berge im Weingut\u00a0Sonberk, einem Weinberg aus dem 13.\u00a0Jahrhundert an den H\u00e4ngen von Popice bei Mikulov. Das Geb\u00e4ude der Weinkellerei ist ein architektonisches Wunderwerk, das sich harmonisch in die umgebende Landschaft einf\u00fcgt. Sonberk ist stolz darauf, einige der hochwertigsten Trauben der Tschechischen Republik anzubauen. Aus diesen stammen einige [&hellip;]<\/p>\n","protected":false},"author":1,"featured_media":0,"parent":2911,"menu_order":0,"comment_status":"closed","ping_status":"closed","template":"tpl-location.php","meta":{"_acf_changed":false,"footnotes":""},"acf":{"address":"Sonberk 393, 691 27 Popice, Czechia","location_type":"beauty","map_link":"https:\/\/www.google.com\/maps\/place\/Sonberk\/@48.927488,16.6933179,15z\/data=!4m5!3m4!1s0x0:0xe616ee301bd9ca96!8m2!3d48.927488!4d16.6933179","trip_advisor":"https:\/\/www.tripadvisor.com\/Attraction_Review-g3819945-d3819947-Reviews-Sonberk-Popice_South_Moravian_Region_Moravia.html","coordinates":{"latitude":"48.927488","longitude":"16.6933179"},"charging_stations":[{"charging_station":"Stara Posta 750 (29.1km \/ 32 min)"}]},"aioseo_notices":[],"_links":{"self":[{"href":"https:\/\/nissantravelguide.com\/de\/wp-json\/wp\/v2\/pages\/3898"}],"collection":[{"href":"https:\/\/nissantravelguide.com\/de\/wp-json\/wp\/v2\/pages"}],"about":[{"href":"https:\/\/nissantravelguide.com\/de\/wp-json\/wp\/v2\/types\/page"}],"author":[{"embeddable":true,"href":"https:\/\/nissantravelguide.com\/de\/wp-json\/wp\/v2\/users\/1"}],"replies":[{"embeddable":true,"href":"https:\/\/nissantravelguide.com\/de\/wp-json\/wp\/v2\/comments?post=3898"}],"version-history":[{"count":0,"href":"https:\/\/nissantravelguide.com\/de\/wp-json\/wp\/v2\/pages\/3898\/revisions"}],"up":[{"embeddable":true,"href":"https:\/\/nissantravelguide.com\/de\/wp-json\/wp\/v2\/pages\/2911"}],"wp:attachment":[{"href":"https:\/\/nissantravelguide.com\/de\/wp-json\/wp\/v2\/media?parent=3898"}],"curies":[{"name":"wp","href":"https:\/\/api.w.org\/{rel}","templated":true}]}}