{"id":3899,"date":"2022-12-12T08:55:25","date_gmt":"2022-12-12T08:55:25","guid":{"rendered":"https:\/\/nissantravelguide.com\/prag\/sonnentor\/"},"modified":"2022-12-12T08:55:25","modified_gmt":"2022-12-12T08:55:25","slug":"sonnentor","status":"publish","type":"page","link":"https:\/\/nissantravelguide.com\/de\/prag\/sonnentor\/","title":{"rendered":"Sonnentor"},"content":{"rendered":"<p class=\"p1\">Entdecken Sie die einzigartigen Geschm\u00e4cker und Aromen feiner Tees, Gew\u00fcrze und Kr\u00e4uter bei Sonnentor, einem der \u00e4ltesten Bio-Unternehmen der Tschechischen Republik. Sonnentor verkauft nicht nur fair gehandelte und klimaneutrale Produkte, sondern bietet auch ausf\u00fchrliche F\u00fchrungen durch seine Tee- und Gew\u00fcrzverarbeitungsanlagen an\u00a0\u2013 so k\u00f6nnen Sie die Entstehung Ihrer Lieblingsteebeutel aus erster Hand miterleben!<\/p>\n","protected":false},"excerpt":{"rendered":"<p>Entdecken Sie die einzigartigen Geschm\u00e4cker und Aromen feiner Tees, Gew\u00fcrze und Kr\u00e4uter bei Sonnentor, einem der \u00e4ltesten Bio-Unternehmen der Tschechischen Republik. Sonnentor verkauft nicht nur fair gehandelte und klimaneutrale Produkte, sondern bietet auch ausf\u00fchrliche F\u00fchrungen durch seine Tee- und Gew\u00fcrzverarbeitungsanlagen an\u00a0\u2013 so k\u00f6nnen Sie die Entstehung Ihrer Lieblingsteebeutel aus erster Hand miterleben!<\/p>\n","protected":false},"author":1,"featured_media":3656,"parent":2911,"menu_order":0,"comment_status":"closed","ping_status":"closed","template":"tpl-location.php","meta":{"_acf_changed":false,"footnotes":""},"acf":{"address":"P\u0159\u00edhon 943, 696 15 \u010cejkovice, Czechia","location_type":"beauty","map_link":"https:\/\/www.google.com\/maps\/place\/Sonnentor+s.r.o.\/@48.9023209,16.9448633,17z\/data=!3m1!4b1!4m5!3m4!1s0x4712d7bfa2136867:0x3a03e1f6c6183136!8m2!3d48.9023209!4d16.947052?shorturl=1","trip_advisor":"https:\/\/www.tripadvisor.com\/Attraction_Review-g4591497-d10412446-Reviews-SONNENTOR_Experience-Cejkovice_South_Moravian_Region_Moravia.html","coordinates":{"latitude":"48.9023209","longitude":"16.9448633"},"charging_stations":[{"charging_station":"Stara Posta 750 (50.6km \/ 45 min)"}]},"aioseo_notices":[],"_links":{"self":[{"href":"https:\/\/nissantravelguide.com\/de\/wp-json\/wp\/v2\/pages\/3899"}],"collection":[{"href":"https:\/\/nissantravelguide.com\/de\/wp-json\/wp\/v2\/pages"}],"about":[{"href":"https:\/\/nissantravelguide.com\/de\/wp-json\/wp\/v2\/types\/page"}],"author":[{"embeddable":true,"href":"https:\/\/nissantravelguide.com\/de\/wp-json\/wp\/v2\/users\/1"}],"replies":[{"embeddable":true,"href":"https:\/\/nissantravelguide.com\/de\/wp-json\/wp\/v2\/comments?post=3899"}],"version-history":[{"count":0,"href":"https:\/\/nissantravelguide.com\/de\/wp-json\/wp\/v2\/pages\/3899\/revisions"}],"up":[{"embeddable":true,"href":"https:\/\/nissantravelguide.com\/de\/wp-json\/wp\/v2\/pages\/2911"}],"wp:featuredmedia":[{"embeddable":true,"href":"https:\/\/nissantravelguide.com\/de\/wp-json\/wp\/v2\/media\/3656"}],"wp:attachment":[{"href":"https:\/\/nissantravelguide.com\/de\/wp-json\/wp\/v2\/media?parent=3899"}],"curies":[{"name":"wp","href":"https:\/\/api.w.org\/{rel}","templated":true}]}}