{"id":3901,"date":"2022-12-12T08:56:49","date_gmt":"2022-12-12T08:56:49","guid":{"rendered":"https:\/\/nissantravelguide.com\/wien\/boutiquehotel-stadthalle\/"},"modified":"2022-12-12T08:56:49","modified_gmt":"2022-12-12T08:56:49","slug":"boutiquehotel-stadthalle","status":"publish","type":"page","link":"https:\/\/nissantravelguide.com\/de\/wien\/boutiquehotel-stadthalle\/","title":{"rendered":"Boutiquehotel Stadthalle"},"content":{"rendered":"<p class=\"p1\">Nur wenige Gehminuten von der Wiener\u00a0Stadthalle Arena und der Wiener Innenstadt entfernt, ist das Boutiquehotel\u00a0Stadthalle das erste Hotel in Wien mit Null-Energie-Bilanz. Als ein Hotel, das Umweltbewusstsein ernst nimmt, produziert das Haus das ganze Jahr \u00fcber seinen eigenen sauberen Strom. Das Hotel verf\u00fcgt nicht nur \u00fcber einen Garten im Innenhof, sondern auch \u00fcber ein Lavendeldach, auf dem Bienen leben. Sie produzieren den Honig, den das Hotel serviert.<\/p>\n","protected":false},"excerpt":{"rendered":"<p>Nur wenige Gehminuten von der Wiener\u00a0Stadthalle Arena und der Wiener Innenstadt entfernt, ist das Boutiquehotel\u00a0Stadthalle das erste Hotel in Wien mit Null-Energie-Bilanz. Als ein Hotel, das Umweltbewusstsein ernst nimmt, produziert das Haus das ganze Jahr \u00fcber seinen eigenen sauberen Strom. Das Hotel verf\u00fcgt nicht nur \u00fcber einen Garten im Innenhof, sondern auch \u00fcber ein Lavendeldach, [&hellip;]<\/p>\n","protected":false},"author":1,"featured_media":3704,"parent":2914,"menu_order":0,"comment_status":"closed","ping_status":"closed","template":"tpl-location.php","meta":{"_acf_changed":false,"footnotes":""},"acf":{"address":"Hackengasse 20, 1150 Wien, Austria","location_type":"hotel","map_link":"https:\/\/www.google.com\/maps\/place\/Boutiquehotel+Stadthalle\/@48.1992118,16.3338114,17z\/data=!4m8!3m7!1s0x476d07f6e066d5d7:0xb21eb629e546beaf!5m2!4m1!1i2!8m2!3d48.1991774!4d16.3337591","trip_advisor":"https:\/\/www.tripadvisor.co.uk\/Hotel_Review-g190454-d229702-Reviews-Boutiquehotel_Stadthalle-Vienna.html","coordinates":{"latitude":"48.1992118","longitude":"16.3338114"},"charging_stations":[{"charging_station":"Type 2 (3.7kW): Europaplatz 2\/4\/3, 1150 Wien (1.7km \/ 6 min)"}]},"aioseo_notices":[],"_links":{"self":[{"href":"https:\/\/nissantravelguide.com\/de\/wp-json\/wp\/v2\/pages\/3901"}],"collection":[{"href":"https:\/\/nissantravelguide.com\/de\/wp-json\/wp\/v2\/pages"}],"about":[{"href":"https:\/\/nissantravelguide.com\/de\/wp-json\/wp\/v2\/types\/page"}],"author":[{"embeddable":true,"href":"https:\/\/nissantravelguide.com\/de\/wp-json\/wp\/v2\/users\/1"}],"replies":[{"embeddable":true,"href":"https:\/\/nissantravelguide.com\/de\/wp-json\/wp\/v2\/comments?post=3901"}],"version-history":[{"count":0,"href":"https:\/\/nissantravelguide.com\/de\/wp-json\/wp\/v2\/pages\/3901\/revisions"}],"up":[{"embeddable":true,"href":"https:\/\/nissantravelguide.com\/de\/wp-json\/wp\/v2\/pages\/2914"}],"wp:featuredmedia":[{"embeddable":true,"href":"https:\/\/nissantravelguide.com\/de\/wp-json\/wp\/v2\/media\/3704"}],"wp:attachment":[{"href":"https:\/\/nissantravelguide.com\/de\/wp-json\/wp\/v2\/media?parent=3901"}],"curies":[{"name":"wp","href":"https:\/\/api.w.org\/{rel}","templated":true}]}}