{"id":3902,"date":"2022-12-12T08:57:03","date_gmt":"2022-12-12T08:57:03","guid":{"rendered":"https:\/\/nissantravelguide.com\/wien\/habibi-hawara\/"},"modified":"2023-01-23T14:18:10","modified_gmt":"2023-01-23T14:18:10","slug":"habibi-hawara","status":"publish","type":"page","link":"https:\/\/nissantravelguide.com\/de\/wien\/habibi-hawara\/","title":{"rendered":"Habibi &#038; Hawara"},"content":{"rendered":"<p class=\"p1\">Das \u00f6sterreichisch-orientalische Fusion-Restaurant wurde 2016 mit dem Wunsch er\u00f6ffnet, Menschen mit Fl\u00fcchtlings- und Migrationshintergrund neue M\u00f6glichkeiten zu bieten. Seitdem ist es auf f\u00fcnf Standorte in Wien gewachsen. Wenn Sie Lust auf eine Mahlzeit mit Zutaten aus allen Teilen des Nahen Ostens und dem Charme Wiens haben, dann ist das Habibi\u00a0&amp;\u00a0Hawara der richtige Ort f\u00fcr Sie.<\/p>\n","protected":false},"excerpt":{"rendered":"<p>Das \u00f6sterreichisch-orientalische Fusion-Restaurant wurde 2016 mit dem Wunsch er\u00f6ffnet, Menschen mit Fl\u00fcchtlings- und Migrationshintergrund neue M\u00f6glichkeiten zu bieten. Seitdem ist es auf f\u00fcnf Standorte in Wien gewachsen. Wenn Sie Lust auf eine Mahlzeit mit Zutaten aus allen Teilen des Nahen Ostens und dem Charme Wiens haben, dann ist das Habibi\u00a0&amp;\u00a0Hawara der richtige Ort f\u00fcr Sie.<\/p>\n","protected":false},"author":1,"featured_media":3739,"parent":2914,"menu_order":0,"comment_status":"closed","ping_status":"closed","template":"tpl-location.php","meta":{"_acf_changed":false,"footnotes":""},"acf":{"address":"Wipplingerstra\u00dfe 29, 1010 Wien, Austria","location_type":"restaurant","map_link":"https:\/\/www.google.co.uk\/maps\/place\/Habibi+%26+Hawara\/@48.2134283,16.2353361,12z\/data=!3m1!5s0x476d07bd2b2cdf55:0x367ee4931d29fdb0!4m9!1m2!2m1!1sHabibi+%26+Hawara!3m5!1s0x476d07bd2ad65fc5:0xac955d0151587a68!8m2!3d48.2134283!4d16.367172!15sCg9IYWJpYmkgJiBIYXdhcmEiA4gBAVoRIg9oYWJpYmkgJiBoYXdhcmGSARltaWRkbGVfZWFzdGVybl9yZXN0YXVyYW504AEA","trip_advisor":"https:\/\/www.tripadvisor.com\/Restaurant_Review-g190454-d10303176-Reviews-or15-Habibi_Hawara-Vienna.html","coordinates":{"latitude":"48.2134283","longitude":"16.2353361"},"charging_stations":[{"charging_station":"Type 2 (3.7kW): Europaplatz 2\/4\/3, 1150 Wien (2.1km \/ 9 min)"}]},"aioseo_notices":[],"_links":{"self":[{"href":"https:\/\/nissantravelguide.com\/de\/wp-json\/wp\/v2\/pages\/3902"}],"collection":[{"href":"https:\/\/nissantravelguide.com\/de\/wp-json\/wp\/v2\/pages"}],"about":[{"href":"https:\/\/nissantravelguide.com\/de\/wp-json\/wp\/v2\/types\/page"}],"author":[{"embeddable":true,"href":"https:\/\/nissantravelguide.com\/de\/wp-json\/wp\/v2\/users\/1"}],"replies":[{"embeddable":true,"href":"https:\/\/nissantravelguide.com\/de\/wp-json\/wp\/v2\/comments?post=3902"}],"version-history":[{"count":1,"href":"https:\/\/nissantravelguide.com\/de\/wp-json\/wp\/v2\/pages\/3902\/revisions"}],"predecessor-version":[{"id":4529,"href":"https:\/\/nissantravelguide.com\/de\/wp-json\/wp\/v2\/pages\/3902\/revisions\/4529"}],"up":[{"embeddable":true,"href":"https:\/\/nissantravelguide.com\/de\/wp-json\/wp\/v2\/pages\/2914"}],"wp:featuredmedia":[{"embeddable":true,"href":"https:\/\/nissantravelguide.com\/de\/wp-json\/wp\/v2\/media\/3739"}],"wp:attachment":[{"href":"https:\/\/nissantravelguide.com\/de\/wp-json\/wp\/v2\/media?parent=3902"}],"curies":[{"name":"wp","href":"https:\/\/api.w.org\/{rel}","templated":true}]}}