{"id":3903,"date":"2022-12-12T08:57:15","date_gmt":"2022-12-12T08:57:15","guid":{"rendered":"https:\/\/nissantravelguide.com\/wien\/luftburg-kolarik\/"},"modified":"2022-12-12T08:57:15","modified_gmt":"2022-12-12T08:57:15","slug":"luftburg-kolarik","status":"publish","type":"page","link":"https:\/\/nissantravelguide.com\/de\/wien\/luftburg-kolarik\/","title":{"rendered":"Luftburg Kolarik"},"content":{"rendered":"<p class=\"p1\">Genie\u00dfen Sie traditionelle \u00f6sterreichische K\u00fcche inmitten des Prater, des ber\u00fchmten Wiener Vergn\u00fcgungsparks. \u00d6kologische und soziale Nachhaltigkeit ist ein wesentlicher Bestandteil des gr\u00f6\u00dften vollst\u00e4ndig zertifizierten Bio-Restaurants der Welt. Von un\u00fcbersehbaren Gerichten bis hin zu einem Spielbereich f\u00fcr Kinder gibt es f\u00fcr jeden etwas, das ein L\u00e4cheln ins Gesicht zaubert. Machen Sie sich also auf den Weg zur Luftburg\u00a0Kolarik und genie\u00dfen Sie ein familienfreundliches Erlebnis!<\/p>\n","protected":false},"excerpt":{"rendered":"<p>Genie\u00dfen Sie traditionelle \u00f6sterreichische K\u00fcche inmitten des Prater, des ber\u00fchmten Wiener Vergn\u00fcgungsparks. \u00d6kologische und soziale Nachhaltigkeit ist ein wesentlicher Bestandteil des gr\u00f6\u00dften vollst\u00e4ndig zertifizierten Bio-Restaurants der Welt. Von un\u00fcbersehbaren Gerichten bis hin zu einem Spielbereich f\u00fcr Kinder gibt es f\u00fcr jeden etwas, das ein L\u00e4cheln ins Gesicht zaubert. Machen Sie sich also auf den Weg [&hellip;]<\/p>\n","protected":false},"author":1,"featured_media":3769,"parent":2914,"menu_order":0,"comment_status":"closed","ping_status":"closed","template":"tpl-location.php","meta":{"_acf_changed":false,"footnotes":""},"acf":{"address":"Prater, Waldsteingartenstra\u00dfe 128, 1020 Wien, Austria","location_type":"restaurant","map_link":"https:\/\/www.google.com\/maps\/place\/Luftburg+-+Kolarik+im+Prater\/@48.2133015,16.4031243,17z\/data=!3m1!4b1!4m5!3m4!1s0x476d0716d5e2df85:0x5f2720405b0a6139!8m2!3d48.2133015!4d16.4031243","trip_advisor":"https:\/\/www.tripadvisor.co.uk\/Restaurant_Review-g190454-d1788654-Reviews-Luftburg_Kolarik_im_Prater-Vienna.html","coordinates":{"latitude":"48.2133015","longitude":"16.4031243"},"charging_stations":[{"charging_station":"1 Messeplatz Wien 1020 (750m \/ 3 min)"}]},"aioseo_notices":[],"_links":{"self":[{"href":"https:\/\/nissantravelguide.com\/de\/wp-json\/wp\/v2\/pages\/3903"}],"collection":[{"href":"https:\/\/nissantravelguide.com\/de\/wp-json\/wp\/v2\/pages"}],"about":[{"href":"https:\/\/nissantravelguide.com\/de\/wp-json\/wp\/v2\/types\/page"}],"author":[{"embeddable":true,"href":"https:\/\/nissantravelguide.com\/de\/wp-json\/wp\/v2\/users\/1"}],"replies":[{"embeddable":true,"href":"https:\/\/nissantravelguide.com\/de\/wp-json\/wp\/v2\/comments?post=3903"}],"version-history":[{"count":0,"href":"https:\/\/nissantravelguide.com\/de\/wp-json\/wp\/v2\/pages\/3903\/revisions"}],"up":[{"embeddable":true,"href":"https:\/\/nissantravelguide.com\/de\/wp-json\/wp\/v2\/pages\/2914"}],"wp:featuredmedia":[{"embeddable":true,"href":"https:\/\/nissantravelguide.com\/de\/wp-json\/wp\/v2\/media\/3769"}],"wp:attachment":[{"href":"https:\/\/nissantravelguide.com\/de\/wp-json\/wp\/v2\/media?parent=3903"}],"curies":[{"name":"wp","href":"https:\/\/api.w.org\/{rel}","templated":true}]}}