{"id":3904,"date":"2022-12-12T08:57:28","date_gmt":"2022-12-12T08:57:28","guid":{"rendered":"https:\/\/nissantravelguide.com\/wien\/palmenhaus\/"},"modified":"2022-12-12T08:57:28","modified_gmt":"2022-12-12T08:57:28","slug":"palmenhaus","status":"publish","type":"page","link":"https:\/\/nissantravelguide.com\/de\/wien\/palmenhaus\/","title":{"rendered":"Palmenhaus"},"content":{"rendered":"<p class=\"p1\">Im Palmenhaus\u00a0\u2013 einem ehemaligen Gew\u00e4chshaus, das f\u00fcr die Kaiser der Nation gebaut wurde \u2013 wandeln Sie auf den Spuren der \u00f6sterreichischen Kaiser. Heute ist das Palmenhaus ein Caf\u00e9, eine Bar und eine Lounge\u00a0und verw\u00f6hnt Sie mit einer Auswahl an \u00f6sterreichischen und internationalen Gerichten. Vers\u00e4umen Sie dabei auf keinen Fall, das Schmetterlinghaus zu besuchen. Vielleicht sto\u00dfen Sie bei einem Spaziergang durch die gr\u00fcne Oase sogar auf die wei\u00dfen Pferde der Spanischen Hofreitschule.<\/p>\n","protected":false},"excerpt":{"rendered":"<p>Im Palmenhaus\u00a0\u2013 einem ehemaligen Gew\u00e4chshaus, das f\u00fcr die Kaiser der Nation gebaut wurde \u2013 wandeln Sie auf den Spuren der \u00f6sterreichischen Kaiser. Heute ist das Palmenhaus ein Caf\u00e9, eine Bar und eine Lounge\u00a0und verw\u00f6hnt Sie mit einer Auswahl an \u00f6sterreichischen und internationalen Gerichten. Vers\u00e4umen Sie dabei auf keinen Fall, das Schmetterlinghaus zu besuchen. Vielleicht sto\u00dfen [&hellip;]<\/p>\n","protected":false},"author":1,"featured_media":3799,"parent":2914,"menu_order":0,"comment_status":"closed","ping_status":"closed","template":"tpl-location.php","meta":{"_acf_changed":false,"footnotes":""},"acf":{"address":"Burggarten 1, 1010 Wien, Austria","location_type":"restaurant","map_link":"https:\/\/www.google.com\/maps\/place\/Brasserie+Palmenhaus+Wien\/@48.2051071,16.3645346,17z\/data=!3m1!4b1!4m5!3m4!1s0x476da7e17fff0d83:0x1755573d1d568b9d!8m2!3d48.2051027!4d16.3667273","trip_advisor":"https:\/\/www.tripadvisor.co.uk\/Restaurant_Review-g190454-d928973-Reviews-Palmenhaus-Vienna.html","coordinates":{"latitude":"48.2051071","longitude":"16.3645346"},"charging_stations":[{"charging_station":"Type 2 (11.1kW): Haidingergasse 16, 1030 Wien (3.6km \/ 15 min) "}]},"aioseo_notices":[],"_links":{"self":[{"href":"https:\/\/nissantravelguide.com\/de\/wp-json\/wp\/v2\/pages\/3904"}],"collection":[{"href":"https:\/\/nissantravelguide.com\/de\/wp-json\/wp\/v2\/pages"}],"about":[{"href":"https:\/\/nissantravelguide.com\/de\/wp-json\/wp\/v2\/types\/page"}],"author":[{"embeddable":true,"href":"https:\/\/nissantravelguide.com\/de\/wp-json\/wp\/v2\/users\/1"}],"replies":[{"embeddable":true,"href":"https:\/\/nissantravelguide.com\/de\/wp-json\/wp\/v2\/comments?post=3904"}],"version-history":[{"count":0,"href":"https:\/\/nissantravelguide.com\/de\/wp-json\/wp\/v2\/pages\/3904\/revisions"}],"up":[{"embeddable":true,"href":"https:\/\/nissantravelguide.com\/de\/wp-json\/wp\/v2\/pages\/2914"}],"wp:featuredmedia":[{"embeddable":true,"href":"https:\/\/nissantravelguide.com\/de\/wp-json\/wp\/v2\/media\/3799"}],"wp:attachment":[{"href":"https:\/\/nissantravelguide.com\/de\/wp-json\/wp\/v2\/media?parent=3904"}],"curies":[{"name":"wp","href":"https:\/\/api.w.org\/{rel}","templated":true}]}}