{"id":3905,"date":"2022-12-12T08:57:58","date_gmt":"2022-12-12T08:57:58","guid":{"rendered":"https:\/\/nissantravelguide.com\/wien\/nationalpark-donau-auen\/"},"modified":"2022-12-12T08:57:58","modified_gmt":"2022-12-12T08:57:58","slug":"nationalpark-donau-auen","status":"publish","type":"page","link":"https:\/\/nissantravelguide.com\/de\/wien\/nationalpark-donau-auen\/","title":{"rendered":"Nationalpark Donau-Auen"},"content":{"rendered":"<p class=\"p1\">Naturliebhaber kommen im Nationalpark Donau-Auen auf ihre Kosten. Die Sch\u00f6nheit der 9.600\u00a0Hektar gro\u00dfen Landschaft ist schon Grund genug f\u00fcr einen Besuch, aber der Park bietet auch eine Reihe von F\u00fchrungen an, bei denen man das gr\u00f6\u00dfte nat\u00fcrliche Auengebiet Mitteleuropas mit seinen gef\u00e4hrdeten Pflanzen und Tieren noch genauer entdecken kann. Es verbindet wie ein gr\u00fcnes Band Wien und Bratislava und wird vom praktisch nat\u00fcrlichen Flusslauf der Donau entscheidend gepr\u00e4gt.<\/p>\n","protected":false},"excerpt":{"rendered":"<p>Naturliebhaber kommen im Nationalpark Donau-Auen auf ihre Kosten. Die Sch\u00f6nheit der 9.600\u00a0Hektar gro\u00dfen Landschaft ist schon Grund genug f\u00fcr einen Besuch, aber der Park bietet auch eine Reihe von F\u00fchrungen an, bei denen man das gr\u00f6\u00dfte nat\u00fcrliche Auengebiet Mitteleuropas mit seinen gef\u00e4hrdeten Pflanzen und Tieren noch genauer entdecken kann. Es verbindet wie ein gr\u00fcnes Band [&hellip;]<\/p>\n","protected":false},"author":1,"featured_media":3729,"parent":2914,"menu_order":0,"comment_status":"closed","ping_status":"closed","template":"tpl-location.php","meta":{"_acf_changed":false,"footnotes":""},"acf":{"address":"Schlo\u00dfpl. 1, 2304 Orth an der Donau, Austria","location_type":"beauty","map_link":"https:\/\/www.google.com\/maps\/place\/Danube-Auen+National+Park\/@48.1447168,16.7004541,17z\/data=!3m1!4b1!4m5!3m4!1s0x476cf81537095a4d:0xabe9b89748410546!8m2!3d48.1447168!4d16.7004541","trip_advisor":"https:\/\/www.tripadvisor.com\/ShowUserReviews-g1071607-d3520193-r479188659-Nationalpark_Donau_Auen-Orth_an_der_Donau_Lower_Austria.html","coordinates":{"latitude":"48.1447168","longitude":"16.7004541"},"charging_stations":[{"charging_station":"2304 Orth an der Donau (71m \/ 1 min)"}]},"aioseo_notices":[],"_links":{"self":[{"href":"https:\/\/nissantravelguide.com\/de\/wp-json\/wp\/v2\/pages\/3905"}],"collection":[{"href":"https:\/\/nissantravelguide.com\/de\/wp-json\/wp\/v2\/pages"}],"about":[{"href":"https:\/\/nissantravelguide.com\/de\/wp-json\/wp\/v2\/types\/page"}],"author":[{"embeddable":true,"href":"https:\/\/nissantravelguide.com\/de\/wp-json\/wp\/v2\/users\/1"}],"replies":[{"embeddable":true,"href":"https:\/\/nissantravelguide.com\/de\/wp-json\/wp\/v2\/comments?post=3905"}],"version-history":[{"count":0,"href":"https:\/\/nissantravelguide.com\/de\/wp-json\/wp\/v2\/pages\/3905\/revisions"}],"up":[{"embeddable":true,"href":"https:\/\/nissantravelguide.com\/de\/wp-json\/wp\/v2\/pages\/2914"}],"wp:featuredmedia":[{"embeddable":true,"href":"https:\/\/nissantravelguide.com\/de\/wp-json\/wp\/v2\/media\/3729"}],"wp:attachment":[{"href":"https:\/\/nissantravelguide.com\/de\/wp-json\/wp\/v2\/media?parent=3905"}],"curies":[{"name":"wp","href":"https:\/\/api.w.org\/{rel}","templated":true}]}}