{"id":3907,"date":"2022-12-12T08:59:42","date_gmt":"2022-12-12T08:59:42","guid":{"rendered":"https:\/\/nissantravelguide.com\/wien\/botanischer-garten-in-hirschstetten\/"},"modified":"2022-12-12T08:59:42","modified_gmt":"2022-12-12T08:59:42","slug":"botanischer-garten-in-hirschstetten","status":"publish","type":"page","link":"https:\/\/nissantravelguide.com\/de\/wien\/botanischer-garten-in-hirschstetten\/","title":{"rendered":"Botanischer Garten in Hirschstetten"},"content":{"rendered":"<p class=\"p1\">Der spektakul\u00e4re botanische Globus in den Botanischen G\u00e4rten von Hirschstetten bietet eine Vielzahl von Themeng\u00e4rten, wie die indischen, mexikanischen, Liebes- oder Filmstadtg\u00e4rten. Die G\u00e4rten dienen auch ihrem traditionellen Zweck, Blumen und Str\u00e4ucher f\u00fcr Wiens umfangreiches Bepflanzungsprogramm in Stadtparks und anderen Orten zu beschaffen \u2013 und bringen zus\u00e4tzliches Gr\u00fcn in eine ohnehin malerische Stadt.<\/p>\n","protected":false},"excerpt":{"rendered":"<p>Der spektakul\u00e4re botanische Globus in den Botanischen G\u00e4rten von Hirschstetten bietet eine Vielzahl von Themeng\u00e4rten, wie die indischen, mexikanischen, Liebes- oder Filmstadtg\u00e4rten. Die G\u00e4rten dienen auch ihrem traditionellen Zweck, Blumen und Str\u00e4ucher f\u00fcr Wiens umfangreiches Bepflanzungsprogramm in Stadtparks und anderen Orten zu beschaffen \u2013 und bringen zus\u00e4tzliches Gr\u00fcn in eine ohnehin malerische Stadt.<\/p>\n","protected":false},"author":1,"featured_media":3744,"parent":2914,"menu_order":0,"comment_status":"closed","ping_status":"closed","template":"tpl-location.php","meta":{"_acf_changed":false,"footnotes":""},"acf":{"address":"1220 Vienna","location_type":"beauty","map_link":"https:\/\/www.google.com\/maps\/place\/Hirschstetten,+1220+Vienna,+Austria\/@48.2545308,16.4460732,13z\/data=!3m1!4b1!4m5!3m4!1s0x476d01586704d015:0x921981464363113a!8m2!3d48.2514298!4d16.4773321?shorturl=1","trip_advisor":"https:\/\/www.tripadvisor.co.uk\/Attraction_Review-g190454-d3559599-Reviews-Blumengaerten_Hirschstetten-Vienna.html","coordinates":{"latitude":"48.2545308","longitude":"16.4460732"},"charging_stations":[{"charging_station":"1 Messeplatz Wien 1020 (9.7km \/ 16 min)"}]},"aioseo_notices":[],"_links":{"self":[{"href":"https:\/\/nissantravelguide.com\/de\/wp-json\/wp\/v2\/pages\/3907"}],"collection":[{"href":"https:\/\/nissantravelguide.com\/de\/wp-json\/wp\/v2\/pages"}],"about":[{"href":"https:\/\/nissantravelguide.com\/de\/wp-json\/wp\/v2\/types\/page"}],"author":[{"embeddable":true,"href":"https:\/\/nissantravelguide.com\/de\/wp-json\/wp\/v2\/users\/1"}],"replies":[{"embeddable":true,"href":"https:\/\/nissantravelguide.com\/de\/wp-json\/wp\/v2\/comments?post=3907"}],"version-history":[{"count":0,"href":"https:\/\/nissantravelguide.com\/de\/wp-json\/wp\/v2\/pages\/3907\/revisions"}],"up":[{"embeddable":true,"href":"https:\/\/nissantravelguide.com\/de\/wp-json\/wp\/v2\/pages\/2914"}],"wp:featuredmedia":[{"embeddable":true,"href":"https:\/\/nissantravelguide.com\/de\/wp-json\/wp\/v2\/media\/3744"}],"wp:attachment":[{"href":"https:\/\/nissantravelguide.com\/de\/wp-json\/wp\/v2\/media?parent=3907"}],"curies":[{"name":"wp","href":"https:\/\/api.w.org\/{rel}","templated":true}]}}