{"id":3908,"date":"2022-12-12T09:00:14","date_gmt":"2022-12-12T09:00:14","guid":{"rendered":"https:\/\/nissantravelguide.com\/wien\/wiener-staatsoper\/"},"modified":"2022-12-12T09:00:14","modified_gmt":"2022-12-12T09:00:14","slug":"wiener-staatsoper","status":"publish","type":"page","link":"https:\/\/nissantravelguide.com\/de\/wien\/wiener-staatsoper\/","title":{"rendered":"Wiener Staatsoper"},"content":{"rendered":"<p class=\"p1\">Das weltber\u00fchmte Opernhaus, die Wiener Staatsoper, blickt auf eine traditionsreiche Vergangenheit zur\u00fcck. Pro Saison sind hier rund 350\u00a0Auff\u00fchrungen von mehr als 60\u00a0verschiedenen Opern und Balletten zu sehen. Jeden Abend k\u00f6nnen Sie K\u00fcnstler von Weltrang auf der B\u00fchne und am Dirigentenpult erleben. Begleitet werden sie von einem der weltbesten Orchester: dem Orchester der Wiener Staatsoper, dessen Mitglieder auch die Wiener Philharmoniker bilden.<\/p>\n","protected":false},"excerpt":{"rendered":"<p>Das weltber\u00fchmte Opernhaus, die Wiener Staatsoper, blickt auf eine traditionsreiche Vergangenheit zur\u00fcck. Pro Saison sind hier rund 350\u00a0Auff\u00fchrungen von mehr als 60\u00a0verschiedenen Opern und Balletten zu sehen. Jeden Abend k\u00f6nnen Sie K\u00fcnstler von Weltrang auf der B\u00fchne und am Dirigentenpult erleben. Begleitet werden sie von einem der weltbesten Orchester: dem Orchester der Wiener Staatsoper, dessen [&hellip;]<\/p>\n","protected":false},"author":1,"featured_media":3824,"parent":2914,"menu_order":0,"comment_status":"closed","ping_status":"closed","template":"tpl-location.php","meta":{"_acf_changed":false,"footnotes":""},"acf":{"address":"Opernring 2, 1010 Wien, Austria","location_type":"interest","map_link":"https:\/\/www.google.com\/maps\/place\/Vienna+Operahouse\/@48.2033188,16.3697379,17z\/data=!3m1!4b1!4m5!3m4!1s0x476d079c861dbfd5:0xfd59268d25377d56!8m2!3d48.2033188!4d16.3697379","trip_advisor":"https:\/\/www.tripadvisor.co.uk\/Attraction_Review-g190454-d194164-Reviews-Wiener_Staatsoper-Vienna.html","coordinates":{"latitude":"48.2033188","longitude":"16.3697379"},"charging_stations":[{"charging_station":"Type 2 (11.1kW): Haidingergrasse 16, 1030 Wien (3.1km \/ 13 min)"}]},"aioseo_notices":[],"_links":{"self":[{"href":"https:\/\/nissantravelguide.com\/de\/wp-json\/wp\/v2\/pages\/3908"}],"collection":[{"href":"https:\/\/nissantravelguide.com\/de\/wp-json\/wp\/v2\/pages"}],"about":[{"href":"https:\/\/nissantravelguide.com\/de\/wp-json\/wp\/v2\/types\/page"}],"author":[{"embeddable":true,"href":"https:\/\/nissantravelguide.com\/de\/wp-json\/wp\/v2\/users\/1"}],"replies":[{"embeddable":true,"href":"https:\/\/nissantravelguide.com\/de\/wp-json\/wp\/v2\/comments?post=3908"}],"version-history":[{"count":0,"href":"https:\/\/nissantravelguide.com\/de\/wp-json\/wp\/v2\/pages\/3908\/revisions"}],"up":[{"embeddable":true,"href":"https:\/\/nissantravelguide.com\/de\/wp-json\/wp\/v2\/pages\/2914"}],"wp:featuredmedia":[{"embeddable":true,"href":"https:\/\/nissantravelguide.com\/de\/wp-json\/wp\/v2\/media\/3824"}],"wp:attachment":[{"href":"https:\/\/nissantravelguide.com\/de\/wp-json\/wp\/v2\/media?parent=3908"}],"curies":[{"name":"wp","href":"https:\/\/api.w.org\/{rel}","templated":true}]}}