{"id":3909,"date":"2022-12-12T09:00:32","date_gmt":"2022-12-12T09:00:32","guid":{"rendered":"https:\/\/nissantravelguide.com\/wien\/mak-museum-fur-angewandte-kunste\/"},"modified":"2022-12-12T09:00:32","modified_gmt":"2022-12-12T09:00:32","slug":"mak-museum-fur-angewandte-kunste","status":"publish","type":"page","link":"https:\/\/nissantravelguide.com\/de\/wien\/mak-museum-fur-angewandte-kunste\/","title":{"rendered":"MAK\u00a0\u2013 Museum f\u00fcr angewandte K\u00fcnste"},"content":{"rendered":"<p class=\"p1\"><span class=\"s1\">Das 1863 gegr\u00fcndete MAK\u00a0\u2013 Museum f\u00fcr angewandte K\u00fcnste beherbergt eine einzigartige Objektsammlung aus der angewandten und zeitgen\u00f6ssischen Kunst, dem Bereich Design und Architektur. Das Museum verbindet Vergangenheit und Zukunft auf eindrucksvolle Weise. Davon k\u00f6nnen Sie sich beim Besuch der umfangreichen Sammlung, der gro\u00dfen Ausstellungss\u00e4le, der thematischen Sonderausstellungen und des abwechslungsreichen Veranstaltungsprogramms \u00fcberzeugen.<\/span><\/p>\n","protected":false},"excerpt":{"rendered":"<p>Das 1863 gegr\u00fcndete MAK\u00a0\u2013 Museum f\u00fcr angewandte K\u00fcnste beherbergt eine einzigartige Objektsammlung aus der angewandten und zeitgen\u00f6ssischen Kunst, dem Bereich Design und Architektur. Das Museum verbindet Vergangenheit und Zukunft auf eindrucksvolle Weise. Davon k\u00f6nnen Sie sich beim Besuch der umfangreichen Sammlung, der gro\u00dfen Ausstellungss\u00e4le, der thematischen Sonderausstellungen und des abwechslungsreichen Veranstaltungsprogramms \u00fcberzeugen.<\/p>\n","protected":false},"author":1,"featured_media":3779,"parent":2914,"menu_order":0,"comment_status":"closed","ping_status":"closed","template":"tpl-location.php","meta":{"_acf_changed":false,"footnotes":""},"acf":{"address":"Stubenring 5, 1010 Wien, Austria","location_type":"interest","map_link":"https:\/\/www.google.com\/maps\/place\/Museum+of+Applied+Arts\/@48.2076494,16.3795077,17z\/data=!3m1!4b1!4m5!3m4!1s0x476d077521e1b063:0xa501c28c5fde062f!8m2!3d48.2076458!4d16.3816964?shorturl=1","trip_advisor":"https:\/\/www.tripadvisor.co.uk\/Attraction_Review-g190454-d191395-Reviews-MAK_Austrian_Museum_of_Applied_Arts_Contemporary_Art-Vienna.html","coordinates":{"latitude":"48.2076494","longitude":"16.3795077"},"charging_stations":[{"charging_station":"Type 2 (11.1kW): Haidingergrasse 16, 1030 Wien(2.3km \/ 9 min)"}]},"aioseo_notices":[],"_links":{"self":[{"href":"https:\/\/nissantravelguide.com\/de\/wp-json\/wp\/v2\/pages\/3909"}],"collection":[{"href":"https:\/\/nissantravelguide.com\/de\/wp-json\/wp\/v2\/pages"}],"about":[{"href":"https:\/\/nissantravelguide.com\/de\/wp-json\/wp\/v2\/types\/page"}],"author":[{"embeddable":true,"href":"https:\/\/nissantravelguide.com\/de\/wp-json\/wp\/v2\/users\/1"}],"replies":[{"embeddable":true,"href":"https:\/\/nissantravelguide.com\/de\/wp-json\/wp\/v2\/comments?post=3909"}],"version-history":[{"count":0,"href":"https:\/\/nissantravelguide.com\/de\/wp-json\/wp\/v2\/pages\/3909\/revisions"}],"up":[{"embeddable":true,"href":"https:\/\/nissantravelguide.com\/de\/wp-json\/wp\/v2\/pages\/2914"}],"wp:featuredmedia":[{"embeddable":true,"href":"https:\/\/nissantravelguide.com\/de\/wp-json\/wp\/v2\/media\/3779"}],"wp:attachment":[{"href":"https:\/\/nissantravelguide.com\/de\/wp-json\/wp\/v2\/media?parent=3909"}],"curies":[{"name":"wp","href":"https:\/\/api.w.org\/{rel}","templated":true}]}}