{"id":3911,"date":"2022-12-12T09:01:04","date_gmt":"2022-12-12T09:01:04","guid":{"rendered":"https:\/\/nissantravelguide.com\/wien\/vergnugungspark-prater-wien\/"},"modified":"2022-12-12T09:01:04","modified_gmt":"2022-12-12T09:01:04","slug":"vergnugungspark-prater-wien","status":"publish","type":"page","link":"https:\/\/nissantravelguide.com\/de\/wien\/vergnugungspark-prater-wien\/","title":{"rendered":"Vergn\u00fcgungspark Prater Wien"},"content":{"rendered":"<p class=\"p1\">Abenteuer, Tradition und Wiener Charme treffen im Vergn\u00fcgungspark Prater\u00a0Wien aufeinander. F\u00fcr einen Tag voller Nervenkitzel k\u00f6nnen Sie Achterbahnen, gruselige Geisterbahnen und Attraktionen aller Art erleben. Wer keine H\u00f6henangst hat, sollte eine Fahrt mit dem Wiener\u00a0Riesenrad unternehmen\u00a0\u2013 dem \u00e4ltesten noch in Betrieb befindlichen Riesenrad der Welt. Es bef\u00f6rdert Sie fast 65\u00a0Meter hoch in den Himmel.<\/p>\n","protected":false},"excerpt":{"rendered":"<p>Abenteuer, Tradition und Wiener Charme treffen im Vergn\u00fcgungspark Prater\u00a0Wien aufeinander. F\u00fcr einen Tag voller Nervenkitzel k\u00f6nnen Sie Achterbahnen, gruselige Geisterbahnen und Attraktionen aller Art erleben. Wer keine H\u00f6henangst hat, sollte eine Fahrt mit dem Wiener\u00a0Riesenrad unternehmen\u00a0\u2013 dem \u00e4ltesten noch in Betrieb befindlichen Riesenrad der Welt. Es bef\u00f6rdert Sie fast 65\u00a0Meter hoch in den Himmel.<\/p>\n","protected":false},"author":1,"featured_media":3814,"parent":2914,"menu_order":0,"comment_status":"closed","ping_status":"closed","template":"tpl-location.php","meta":{"_acf_changed":false,"footnotes":""},"acf":{"address":"1020 Vienna, Austria","location_type":"interest","map_link":"https:\/\/www.google.com\/maps\/place\/Prater\/@48.2167398,16.3980327,17z\/data=!3m1!4b1!4m5!3m4!1s0x476d073f4daba163:0xfce7699ce9a8b1f4!8m2!3d48.2167398!4d16.3980327","trip_advisor":"https:\/\/www.tripadvisor.co.uk\/Attraction_Review-g190454-d5966675-Reviews-Prater-Vienna.html","coordinates":{"latitude":"48.2167398","longitude":"16.3980327"},"charging_stations":[{"charging_station":"1 Messeplatz Wien 1020 (750m \/ 3 min)"}]},"aioseo_notices":[],"_links":{"self":[{"href":"https:\/\/nissantravelguide.com\/de\/wp-json\/wp\/v2\/pages\/3911"}],"collection":[{"href":"https:\/\/nissantravelguide.com\/de\/wp-json\/wp\/v2\/pages"}],"about":[{"href":"https:\/\/nissantravelguide.com\/de\/wp-json\/wp\/v2\/types\/page"}],"author":[{"embeddable":true,"href":"https:\/\/nissantravelguide.com\/de\/wp-json\/wp\/v2\/users\/1"}],"replies":[{"embeddable":true,"href":"https:\/\/nissantravelguide.com\/de\/wp-json\/wp\/v2\/comments?post=3911"}],"version-history":[{"count":0,"href":"https:\/\/nissantravelguide.com\/de\/wp-json\/wp\/v2\/pages\/3911\/revisions"}],"up":[{"embeddable":true,"href":"https:\/\/nissantravelguide.com\/de\/wp-json\/wp\/v2\/pages\/2914"}],"wp:featuredmedia":[{"embeddable":true,"href":"https:\/\/nissantravelguide.com\/de\/wp-json\/wp\/v2\/media\/3814"}],"wp:attachment":[{"href":"https:\/\/nissantravelguide.com\/de\/wp-json\/wp\/v2\/media?parent=3911"}],"curies":[{"name":"wp","href":"https:\/\/api.w.org\/{rel}","templated":true}]}}